{"id":115795,"date":"2022-05-16T00:00:00","date_gmt":"2022-05-15T22:00:00","guid":{"rendered":"http:\/\/gpl-love.com\/fr\/produit\/qoxag-wordpress-news-magazine-theme\/"},"modified":"2026-04-10T18:37:33","modified_gmt":"2026-04-10T16:37:33","slug":"qoxag-wordpress-news-magazine-theme","status":"publish","type":"product","link":"https:\/\/gpl-love.com\/fr\/produit\/qoxag-wordpress-news-magazine-theme\/","title":{"rendered":"Qoxag WordPress News Magazine Theme 2.0.3"},"content":{"rendered":"<h3>Qoxag WordPress News Magazine Theme Traits<\/h3>\n<p>Qoxag, sans aucun doute un th\u00e8me WordPress de magazine de premier ordre, poss\u00e8de une pl\u00e9thore de caract\u00e9ristiques remarquables m\u00e9ticuleusement con\u00e7ues pour faciliter la cr\u00e9ation d&rsquo;un site Web impressionnant sans transpirer. Son design \u00e9l\u00e9gant et contemporain, associ\u00e9 \u00e0 sa disposition r\u00e9active, fait de Qoxag une option impeccable pour les portails d&rsquo;information en ligne, les magazines et les blogs. Ce qui distingue Qoxag, c&rsquo;est son niveau de personnalisation in\u00e9gal\u00e9, car il offre une vaste gamme de dispositions, de widgets et de codes de short-codes qui vous accordent la libert\u00e9 de personnaliser votre site, l&rsquo;\u00e9l\u00e8ve \u00e0 de nouveaux sommets de sophistication. De plus, Qoxag est \u00e9quip\u00e9 d&rsquo;une gamme de fonctionnalit\u00e9s de pointe, y compris un constructeur de pages de glisser-d\u00e9poser par des utilisateurs, une int\u00e9gration transparente avec des plateformes de m\u00e9dias sociaux et un arsenal d&rsquo;outils d&rsquo;optimisation SEO. Par cons\u00e9quent, il va sans dire que Qoxag est le choix ultime pour les individus \u00e0 la recherche d&rsquo;un site d&rsquo;information professionnel et riche en fonctionnalit\u00e9s. En exploitant la puissance de Qoxag, vous pourrez \u00e9tablir une pr\u00e9sence en ligne qui ne pr\u00e9sente pas seulement votre contenu, mais captive vraiment votre public comme jamais auparavant.<\/p>\n<ul>\n<li>Design moderne et \u00e9l\u00e9gant parfait pour cr\u00e9er un site Web de nouvelles professionnelles ou de magazine<\/li>\n<li>Enti\u00e8rement r\u00e9actif, garantir que votre site Web a fi\u00e8re allure sur tous les appareils, y compris le bureau, la tablette et le mobile<\/li>\n<li>WooCommerce pr\u00eat, vous permettant de mon\u00e9tiser facilement votre site Web en vendant des produits, des abonnements ou des annonces<\/li>\n<li>Disposition de page d&rsquo;accueil personnalisable avec plusieurs sections pour pr\u00e9senter vos derni\u00e8res nouvelles, articles en vedette et autres contenus<\/li>\n<li>Des widgets personnalis\u00e9s, y compris les liens de m\u00e9dias sociaux, les grilles de poste et les curseurs, vous permettant de cr\u00e9er une exp\u00e9rience de site Web engageante et interactive<\/li>\n<li>SEO optimis\u00e9 pour aider votre site Web \u00e0 atteindre un public plus large et \u00e0 atteindre des classements plus \u00e9lev\u00e9s sur les moteurs de recherche comme Google<\/li>\n<li>Construit sur la puissante plate-forme CMS WordPress, offrant une interface conviviale et acc\u00e8s \u00e0 une large gamme de plugins et de modules compl\u00e9mentaires<\/li>\n<li>Documentation d\u00e9taill\u00e9e et support client pour vous aider \u00e0 d\u00e9marrer et \u00e0 r\u00e9pondre \u00e0 toutes les questions que vous pourriez avoir<\/li>\n<li>Mises \u00e0 jour et am\u00e9liorations r\u00e9guli\u00e8res, garantissant que votre site Web reste \u00e0 jour avec les derni\u00e8res tendances de conception et les exigences de fonctionnalit\u00e9.<\/li>\n<\/ul>\n","protected":false},"excerpt":{"rendered":"<p>Con\u00e7u sp\u00e9cifiquement pour les magazines de nouvelles en ligne et les blogs, le th\u00e8me du magazine Qoxag WordPress News se distingue comme un th\u00e8me premium qui r\u00e9pond aux besoins de ces plateformes. B\u00e9n\u00e9ficiant d&rsquo;une disposition propre et moderne, ce th\u00e8me offre une toile id\u00e9ale pour pr\u00e9senter un \u00e9ventail de contenu, des articles couvrant, des images, des vid\u00e9os et bien plus encore. De plus, le th\u00e8me Qoxag se distingue par son niveau de personnalisation remarquable, permettant aux utilisateurs de personnaliser leurs sites Web \u00e0 travers plusieurs options de disposition, une pl\u00e9thore de sch\u00e9mas de couleurs et un \u00e9ventail diversifi\u00e9 de widgets personnalis\u00e9s. Ce qui distingue ce th\u00e8me de la concurrence, c&rsquo;est son incorporation de diverses fonctionnalit\u00e9s impressionnantes, comme une conception enti\u00e8rement r\u00e9active, des choix de typographie personnalis\u00e9s et un balisage de r\u00e9f\u00e9rencement. Avec ces attributs en place, votre site Web d\u00e9gage non seulement une esth\u00e9tique visuellement attrayante sur n&rsquo;importe quel appareil, mais a \u00e9galement le potentiel de captiver un public de grande envergure.<\/p>\n","protected":false},"featured_media":145059,"comment_status":"open","ping_status":"open","template":"","meta":[],"product_brand":[2433],"product_cat":[1220,1212,1213],"product_tag":[1366],"class_list":{"0":"post-115795","1":"product","2":"type-product","3":"status-publish","4":"has-post-thumbnail","6":"product_brand-themeforest","7":"product_cat-blog-magazine","8":"product_cat-themes","9":"product_cat-wordpress-themes","10":"product_tag-themeforest","11":"member-discount","12":"discount-restricted","14":"first","15":"instock","16":"sale","17":"downloadable","18":"virtual","19":"sold-individually","20":"purchasable","21":"product-type-simple"},"_links":{"self":[{"href":"https:\/\/gpl-love.com\/fr\/wp-json\/wp\/v2\/product\/115795","targetHints":{"allow":["GET"]}}],"collection":[{"href":"https:\/\/gpl-love.com\/fr\/wp-json\/wp\/v2\/product"}],"about":[{"href":"https:\/\/gpl-love.com\/fr\/wp-json\/wp\/v2\/types\/product"}],"replies":[{"embeddable":true,"href":"https:\/\/gpl-love.com\/fr\/wp-json\/wp\/v2\/comments?post=115795"}],"wp:featuredmedia":[{"embeddable":true,"href":"https:\/\/gpl-love.com\/fr\/wp-json\/wp\/v2\/media\/145059"}],"wp:attachment":[{"href":"https:\/\/gpl-love.com\/fr\/wp-json\/wp\/v2\/media?parent=115795"}],"wp:term":[{"taxonomy":"product_brand","embeddable":true,"href":"https:\/\/gpl-love.com\/fr\/wp-json\/wp\/v2\/product_brand?post=115795"},{"taxonomy":"product_cat","embeddable":true,"href":"https:\/\/gpl-love.com\/fr\/wp-json\/wp\/v2\/product_cat?post=115795"},{"taxonomy":"product_tag","embeddable":true,"href":"https:\/\/gpl-love.com\/fr\/wp-json\/wp\/v2\/product_tag?post=115795"}],"curies":[{"name":"wp","href":"https:\/\/api.w.org\/{rel}","templated":true}]}}