{"id":115791,"date":"2022-03-19T00:00:00","date_gmt":"2022-03-18T23:00:00","guid":{"rendered":"http:\/\/gpl-love.com\/fr\/produit\/whizzchat-a-universal-wordpress-chat-plugin\/"},"modified":"2026-04-10T18:45:35","modified_gmt":"2026-04-10T16:45:35","slug":"whizzchat-a-universal-wordpress-chat-plugin","status":"publish","type":"product","link":"https:\/\/gpl-love.com\/fr\/produit\/whizzchat-a-universal-wordpress-chat-plugin\/","title":{"rendered":"WhizzChat A Universal WordPress Chat Plugin 1.5.0"},"content":{"rendered":"<h3>WhizzChat A Universal WordPress Chat Plugin Traits<\/h3>\n<p>Whizzchat, un plugin de chat extr\u00eamement robuste et convivial sp\u00e9cialement con\u00e7u pour WordPress, permet aux propri\u00e9taires de sites Web d&rsquo;interagir efficacement avec leur public au moyen d&rsquo;un chat en direct. Ce plugin se vante de sa compatibilit\u00e9 universelle avec n&rsquo;importe quel th\u00e8me WordPress, rendant un processus d&rsquo;int\u00e9gration transparent et sa polyvalence en termes de personnalisation pour s&rsquo;aligner sur la marque unique du site Web. Avec une pl\u00e9thore de fonctionnalit\u00e9s de pointe \u00e0 sa disposition, Whizzchat propose des notifications de chat en temps r\u00e9el, une interface remarquablement conviviale, des messages de chat personnalis\u00e9s et des journaux d&rsquo;historique de discussion complets. De plus, le plugin accueille sans effort plusieurs agents et d\u00e9partements, ce qui en fait la solution par excellence pour les entreprises \u00e9quip\u00e9es de nombreux repr\u00e9sentants du service client. En tirant parti de la puissance et des capacit\u00e9s de Whizzchat, les propri\u00e9taires de sites Web sont non seulement en mesure d&rsquo;am\u00e9liorer l&rsquo;exp\u00e9rience globale du support client, mais aussi de favoriser des liens plus significatifs avec leur public inestimable.<\/p>\n<ul>\n<li>Int\u00e9gration de chat en direct avec les sites Web WordPress.<\/li>\n<li>Interface de chat conviviale pour les visiteurs du site Web et les administrateurs.<\/li>\n<li>Conception et couleurs personnalisables de la bo\u00eete de discussion.<\/li>\n<li>Compatible avec tous les principaux navigateurs et appareils.<\/li>\n<li>Prend en charge plusieurs agents de chat avec une option de transfert ou de routage.<\/li>\n<li>Installation et configuration faciles sans codage requis.<\/li>\n<li>Options de raccourcis et de widget pour le placement sur n&rsquo;importe quelle page ou publication.<\/li>\n<li>Suivi des visiteurs en temps r\u00e9el et analyse.<\/li>\n<li>Option pour les messages hors ligne et les notifications par e-mail.<\/li>\n<li>Prise en charge 24\/7 et mises \u00e0 jour r\u00e9guli\u00e8res pour les fonctionnalit\u00e9s continues.<\/li>\n<\/ul>\n","protected":false},"excerpt":{"rendered":"<p>Whizzchat, un plugin WordPress tr\u00e8s polyvalent, accorde \u00e0 votre site Web le cadeau inestimable d&rsquo;une fonction de chat. Son processus d&rsquo;installation sans effort et la capacit\u00e9 de l&rsquo;adapter \u00e0 se fondre de mani\u00e8re transparente avec l&rsquo;esth\u00e9tique de votre site en rendent un outil indispensable. L&rsquo;\u00e9ventail de fonctionnalit\u00e9s avanc\u00e9es, telles que la messagerie en temps r\u00e9el, les alertes de chat et les conversations priv\u00e9es, font de Whizzchat un choix idyllique pour les entreprises, les blogueurs et les individus qui aspirent \u00e0 \u00e9lever la communication et l&rsquo;interaction avec les visiteurs de leur site Web \u00e0 des sommets sans pr\u00e9c\u00e9dent. Que vous fournissiez en d\u00e9faut un support client ou en aspirant simplement \u00e0 enflammer les conversations stimulantes, Whizzchat appara\u00eet comme le plugin de chat par excellence pour les utilisateurs de WordPress.<\/p>\n","protected":false},"featured_media":145761,"comment_status":"open","ping_status":"open","template":"","meta":[],"product_brand":[2435],"product_cat":[1189,1181,1186],"product_tag":[1231],"class_list":{"0":"post-115791","1":"product","2":"type-product","3":"status-publish","4":"has-post-thumbnail","6":"product_brand-codecanyon","7":"product_cat-personnalisation","8":"product_cat-plugins","9":"product_cat-wordpress-plugins","10":"product_tag-codecanyon","11":"member-discount","12":"discount-restricted","14":"first","15":"instock","16":"sale","17":"downloadable","18":"virtual","19":"sold-individually","20":"purchasable","21":"product-type-simple"},"_links":{"self":[{"href":"https:\/\/gpl-love.com\/fr\/wp-json\/wp\/v2\/product\/115791","targetHints":{"allow":["GET"]}}],"collection":[{"href":"https:\/\/gpl-love.com\/fr\/wp-json\/wp\/v2\/product"}],"about":[{"href":"https:\/\/gpl-love.com\/fr\/wp-json\/wp\/v2\/types\/product"}],"replies":[{"embeddable":true,"href":"https:\/\/gpl-love.com\/fr\/wp-json\/wp\/v2\/comments?post=115791"}],"wp:featuredmedia":[{"embeddable":true,"href":"https:\/\/gpl-love.com\/fr\/wp-json\/wp\/v2\/media\/145761"}],"wp:attachment":[{"href":"https:\/\/gpl-love.com\/fr\/wp-json\/wp\/v2\/media?parent=115791"}],"wp:term":[{"taxonomy":"product_brand","embeddable":true,"href":"https:\/\/gpl-love.com\/fr\/wp-json\/wp\/v2\/product_brand?post=115791"},{"taxonomy":"product_cat","embeddable":true,"href":"https:\/\/gpl-love.com\/fr\/wp-json\/wp\/v2\/product_cat?post=115791"},{"taxonomy":"product_tag","embeddable":true,"href":"https:\/\/gpl-love.com\/fr\/wp-json\/wp\/v2\/product_tag?post=115791"}],"curies":[{"name":"wp","href":"https:\/\/api.w.org\/{rel}","templated":true}]}}