{"id":115785,"date":"2023-09-02T00:00:00","date_gmt":"2023-09-01T22:00:00","guid":{"rendered":"http:\/\/gpl-love.com\/fr\/produit\/give-zapier\/"},"modified":"2026-03-20T23:17:05","modified_gmt":"2026-03-20T22:17:05","slug":"give-zapier","status":"publish","type":"product","link":"https:\/\/gpl-love.com\/fr\/produit\/give-zapier\/","title":{"rendered":"GiveWP Zapier 1.4.2"},"content":{"rendered":"<h3>GiveWP Zapier Traits<\/h3>\n<p>GiveWP Zapier, un outil puissant, sert \u00e0 rationaliser le processus de collecte de dons pour les organisations \u00e0 but non lucratif. Cette int\u00e9gration, en connectant GiveWP \u00e0 Zapier, offre la possibilit\u00e9 d&rsquo;automatiser la gestion des donateurs et les workflows de collecte de fonds. En utilisant GiveWP Zapier, on peut facilement automatiser les enregistrements des donateurs, cr\u00e9er des re\u00e7us de don personnalis\u00e9s et m\u00eame g\u00e9n\u00e9rer des e-mails de suivi personnalis\u00e9s. De plus, cet outil rationalise efficacement les efforts de collecte de fonds en automatisant les publications sur les r\u00e9seaux sociaux et les campagnes par e-mail. Avec son interface conviviale et la possibilit\u00e9 de personnaliser comme souhait\u00e9, GiveWP Zapier appara\u00eet comme la solution id\u00e9ale pour les organisations \u00e0 but non lucratif qui cherchent \u00e0 optimiser leurs efforts de collecte de fonds et \u00e0 am\u00e9liorer l&rsquo;engagement des donateurs.<\/p>\n<ul>\n<li>Connecte vos formulaires de don GiveWP \u00e0 plus de 2 000 applications et outils via Zapier<\/li>\n<li>Automatise votre transfert de donn\u00e9es de don afin que vous puissiez vous concentrer sur la mission de votre organisation<\/li>\n<li>Cr\u00e9e facilement des flux de travail personnalis\u00e9s qui r\u00e9pondent \u00e0 vos besoins sp\u00e9cifiques<\/li>\n<li>Assure une pr\u00e9cision et une efficacit\u00e9 de vos transferts de donn\u00e9es<\/li>\n<li>Vous \u00e9vite le temps et les ressources en \u00e9liminant les t\u00e2ches de saisie de donn\u00e9es manuelles<\/li>\n<li>Vous permet de collecter et d&rsquo;analyser les informations des donateurs en temps r\u00e9el<\/li>\n<li>S&rsquo;int\u00e8gre \u00e0 des outils populaires comme Google Sheets, MailChimp et Salesforce<\/li>\n<li>Offre de la flexibilit\u00e9 et de l&rsquo;\u00e9volutivit\u00e9 \u00e0 vos efforts de collecte de fonds<\/li>\n<li>Offre une exp\u00e9rience d&rsquo;int\u00e9gration transparente sans les comp\u00e9tences de codage ou techniques requises.<\/li>\n<\/ul>\n","protected":false},"excerpt":{"rendered":"<p>Notre logiciel fournit une plate-forme robuste pour automatiser vos efforts de collecte de fonds en int\u00e9grant de mani\u00e8re transparente GiveWP \u00e0 Zapier. En utilisant le produit GiveWP Zapier, vous gagnez la possibilit\u00e9 de relier sans effort vos formulaires de don GiveWP avec plus de 1 500 demandes, tout en b\u00e9n\u00e9ficiant d&rsquo;un syst\u00e8me transparent et efficace pour g\u00e9rer les paiements et les informations des donateurs. Avec GiveWP Zapier, vous avez la capacit\u00e9 d&rsquo;\u00e9tablir des d\u00e9clencheurs personnalis\u00e9s et d&rsquo;automatiser sans effort les t\u00e2ches, vous permettant ainsi d&rsquo;allouer plus de temps et d&rsquo;attention \u00e0 la r\u00e9alisation de la mission de votre organisation \u00e0 but non lucratif.<\/p>\n","protected":false},"featured_media":144023,"comment_status":"open","ping_status":"open","template":"","meta":[],"product_brand":[2561],"product_cat":[1189,1181,1186],"product_tag":[2282],"class_list":{"0":"post-115785","1":"product","2":"type-product","3":"status-publish","4":"has-post-thumbnail","6":"product_brand-givewp","7":"product_cat-personnalisation","8":"product_cat-plugins","9":"product_cat-wordpress-plugins","10":"product_tag-givewp","11":"member-discount","12":"discount-restricted","14":"first","15":"instock","16":"sale","17":"downloadable","18":"virtual","19":"sold-individually","20":"purchasable","21":"product-type-simple"},"_links":{"self":[{"href":"https:\/\/gpl-love.com\/fr\/wp-json\/wp\/v2\/product\/115785","targetHints":{"allow":["GET"]}}],"collection":[{"href":"https:\/\/gpl-love.com\/fr\/wp-json\/wp\/v2\/product"}],"about":[{"href":"https:\/\/gpl-love.com\/fr\/wp-json\/wp\/v2\/types\/product"}],"replies":[{"embeddable":true,"href":"https:\/\/gpl-love.com\/fr\/wp-json\/wp\/v2\/comments?post=115785"}],"wp:featuredmedia":[{"embeddable":true,"href":"https:\/\/gpl-love.com\/fr\/wp-json\/wp\/v2\/media\/144023"}],"wp:attachment":[{"href":"https:\/\/gpl-love.com\/fr\/wp-json\/wp\/v2\/media?parent=115785"}],"wp:term":[{"taxonomy":"product_brand","embeddable":true,"href":"https:\/\/gpl-love.com\/fr\/wp-json\/wp\/v2\/product_brand?post=115785"},{"taxonomy":"product_cat","embeddable":true,"href":"https:\/\/gpl-love.com\/fr\/wp-json\/wp\/v2\/product_cat?post=115785"},{"taxonomy":"product_tag","embeddable":true,"href":"https:\/\/gpl-love.com\/fr\/wp-json\/wp\/v2\/product_tag?post=115785"}],"curies":[{"name":"wp","href":"https:\/\/api.w.org\/{rel}","templated":true}]}}