{"id":115783,"date":"2025-10-20T00:00:00","date_gmt":"2025-10-19T22:00:00","guid":{"rendered":"http:\/\/gpl-love.com\/fr\/produit\/give-tributes\/"},"modified":"2026-03-20T23:17:04","modified_gmt":"2026-03-20T22:17:04","slug":"give-tributes","status":"publish","type":"product","link":"https:\/\/gpl-love.com\/fr\/produit\/give-tributes\/","title":{"rendered":"GiveWP Tributes 2.3.0"},"content":{"rendered":"<h3>GiveWP Tributes Traits<\/h3>\n<p>Le compl\u00e9ment GiveWP Tributes, qui sert une extension dynamique pour le plugin de don de don GiveWP, permet aux utilisateurs de g\u00e9n\u00e9rer des hommages comme gestes de r\u00e9v\u00e9rence ou de souvenir envers leurs individus ch\u00e9ris. En tirant parti de ce module compl\u00e9mentaire, les utilisateurs ont la capacit\u00e9 de fa\u00e7onner des formulaires d&rsquo;hommage qui sont fabriqu\u00e9s sur mesure, offrant ainsi aux donateurs la possibilit\u00e9 de contribuer financi\u00e8rement tout en inscrivant simultan\u00e9ment un message sinc\u00e8re, qui sera par la suite honor\u00e9 l&rsquo;\u00e9tendue d&rsquo;une page hommage d\u00e9di\u00e9e. En outre, cette page hommage peut \u00eatre facilement personnalis\u00e9e en la perfectionnant avec une imagerie visuelle captivante et un contenu textuel convaincant, et les donateurs ont en outre accord\u00e9 le privil\u00e8ge de d\u00e9cider de maintenir une aura d&rsquo;anonymat ou de se pr\u00e9lasser dans la gloire de la reconnaissance du public pour leur contribution bienveillante ou \u00e0 se pr\u00e9lasser dans la gloire de la reconnaissance du public pour leur contribution de bienveillance ou \u00e0 se pr\u00e9lasser dans la gloire de la reconnaissance du public pour leur contribution de bienveillance ou sa contribution bienveillante . Par cons\u00e9quent, il devient \u00e9vident que les hommages \u00e0 Givewp simplifient le processus de fabrication d&rsquo;un m\u00e9canisme profond et significatif \u00e0 travers lequel les donateurs peuvent rendre hommage \u00e0 leurs proches, tout en pr\u00eatant leur soutien in\u00e9branlable \u00e0 une cause noble.<\/p>\n<ul>\n<li>Un plugin de gestion hommage puissant et convivial pour les sites Web WordPress<\/li>\n<li>Permet aux propri\u00e9taires de sites Web et aux administrateurs de cr\u00e9er et de g\u00e9rer facilement les hommages pour diverses occasions et \u00e9v\u00e9nements<\/li>\n<li>Dispose d&rsquo;un g\u00e9n\u00e9rateur de formulaires hommage hautement personnalisable et r\u00e9actif qui permet aux utilisateurs de cr\u00e9er des pages hommage personnalis\u00e9es avec facilit\u00e9<\/li>\n<li>Livr\u00e9 avec une vari\u00e9t\u00e9 de mod\u00e8les hommage pr\u00e9-con\u00e7us qui peuvent \u00eatre personnalis\u00e9s pour s&rsquo;adapter \u00e0 n&rsquo;importe quelle occasion ou th\u00e8me<\/li>\n<li>Offre une gamme d&rsquo;options de paiement pour les donateurs, y compris les dons uniques et r\u00e9currents, les paiements de carte de cr\u00e9dit et PayPal, et plus<\/li>\n<li>Fournit des fonctionnalit\u00e9s de rapports et d&rsquo;analyse robustes, permettant aux utilisateurs de suivre les dons et d&rsquo;afficher des rapports d\u00e9taill\u00e9s sur l&rsquo;activit\u00e9 hommage<\/li>\n<li>S&rsquo;int\u00e8gre de mani\u00e8re transparente aux plates-formes de marketing par e-mail et CRM populaires comme MailChimp et HubSpot, permettant aux utilisateurs de g\u00e9rer leurs listes de donateurs et de suivre les campagnes de messagerie \u00e0 partir d&rsquo;une seule plateforme<\/li>\n<li>Offre des services de documentation et de support complets, y compris une \u00e9quipe d&rsquo;assistance d\u00e9di\u00e9e, des guides de produits d\u00e9taill\u00e9s et une communaut\u00e9 d&rsquo;utilisateurs active<\/li>\n<li>Fournit des mises \u00e0 jour automatiques et des correctifs de s\u00e9curit\u00e9 pour s&rsquo;assurer que le plugin reste \u00e0 jour et s\u00e9curis\u00e9 \u00e0 tout moment<\/li>\n<li>Con\u00e7u pour \u00eatre tr\u00e8s \u00e9volutif, permettant aux utilisateurs de g\u00e9rer des hommages pour les petits et grands \u00e9v\u00e9nements.<\/li>\n<\/ul>\n","protected":false},"excerpt":{"rendered":"<p>Le plugin GiveWP Tributes poss\u00e8de un \u00e9ventail impressionnant de fonctionnalit\u00e9s et de fonctionnalit\u00e9s m\u00e9ticuleusement con\u00e7ues pour faciliter le processus de sensibilisation et de collecte de fonds caritatifs pour une myriade de causes et d&rsquo;\u00e9v\u00e9nements. Dans le cadre de ce plugin exceptionnel, les utilisateurs se voient offrir l&rsquo;occasion inestimable de faire des dons sinc\u00e8res en l&rsquo;honneur et un souvenir d&rsquo;une personne ch\u00e9ri ou d&rsquo;une entit\u00e9 importante, tout en \u00e9tant en mesure de canaliser ces contributions \u00e0 une campagne ou un \u00e9v\u00e9nement sp\u00e9cifique de leur choix. De plus, le plugin permet aux utilisateurs de modeler des messages personnalis\u00e9s de gratitude ou de sympathie, leur permettant ainsi d&rsquo;exprimer leurs \u00e9motions et leurs sentiments de mani\u00e8re profond\u00e9ment significative et authentique. La nature conviviale du plugin est encore augment\u00e9e par son int\u00e9gration transparente avec GiveWP, assurant une exp\u00e9rience utilisateur fluide et harmonieuse. En raison de ses vastes options de personnalisation, GiveWP Tributes sert d&rsquo;outil indispensable, permettant sans effort aux utilisateurs de pr\u00eater leur soutien \u00e0 une cause qu&rsquo;ils sont ch\u00e8res, tout en leur fournissant une plate-forme pour propager leur amour et leur compassion aux autres dans les plus percutants et une mani\u00e8re profonde possible.<\/p>\n","protected":false},"featured_media":144022,"comment_status":"open","ping_status":"open","template":"","meta":[],"product_brand":[2561],"product_cat":[1189,1181,1186],"product_tag":[2282],"class_list":{"0":"post-115783","1":"product","2":"type-product","3":"status-publish","4":"has-post-thumbnail","6":"product_brand-givewp","7":"product_cat-personnalisation","8":"product_cat-plugins","9":"product_cat-wordpress-plugins","10":"product_tag-givewp","11":"member-discount","12":"discount-restricted","14":"first","15":"instock","16":"sale","17":"downloadable","18":"virtual","19":"sold-individually","20":"purchasable","21":"product-type-simple"},"_links":{"self":[{"href":"https:\/\/gpl-love.com\/fr\/wp-json\/wp\/v2\/product\/115783","targetHints":{"allow":["GET"]}}],"collection":[{"href":"https:\/\/gpl-love.com\/fr\/wp-json\/wp\/v2\/product"}],"about":[{"href":"https:\/\/gpl-love.com\/fr\/wp-json\/wp\/v2\/types\/product"}],"replies":[{"embeddable":true,"href":"https:\/\/gpl-love.com\/fr\/wp-json\/wp\/v2\/comments?post=115783"}],"wp:featuredmedia":[{"embeddable":true,"href":"https:\/\/gpl-love.com\/fr\/wp-json\/wp\/v2\/media\/144022"}],"wp:attachment":[{"href":"https:\/\/gpl-love.com\/fr\/wp-json\/wp\/v2\/media?parent=115783"}],"wp:term":[{"taxonomy":"product_brand","embeddable":true,"href":"https:\/\/gpl-love.com\/fr\/wp-json\/wp\/v2\/product_brand?post=115783"},{"taxonomy":"product_cat","embeddable":true,"href":"https:\/\/gpl-love.com\/fr\/wp-json\/wp\/v2\/product_cat?post=115783"},{"taxonomy":"product_tag","embeddable":true,"href":"https:\/\/gpl-love.com\/fr\/wp-json\/wp\/v2\/product_tag?post=115783"}],"curies":[{"name":"wp","href":"https:\/\/api.w.org\/{rel}","templated":true}]}}