{"id":115781,"date":"2024-10-04T00:00:00","date_gmt":"2024-10-03T22:00:00","guid":{"rendered":"http:\/\/gpl-love.com\/fr\/produit\/give-square-gateway\/"},"modified":"2026-03-20T23:17:02","modified_gmt":"2026-03-20T22:17:02","slug":"give-square-gateway","status":"publish","type":"product","link":"https:\/\/gpl-love.com\/fr\/produit\/give-square-gateway\/","title":{"rendered":"GiveWP Square Gateway 3.0.1"},"content":{"rendered":"<h3>GiveWP Square Gateway Traits<\/h3>\n<p>La GiveWP Square Gateway, une solution tr\u00e8s robuste visant \u00e0 r\u00e9pondre aux besoins des institutions caritatives et des organisations \u00e0 but non lucratif dans leur qu\u00eate d&rsquo;un syst\u00e8me d&rsquo;acceptation de don en ligne s\u00e9curis\u00e9 et fiable, appara\u00eet comme un concurrent remarquable. En employant cette passerelle, les bienfaiteurs trouvent incroyablement pratique de faire des contributions en utilisant leurs cartes de cr\u00e9dit, aboutissant \u00e0 un d\u00e9p\u00f4t direct de fonds sur le compte bancaire de l&rsquo;organisation concern\u00e9e. De plus, la passerelle GiveWP Square va au-del\u00e0 dans sa qu\u00eate pour fournir des mesures anti-fraude avanc\u00e9es, garantissant ainsi que tous les dons sont \u00e0 la fois authentiques et s\u00e9curis\u00e9s. La facilit\u00e9 de mise en place et d&rsquo;utilisation de cette passerelle en fait un choix louable pour les institutions de tailles variables. Dans l&rsquo;ensemble, il est \u00e9vident que la passerelle GiveWP Square est un instrument indispensable pour toute entit\u00e9 caritative ou sans but lucratif s&rsquo;effor\u00e7ant de rationaliser leurs processus de don en ligne tout en optimisant simultan\u00e9ment leurs efforts de collecte de fonds.<\/p>\n<ul>\n<li>Acceptez les paiements par carte de cr\u00e9dit pour vos formulaires de don GiveWP \u00e0 l&rsquo;aide de la passerelle carr\u00e9e<\/li>\n<li>Traiter en toute s\u00e9curit\u00e9 les transactions via givewp sans avoir besoin de plugins tiers<\/li>\n<li>Permettez aux donateurs de faire facilement des dons uniques ou r\u00e9currents via givewp avec carr\u00e9<\/li>\n<li>Gardez une trace de tous les dons faits via Square dans votre tableau de bord GiveWP Reporting<\/li>\n<li>Profitez de l&rsquo;int\u00e9gration transparente et des mises \u00e0 jour automatiques avec GiveWP et Square, en vous assurant que vos transactions sont toujours \u00e0 jour et coh\u00e9rentes<\/li>\n<li>Recevez des notifications par e-mail automatiques pour les dons r\u00e9ussis faits via GiveWP et Square, vous en tirant inform\u00e9 et \u00e0 jour sur vos efforts de collecte de fonds<\/li>\n<li>Les formulaires de don personnalisables avec GiveWP facilitent l&rsquo;ajouter de la passerelle carr\u00e9e \u00e0 votre formulaire et commencent \u00e0 accepter les dons en quelques minutes.<\/li>\n<\/ul>\n","protected":false},"excerpt":{"rendered":"<p>La passerelle GiveWP Square, qui sert de superbe outil de traitement des paiements, pr\u00e9sente une int\u00e9gration transparente avec votre plugin GiveWP. Cette passerelle remarquable facilite l&rsquo;acceptation s\u00e9curis\u00e9e des paiements par carte de cr\u00e9dit de vos donateurs estim\u00e9s, le tout dans les limites de votre propre site Web. Le processus de configuration de GiveWP Square Gateway est \u00e0 la fois simple et sans tracas, ce qui le rend une option extr\u00eamement appropri\u00e9e pour les organisations \u00e0 but non lucratif et les entit\u00e9s caritatives. Offrez des adieux \u00e0 des processeurs de paiement encombrants et accordez une chaleureuse bienvenue au processus remarquablement simple et sans effort de dons en ligne, gracieuset\u00e9 de la passerelle GiveWP Square.<\/p>\n","protected":false},"featured_media":144020,"comment_status":"open","ping_status":"open","template":"","meta":[],"product_brand":[2561],"product_cat":[1253,1181,1186],"product_tag":[2282],"class_list":{"0":"post-115781","1":"product","2":"type-product","3":"status-publish","4":"has-post-thumbnail","6":"product_brand-givewp","7":"product_cat-paiement","8":"product_cat-plugins","9":"product_cat-wordpress-plugins","10":"product_tag-givewp","11":"member-discount","12":"discount-restricted","14":"first","15":"instock","16":"sale","17":"downloadable","18":"virtual","19":"sold-individually","20":"purchasable","21":"product-type-simple"},"_links":{"self":[{"href":"https:\/\/gpl-love.com\/fr\/wp-json\/wp\/v2\/product\/115781","targetHints":{"allow":["GET"]}}],"collection":[{"href":"https:\/\/gpl-love.com\/fr\/wp-json\/wp\/v2\/product"}],"about":[{"href":"https:\/\/gpl-love.com\/fr\/wp-json\/wp\/v2\/types\/product"}],"replies":[{"embeddable":true,"href":"https:\/\/gpl-love.com\/fr\/wp-json\/wp\/v2\/comments?post=115781"}],"wp:featuredmedia":[{"embeddable":true,"href":"https:\/\/gpl-love.com\/fr\/wp-json\/wp\/v2\/media\/144020"}],"wp:attachment":[{"href":"https:\/\/gpl-love.com\/fr\/wp-json\/wp\/v2\/media?parent=115781"}],"wp:term":[{"taxonomy":"product_brand","embeddable":true,"href":"https:\/\/gpl-love.com\/fr\/wp-json\/wp\/v2\/product_brand?post=115781"},{"taxonomy":"product_cat","embeddable":true,"href":"https:\/\/gpl-love.com\/fr\/wp-json\/wp\/v2\/product_cat?post=115781"},{"taxonomy":"product_tag","embeddable":true,"href":"https:\/\/gpl-love.com\/fr\/wp-json\/wp\/v2\/product_tag?post=115781"}],"curies":[{"name":"wp","href":"https:\/\/api.w.org\/{rel}","templated":true}]}}