{"id":115779,"date":"2022-08-23T00:00:00","date_gmt":"2022-08-22T22:00:00","guid":{"rendered":"http:\/\/gpl-love.com\/fr\/produit\/give-payumoney\/"},"modified":"2026-03-20T23:16:57","modified_gmt":"2026-03-20T22:16:57","slug":"give-payumoney","status":"publish","type":"product","link":"https:\/\/gpl-love.com\/fr\/produit\/give-payumoney\/","title":{"rendered":"GiveWP PayUmoney 1.0.8"},"content":{"rendered":"<h3>GiveWP PayUmoney Traits<\/h3>\n<p>Le plugin GiveWP Payumoney est un plugin de passerelle de paiement exceptionnellement robuste et efficace qui int\u00e8gre sans effort le syst\u00e8me de traitement de paiement Payumoney tr\u00e8s efficace dans votre site Web aliment\u00e9 par BidWP, augmentant ainsi sa fonctionnalit\u00e9 et son exp\u00e9rience utilisateur \u00e0 des niveaux sans pr\u00e9c\u00e9dent. Ce plugin remarquable vous permet d&rsquo;accepter sans effort et de mani\u00e8re transparente les paiements via divers canaux, y compris les paiements de carte de cr\u00e9dit et de d\u00e9bit, la banque nette et une pl\u00e9thore d&rsquo;autres m\u00e9thodes de paiement local extr\u00eamement populaires disponibles exclusivement en Inde. L&rsquo;un des aspects les plus remarquables de ce plugin est sa nature conviviale, car il offre une configuration sans tracas et une interface remarquablement intuitive qui peut \u00eatre facilement navigu\u00e9e m\u00eame par les novices. De plus, il poss\u00e8de une pl\u00e9thore de fonctionnalit\u00e9s avanc\u00e9es qui t\u00e9moignent de sa polyvalence in\u00e9gal\u00e9e et de sa fonctionnalit\u00e9 exceptionnelle. Par exemple, la fonction de conversion de devises automatique garantit que vos transactions sont effectu\u00e9es sans effort dans la monnaie du choix de vos clients, \u00e9liminant toutes les barri\u00e8res ou obstacles potentiels dans le processus de paiement. De plus, la fonction de paiement r\u00e9currente vous permet de faciliter sans effort les transactions r\u00e9currentes, favorisant ainsi la fid\u00e9lit\u00e9 et la commodit\u00e9 des clients. Un avantage suppl\u00e9mentaire de ce plugin exceptionnel est ses solides mesures de pr\u00e9vention de la fraude, qui garantissent que toutes les transactions effectu\u00e9es par cette passerelle sont m\u00e9ticuleusement examin\u00e9es et examin\u00e9es pour prot\u00e9ger votre entreprise et vos pr\u00e9cieux clients de toute activit\u00e9 frauduleuse potentielle. En fin de compte, Givewp Payumoney garantit une exp\u00e9rience de paiement transparente et s\u00e9curis\u00e9e pour vos clients estim\u00e9s, consolidant ainsi son statut d&rsquo;outil indispensable pour toute entreprise en ligne qui aspire \u00e0 \u00e9tablir et \u00e0 fortifier sa pr\u00e9sence dans le march\u00e9 indien dynamique et en expansion rapide.<\/p>\n<ul>\n<li>Int\u00e9grez de mani\u00e8re transparente Payumoney Payment Gateway avec GiveWP Don Don Plateforme<\/li>\n<li>Acceptez les dons via des cartes de d\u00e9bit, des cartes de cr\u00e9dit, du netbanking et des portefeuilles mobiles populaires comme Paytm et PhonePE<\/li>\n<li>Traitement de paiement s\u00e9curis\u00e9 et fiable soutenu par la technologie avanc\u00e9e de d\u00e9tection de fraude de Payumoney<\/li>\n<li>Option pour permettre des dons r\u00e9currents pour les clients<\/li>\n<li>Journaux et rapports de transaction d\u00e9taill\u00e9s pour une meilleure gestion des finances<\/li>\n<li>Formulaires de don personnalisables avec l&rsquo;interface intuitive de glissement et de d\u00e9lai de GiveWP<\/li>\n<li>Compatible avec n&rsquo;importe quel th\u00e8me WordPress et personnalisable avec CSS et JavaScript<\/li>\n<li>Aucun frais de transaction suppl\u00e9mentaires ou frais cach\u00e9s en dehors des frais standard de GiveWP et de Payumoney<\/li>\n<\/ul>\n","protected":false},"excerpt":{"rendered":"<p>GiveWP Payumoney est un plugin de passerelle de paiement exceptionnel qui s&rsquo;int\u00e8gre de mani\u00e8re transparente au plugin de dons GiveWP, offrant aux donateurs la possibilit\u00e9 de faire des dons s\u00e9curis\u00e9s et sans tracas gr\u00e2ce \u00e0 l&rsquo;utilisation de Payumoney. B\u00e9n\u00e9ficiant d&rsquo;une interface conviviale et d&rsquo;un processus de configuration simple, Givewp Payumoney aide efficacement les organisations \u00e0 but non lucratif et les organismes de bienfaisance pour am\u00e9liorer leurs efforts de collecte de fonds tout en rationalisant simultan\u00e9ment leurs transactions de paiement. Cette passerelle de paiement remarquable offre une prise en charge approfondie pour une multitude d&rsquo;options de paiement, y compris les cartes de d\u00e9bit, les cartes de cr\u00e9dit, la banque nette et les portefeuilles, facilitant ainsi la facilit\u00e9 avec laquelle les donateurs internationaux peuvent contribuer \u00e0 votre noble cause. En priorisant la fourniture de transactions de paiement s\u00e9curis\u00e9es et fiables, Givewp Payumoney r\u00e9ussit \u00e0 inculquer un sentiment de tranquillit\u00e9 et d&rsquo;assurance en vous et \u00e0 vos pr\u00e9cieux donateurs.<\/p>\n","protected":false},"featured_media":144014,"comment_status":"open","ping_status":"open","template":"","meta":[],"product_brand":[2561],"product_cat":[1253,1181,1186],"product_tag":[2282],"class_list":{"0":"post-115779","1":"product","2":"type-product","3":"status-publish","4":"has-post-thumbnail","6":"product_brand-givewp","7":"product_cat-paiement","8":"product_cat-plugins","9":"product_cat-wordpress-plugins","10":"product_tag-givewp","11":"member-discount","12":"discount-restricted","14":"first","15":"instock","16":"sale","17":"downloadable","18":"virtual","19":"sold-individually","20":"purchasable","21":"product-type-simple"},"_links":{"self":[{"href":"https:\/\/gpl-love.com\/fr\/wp-json\/wp\/v2\/product\/115779","targetHints":{"allow":["GET"]}}],"collection":[{"href":"https:\/\/gpl-love.com\/fr\/wp-json\/wp\/v2\/product"}],"about":[{"href":"https:\/\/gpl-love.com\/fr\/wp-json\/wp\/v2\/types\/product"}],"replies":[{"embeddable":true,"href":"https:\/\/gpl-love.com\/fr\/wp-json\/wp\/v2\/comments?post=115779"}],"wp:featuredmedia":[{"embeddable":true,"href":"https:\/\/gpl-love.com\/fr\/wp-json\/wp\/v2\/media\/144014"}],"wp:attachment":[{"href":"https:\/\/gpl-love.com\/fr\/wp-json\/wp\/v2\/media?parent=115779"}],"wp:term":[{"taxonomy":"product_brand","embeddable":true,"href":"https:\/\/gpl-love.com\/fr\/wp-json\/wp\/v2\/product_brand?post=115779"},{"taxonomy":"product_cat","embeddable":true,"href":"https:\/\/gpl-love.com\/fr\/wp-json\/wp\/v2\/product_cat?post=115779"},{"taxonomy":"product_tag","embeddable":true,"href":"https:\/\/gpl-love.com\/fr\/wp-json\/wp\/v2\/product_tag?post=115779"}],"curies":[{"name":"wp","href":"https:\/\/api.w.org\/{rel}","templated":true}]}}