{"id":115777,"date":"2021-06-10T00:00:00","date_gmt":"2021-06-09T22:00:00","guid":{"rendered":"http:\/\/gpl-love.com\/fr\/produit\/give-paypal-pro-gateway\/"},"modified":"2026-03-20T23:16:53","modified_gmt":"2026-03-20T22:16:53","slug":"give-paypal-pro-gateway","status":"publish","type":"product","link":"https:\/\/gpl-love.com\/fr\/produit\/give-paypal-pro-gateway\/","title":{"rendered":"GiveWP PayPal Pro Gateway 1.3.0"},"content":{"rendered":"<h3>GiveWP PayPal Pro Gateway Traits<\/h3>\n<p>La passerelle GiveWP PayPal Pro a \u00e9t\u00e9 m\u00e9ticuleusement con\u00e7ue pour offrir une exp\u00e9rience de traitement de paiement sans effort sans effort exclusivement adapt\u00e9e aux organisations \u00e0 but non lucratif et \u00e0 des organisations caritatives. Cette passerelle exceptionnelle donne aux clients l&rsquo;opportunit\u00e9 de contribuer g\u00e9n\u00e9reusement des dons mon\u00e9taires via la plate-forme PayPal tr\u00e8s r\u00e9put\u00e9e, tout en s&rsquo;adaptant \u00e9galement aux paiements par carte de cr\u00e9dit. Remarquablement, cette passerelle autorise les organisations \u00e0 accorder \u00e0 leurs donateurs bienveillants un sentiment de s\u00e9curit\u00e9 in\u00e9gal\u00e9 et de la plus grande fiabilit\u00e9 tout au long du parcours de paiement, renfor\u00e7ant efficacement leur confiance et leur confiance. En outre, la passerelle GiveWP PayPal Pro s&rsquo;int\u00e8gre de mani\u00e8re transparente avec le WordPress universellement acclam\u00e9 et un assortiment d&rsquo;autres plugins largement embrass\u00e9s, simplifiant le processus de configuration et d&rsquo;utilisation dans une mesure sans pr\u00e9c\u00e9dent. Que vous apparteniez \u00e0 un formidable empire \u00e0 but non lucratif ou \u00e0 une modeste organisation de base, cette passerelle est un instrument inestimable pour rationaliser votre processus de don et amplifier exponentiellement vos efforts de collecte de fonds.<\/p>\n<ul>\n<li>Permet votre formulaire de don GiveWP pour accepter les paiements via PayPal Pro<\/li>\n<li>Fournit une exp\u00e9rience de paiement sans couture aux donateurs, avec la possibilit\u00e9 de payer avec une carte de cr\u00e9dit ou leur compte PayPal<\/li>\n<li>Traite en toute s\u00e9curit\u00e9 les transactions avec la protection avanc\u00e9e de la fraude et les caract\u00e9ristiques de chiffrement de PayPal<\/li>\n<li>Permet aux donateurs d&rsquo;\u00e9conomiser leurs informations de paiement pour les dons futurs<\/li>\n<li>S&rsquo;int\u00e8gre aux outils de rapport et de gestion des donateurs de GiveWP pour un suivi facile des dons et des informations sur les donateurs<\/li>\n<li>Offre des param\u00e8tres personnalisables pour les frais de passerelle de paiement et les re\u00e7us de don<\/li>\n<li>Fournit un support d\u00e9di\u00e9 de l&rsquo;\u00e9quipe GiveWP pour assurer une int\u00e9gration et une utilisation en douceur de la passerelle.<\/li>\n<\/ul>\n","protected":false},"excerpt":{"rendered":"<p>La passerelle GiveWP PayPal Pro, une m\u00e9thode incroyablement efficace et s\u00e9curis\u00e9e pour les organisations \u00e0 but non lucratif pour accepter sans effort les paiements via PayPal Pro pour leurs campagnes de collecte de fonds cruciales, offre une large gamme d&rsquo;options de personnalisation inestimables exclusivement adapt\u00e9es aux donateurs. Ces options englobent la possibilit\u00e9 de contribuer \u00e0 la fois des dons ponctuels et r\u00e9currents, ce qui permet aux organisations de pouvoir augmenter consid\u00e9rablement le volume de dons qu&rsquo;ils re\u00e7oivent. En exploitant le pouvoir remarquable et la commodit\u00e9 in\u00e9gal\u00e9e de la passerelle PayPal Pro de GiveWP, les donateurs re\u00e7oivent la capacit\u00e9 in\u00e9gal\u00e9e de contribuer sans effort et rapidement aux nobles causes d\u00e9fendues par des entit\u00e9s \u00e0 but non lucratif avec un effort minimal, ne n\u00e9cessitant rien de plus que de quelques clics.<\/p>\n","protected":false},"featured_media":144012,"comment_status":"open","ping_status":"open","template":"","meta":[],"product_brand":[2561],"product_cat":[1253,1181,1186],"product_tag":[2282],"class_list":{"0":"post-115777","1":"product","2":"type-product","3":"status-publish","4":"has-post-thumbnail","6":"product_brand-givewp","7":"product_cat-paiement","8":"product_cat-plugins","9":"product_cat-wordpress-plugins","10":"product_tag-givewp","11":"member-discount","12":"discount-restricted","14":"first","15":"instock","16":"sale","17":"downloadable","18":"virtual","19":"sold-individually","20":"purchasable","21":"product-type-simple"},"_links":{"self":[{"href":"https:\/\/gpl-love.com\/fr\/wp-json\/wp\/v2\/product\/115777","targetHints":{"allow":["GET"]}}],"collection":[{"href":"https:\/\/gpl-love.com\/fr\/wp-json\/wp\/v2\/product"}],"about":[{"href":"https:\/\/gpl-love.com\/fr\/wp-json\/wp\/v2\/types\/product"}],"replies":[{"embeddable":true,"href":"https:\/\/gpl-love.com\/fr\/wp-json\/wp\/v2\/comments?post=115777"}],"wp:featuredmedia":[{"embeddable":true,"href":"https:\/\/gpl-love.com\/fr\/wp-json\/wp\/v2\/media\/144012"}],"wp:attachment":[{"href":"https:\/\/gpl-love.com\/fr\/wp-json\/wp\/v2\/media?parent=115777"}],"wp:term":[{"taxonomy":"product_brand","embeddable":true,"href":"https:\/\/gpl-love.com\/fr\/wp-json\/wp\/v2\/product_brand?post=115777"},{"taxonomy":"product_cat","embeddable":true,"href":"https:\/\/gpl-love.com\/fr\/wp-json\/wp\/v2\/product_cat?post=115777"},{"taxonomy":"product_tag","embeddable":true,"href":"https:\/\/gpl-love.com\/fr\/wp-json\/wp\/v2\/product_tag?post=115777"}],"curies":[{"name":"wp","href":"https:\/\/api.w.org\/{rel}","templated":true}]}}