{"id":115775,"date":"2021-02-09T00:00:00","date_gmt":"2021-02-08T23:00:00","guid":{"rendered":"http:\/\/gpl-love.com\/fr\/produit\/give-paymill-gateway\/"},"modified":"2026-03-20T23:16:53","modified_gmt":"2026-03-20T22:16:53","slug":"give-paymill-gateway","status":"publish","type":"product","link":"https:\/\/gpl-love.com\/fr\/produit\/give-paymill-gateway\/","title":{"rendered":"GiveWP Paymill Gateway 1.1.1"},"content":{"rendered":"<h3>GiveWP Paymill Gateway Traits<\/h3>\n<p>La passerelle GiveWP Paymill sert de formidable option de passerelle de paiement qui facilite efficacement l&rsquo;acceptation des paiements de carte de cr\u00e9dit et de d\u00e9bit pour les entreprises en ligne. En int\u00e9grant parfaitement le plugin de dons GiveWP, ce plugin accorde aux propri\u00e9taires de sites Web la possibilit\u00e9 de percevoir des paiements \u00e0 des fins, y compris des dons, des abonnements et un assortiment d&rsquo;autres services. En outre, le plugin pr\u00e9sente sa polyvalence en accueillant de nombreuses monnaies et en pr\u00e9sentant une myriade de m\u00e9thodes de paiement qui sont tr\u00e8s privil\u00e9gi\u00e9es parmi les consommateurs, tels que Visa, MasterCard et American Express. Non seulement la passerelle Paymill r\u00e9pond aux besoins et aux pr\u00e9f\u00e9rences des clients, mais elle poss\u00e8de \u00e9galement une interface conviviale qui simplifie la gestion et le suivi des transactions de paiement pour les entreprises. Par cons\u00e9quent, cette passerelle de paiement est une solution optimale pour les entreprises cherchant \u00e0 rationaliser ses proc\u00e9dures de paiement et \u00e0 fournir \u00e0 leur client\u00e8le une m\u00e9thode de paiement s\u00e9curis\u00e9e et fiable.<\/p>\n<ul>\n<li>Int\u00e8gre de mani\u00e8re transparente le plugin de dons GiveWP populaire avec la passerelle de paiement Paymill<\/li>\n<li>Permet des dons en ligne faciles et s\u00e9curis\u00e9s pour les organisations et organismes de bienfaisance \u00e0 but non lucratif<\/li>\n<li>Prend en charge un large \u00e9ventail de devises et de m\u00e9thodes de paiement, y compris les cartes de cr\u00e9dit et de d\u00e9bit<\/li>\n<li>Fournit des rapports de transactions en temps r\u00e9el et une documentation d\u00e9taill\u00e9e \u00e0 des fins comptables<\/li>\n<li>Propose des formulaires de don personnalisables et des messages de remerciement pour am\u00e9liorer l&rsquo;engagement et la fid\u00e9lit\u00e9 des donateurs<\/li>\n<li>Fournit des mesures de s\u00e9curit\u00e9 conformes aux PCI pour prot\u00e9ger les informations sensibles des donneurs et pr\u00e9venir les infractions \u00e0 la fraude ou aux donn\u00e9es<\/li>\n<li>Ne n\u00e9cessite aucune expertise de codage ou technique pour configurer et configurer, avec des instructions \u00e9tape par \u00e9tape et un support disponible<\/li>\n<li>Offre des options de tarification flexibles, y compris les abonnements mensuels et les mod\u00e8les de paiement par transaction, pour r\u00e9pondre \u00e0 diff\u00e9rents budgets et besoins.<\/li>\n<\/ul>\n","protected":false},"excerpt":{"rendered":"<p>La passerelle GiveWP Paymill est un plugin de passerelle de paiement tr\u00e8s convivial, m\u00e9ticuleusement con\u00e7u pour faciliter l&rsquo;acceptation transparente des dons sur votre site Web propuls\u00e9 par GiveWP en tirant parti de la puissance de Paymill. Gr\u00e2ce \u00e0 ce plugin exceptionnel, vos pr\u00e9cieux donateurs peuvent effectuer leurs contributions g\u00e9n\u00e9reusement et en toute s\u00e9curit\u00e9 en utilisant leurs cartes de cr\u00e9dit ou de d\u00e9bit, tout en profitant de la commodit\u00e9 de ne jamais avoir \u00e0 naviguer loin de votre site Web. En outre, ce plugin remarquable offre une pl\u00e9thore de fonctionnalit\u00e9s inestimables, y compris des donn\u00e9es de transaction compl\u00e8tes, un processus de remboursement transparent et automatis\u00e9, ainsi qu&rsquo;une prise en charge transparente pour les dons r\u00e9currents. Il est sans aucun doute que l&rsquo;int\u00e9gration de la passerelle GiveWP Paymill dans votre infrastructure de traitement des paiements existante augmentera sans aucun doute les capacit\u00e9s de votre site Web \u00e0 de nouveaux sommets. Posez pas de temps et am\u00e9liorez vos prouesses de traitement des paiements avec la passerelle GiveWP Paymill sans plus tarder!<\/p>\n","protected":false},"featured_media":144011,"comment_status":"open","ping_status":"open","template":"","meta":[],"product_brand":[2561],"product_cat":[1253,1181,1186],"product_tag":[2282],"class_list":{"0":"post-115775","1":"product","2":"type-product","3":"status-publish","4":"has-post-thumbnail","6":"product_brand-givewp","7":"product_cat-paiement","8":"product_cat-plugins","9":"product_cat-wordpress-plugins","10":"product_tag-givewp","11":"member-discount","12":"discount-restricted","14":"first","15":"instock","16":"sale","17":"downloadable","18":"virtual","19":"sold-individually","20":"purchasable","21":"product-type-simple"},"_links":{"self":[{"href":"https:\/\/gpl-love.com\/fr\/wp-json\/wp\/v2\/product\/115775","targetHints":{"allow":["GET"]}}],"collection":[{"href":"https:\/\/gpl-love.com\/fr\/wp-json\/wp\/v2\/product"}],"about":[{"href":"https:\/\/gpl-love.com\/fr\/wp-json\/wp\/v2\/types\/product"}],"replies":[{"embeddable":true,"href":"https:\/\/gpl-love.com\/fr\/wp-json\/wp\/v2\/comments?post=115775"}],"wp:featuredmedia":[{"embeddable":true,"href":"https:\/\/gpl-love.com\/fr\/wp-json\/wp\/v2\/media\/144011"}],"wp:attachment":[{"href":"https:\/\/gpl-love.com\/fr\/wp-json\/wp\/v2\/media?parent=115775"}],"wp:term":[{"taxonomy":"product_brand","embeddable":true,"href":"https:\/\/gpl-love.com\/fr\/wp-json\/wp\/v2\/product_brand?post=115775"},{"taxonomy":"product_cat","embeddable":true,"href":"https:\/\/gpl-love.com\/fr\/wp-json\/wp\/v2\/product_cat?post=115775"},{"taxonomy":"product_tag","embeddable":true,"href":"https:\/\/gpl-love.com\/fr\/wp-json\/wp\/v2\/product_tag?post=115775"}],"curies":[{"name":"wp","href":"https:\/\/api.w.org\/{rel}","templated":true}]}}