{"id":115773,"date":"2024-06-08T00:00:00","date_gmt":"2024-06-07T22:00:00","guid":{"rendered":"http:\/\/gpl-love.com\/fr\/produit\/give-mailchimp\/"},"modified":"2026-03-20T23:16:49","modified_gmt":"2026-03-20T22:16:49","slug":"give-mailchimp","status":"publish","type":"product","link":"https:\/\/gpl-love.com\/fr\/produit\/give-mailchimp\/","title":{"rendered":"GiveWP MailChimp 2.0.2"},"content":{"rendered":"<h3>GiveWP MailChimp Traits<\/h3>\n<p>GiveWP MailChimp est un outil d&rsquo;int\u00e9gration remarquablement puissant, offrant aux organisations \u00e0 but non lucratif l&rsquo;opportunit\u00e9 transparente d&rsquo;\u00e9tablir un lien entre leurs formulaires de don et le compte MailChimp. Gr\u00e2ce \u00e0 cette int\u00e9gration, ces organisations sont accord\u00e9es \u00e0 la commodit\u00e9 de ajouter automatiquement les donateurs \u00e0 leur liste de diffusion, en s&rsquo;assurant par la suite qu&rsquo;ils restent inform\u00e9s de toute campagne ou \u00e9v\u00e9nement \u00e0 venir. De plus, l&rsquo;interface utilisateur intuitive de GiveWP MailChimp rend le processus de configuration et de gestion un jeu d&rsquo;enfant, annulant ainsi la n\u00e9cessit\u00e9 d&rsquo;une expertise de codage technique. En tirant parti de Givewp MailChimp, les organisations \u00e0 but non lucratif peuvent renforcer activement leur engagement des donateurs, favoriser les relations durables et, finalement, amasser de plus grandes ressources financi\u00e8res \u00e0 l&rsquo;appui de leur noble cause.<\/p>\n<ul>\n<li>Int\u00e9gration intuitive entre givewp et mailchimp<\/li>\n<li>Connectez de mani\u00e8re transparente les formulaires GiveWP aux listes de diffusion MailChimp<\/li>\n<li>Automatiser l&rsquo;envoi d&rsquo;e-mails aux donateurs pour les garder engag\u00e9s et inform\u00e9s<\/li>\n<li>Mod\u00e8les de messagerie personnalisables pour correspondre \u00e0 votre marque et \u00e0 votre message<\/li>\n<li>Suivre et analyser les donn\u00e9es de la campagne d&rsquo;e-mail pour mesurer le succ\u00e8s<\/li>\n<li>Augmenter la r\u00e9tention et l&rsquo;engagement des donateurs avec la communication cibl\u00e9e<\/li>\n<li>Configuration et configuration faciles pour une exp\u00e9rience sans tracas<\/li>\n<li>Compatible avec les derni\u00e8res versions et mises \u00e0 jour de GiveWP et MailChimp<\/li>\n<li>Confiance par des milliers d&rsquo;utilisateurs de GiveWP pour communiquer efficacement avec leurs donateurs<\/li>\n<\/ul>\n","protected":false},"excerpt":{"rendered":"<p>Le plugin GiveWP MailChimp est un outil incroyablement robuste et puissant qui a \u00e9t\u00e9 sp\u00e9cifiquement con\u00e7u pour int\u00e9grer parfaitement vos dons GiveWP avec vos campagnes d&rsquo;e-mails MailChimp. Son interface conviviale et sa vaste gamme d&rsquo;options de personnalisation vous assurent que vous pouvez automatiser sans effort votre strat\u00e9gie de marketing par e-mail, tout en pr\u00e9servant une touche v\u00e9ritablement personnalis\u00e9e avec vos inestimables donateurs. De plus, le plugin propose une fonctionnalit\u00e9 compl\u00e8te et tr\u00e8s nuanc\u00e9e de rapports et d&rsquo;analyses, gracieuset\u00e9 de GiveWP et MailChimp, vous permettant de surveiller \u00e9troitement les triomphes de vos campagnes. En incorporant le plugin GiveWP MailChimp dans vos op\u00e9rations, vous pouvez vous attendre \u00e0 assister \u00e0 une augmentation substantielle de l&rsquo;engagement et, finalement, une augmentation significative du volume de dons.<\/p>\n","protected":false},"featured_media":144006,"comment_status":"open","ping_status":"open","template":"","meta":[],"product_brand":[2561],"product_cat":[1207,1181,1186],"product_tag":[2282],"class_list":{"0":"post-115773","1":"product","2":"type-product","3":"status-publish","4":"has-post-thumbnail","6":"product_brand-givewp","7":"product_cat-commercialisation-wordpress-plugins","8":"product_cat-plugins","9":"product_cat-wordpress-plugins","10":"product_tag-givewp","11":"member-discount","12":"discount-restricted","14":"first","15":"instock","16":"sale","17":"downloadable","18":"virtual","19":"sold-individually","20":"purchasable","21":"product-type-simple"},"_links":{"self":[{"href":"https:\/\/gpl-love.com\/fr\/wp-json\/wp\/v2\/product\/115773","targetHints":{"allow":["GET"]}}],"collection":[{"href":"https:\/\/gpl-love.com\/fr\/wp-json\/wp\/v2\/product"}],"about":[{"href":"https:\/\/gpl-love.com\/fr\/wp-json\/wp\/v2\/types\/product"}],"replies":[{"embeddable":true,"href":"https:\/\/gpl-love.com\/fr\/wp-json\/wp\/v2\/comments?post=115773"}],"wp:featuredmedia":[{"embeddable":true,"href":"https:\/\/gpl-love.com\/fr\/wp-json\/wp\/v2\/media\/144006"}],"wp:attachment":[{"href":"https:\/\/gpl-love.com\/fr\/wp-json\/wp\/v2\/media?parent=115773"}],"wp:term":[{"taxonomy":"product_brand","embeddable":true,"href":"https:\/\/gpl-love.com\/fr\/wp-json\/wp\/v2\/product_brand?post=115773"},{"taxonomy":"product_cat","embeddable":true,"href":"https:\/\/gpl-love.com\/fr\/wp-json\/wp\/v2\/product_cat?post=115773"},{"taxonomy":"product_tag","embeddable":true,"href":"https:\/\/gpl-love.com\/fr\/wp-json\/wp\/v2\/product_tag?post=115773"}],"curies":[{"name":"wp","href":"https:\/\/api.w.org\/{rel}","templated":true}]}}