{"id":115771,"date":"2025-11-20T00:00:00","date_gmt":"2025-11-19T23:00:00","guid":{"rendered":"http:\/\/gpl-love.com\/fr\/produit\/give-gift-aid\/"},"modified":"2026-03-20T23:16:44","modified_gmt":"2026-03-20T22:16:44","slug":"give-gift-aid","status":"publish","type":"product","link":"https:\/\/gpl-love.com\/fr\/produit\/give-gift-aid\/","title":{"rendered":"GiveWP Gift Aid 2.2.1"},"content":{"rendered":"<h3>GiveWP Gift Aid Traits<\/h3>\n<p>GiveWP Gift Aid est un plugin tr\u00e8s pratique qui facilite le processus pour que les donateurs incorporent l&rsquo;aide-cadeaux \u00e0 leurs dons. Ce plugin remarquable vous permet d&rsquo;am\u00e9liorer vos efforts de collecte de fonds en accordant \u00e0 vos donateurs la possibilit\u00e9 d&rsquo;amplifier la valeur de leurs contributions par la remise en \u00e9tat d&rsquo;imp\u00f4t. L&rsquo;int\u00e9gration transparente de GiveWP Gift Aid avec le plugin GiveWP Donations rationalise la configuration et l&rsquo;utilisation de cet outil remarquable, garantissant une exp\u00e9rience sans effort. De plus, ce plugin poss\u00e8de des capacit\u00e9s de personnalisation compl\u00e8tes, vous permettant d&rsquo;adapter ses fonctionnalit\u00e9s pour s&rsquo;aligner parfaitement sur les exigences uniques de votre organisation. De plus, il convient de noter que GiveWP Gift Aid adh\u00e8re strictement aux r\u00e9glementations du RGPD, assurant la plus grande protection des donn\u00e9es de vos donateurs inestimables. Quelle que soit l&rsquo;ampleur de votre organisation, que vous soyez un organisme de bienfaisance modeste ou une entit\u00e9 colossale \u00e0 but non lucratif, GiveWP Gift Aid a le potentiel d&rsquo;optimiser vos initiatives de collecte de fonds, vous permettant ainsi de cr\u00e9er un impact plus substantiel.<\/p>\n<ul>\n<li>Int\u00e9gration transparente avec la plate-forme de dons GiveWP<\/li>\n<li>Permet aux donateurs d&rsquo;ajouter facilement une aide-cadeau \u00e0 leurs dons<\/li>\n<li>Aide les organisations \u00e0 r\u00e9clamer 25% suppl\u00e9mentaires sur les dons \u00e9ligibles<\/li>\n<li>Automatise le processus de r\u00e9clamation des cadeaux<\/li>\n<li>Aucune forme de paperasse ou contribution manuelle suppl\u00e9mentaire requise<\/li>\n<li>Compatible avec les rapports et les analyses GiveWP<\/li>\n<li>Peut augmenter les revenus des organisations \u00e9ligibles<\/li>\n<li>Aide \u00e0 inciter les partisans \u00e0 en donner davantage en maximisant l&rsquo;impact de leurs dons<\/li>\n<li>\u00c9conomise du temps et des ressources en rationalisant le processus d&rsquo;aide-cadeau<\/li>\n<li>Comprend le support client et l&rsquo;assistance de configuration de l&rsquo;\u00e9quipe GiveWP.<\/li>\n<\/ul>\n","protected":false},"excerpt":{"rendered":"<p>GiveWP Gift Aid est un plugin remarquablement robuste et tr\u00e8s efficace qui a \u00e9t\u00e9 sp\u00e9cialement con\u00e7u pour am\u00e9liorer consid\u00e9rablement la quantit\u00e9 de dons que votre organisation \u00e0 but non lucratif re\u00e7oit. Ce plugin exceptionnel offre aux donateurs une option conviviale et transparente pour s&rsquo;opposer \u00e0 l&rsquo;aide-cadeau, permettant ainsi \u00e0 votre organisation de r\u00e9cup\u00e9rer sans effort 25% suppl\u00e9mentaires sur toutes les contributions \u00e9ligibles de HM Revenue &#038; Customs. De plus, le processus de configuration de ce plugin est incroyablement simple, garantissant que vous pouvez rapidement commencer \u00e0 utiliser ses fonctionnalit\u00e9s et avantages inestimables en quelques minutes. De plus, le tableau de bord intuitivement con\u00e7u vous offre un moyen sans effort de surveiller et de g\u00e9rer sans effort tous les dons, ainsi que de suivre facilement les all\u00e9gations d&rsquo;aide aux cadeaux. En mettant en \u0153uvre GiveWP Gift Aid, vous non seulement permettez \u00e0 vos g\u00e9n\u00e9reux donateurs d&rsquo;avoir un impact encore plus important avec leurs cadeaux bienveillants, mais vous rationalisez et optimisez \u00e9galement les processus financiers et les ressources de votre organisation.<\/p>\n","protected":false},"featured_media":144002,"comment_status":"open","ping_status":"open","template":"","meta":[],"product_brand":[2561],"product_cat":[1189,1181,1186],"product_tag":[2282],"class_list":{"0":"post-115771","1":"product","2":"type-product","3":"status-publish","4":"has-post-thumbnail","6":"product_brand-givewp","7":"product_cat-personnalisation","8":"product_cat-plugins","9":"product_cat-wordpress-plugins","10":"product_tag-givewp","11":"member-discount","12":"discount-restricted","14":"first","15":"instock","16":"sale","17":"downloadable","18":"virtual","19":"sold-individually","20":"purchasable","21":"product-type-simple"},"_links":{"self":[{"href":"https:\/\/gpl-love.com\/fr\/wp-json\/wp\/v2\/product\/115771","targetHints":{"allow":["GET"]}}],"collection":[{"href":"https:\/\/gpl-love.com\/fr\/wp-json\/wp\/v2\/product"}],"about":[{"href":"https:\/\/gpl-love.com\/fr\/wp-json\/wp\/v2\/types\/product"}],"replies":[{"embeddable":true,"href":"https:\/\/gpl-love.com\/fr\/wp-json\/wp\/v2\/comments?post=115771"}],"wp:featuredmedia":[{"embeddable":true,"href":"https:\/\/gpl-love.com\/fr\/wp-json\/wp\/v2\/media\/144002"}],"wp:attachment":[{"href":"https:\/\/gpl-love.com\/fr\/wp-json\/wp\/v2\/media?parent=115771"}],"wp:term":[{"taxonomy":"product_brand","embeddable":true,"href":"https:\/\/gpl-love.com\/fr\/wp-json\/wp\/v2\/product_brand?post=115771"},{"taxonomy":"product_cat","embeddable":true,"href":"https:\/\/gpl-love.com\/fr\/wp-json\/wp\/v2\/product_cat?post=115771"},{"taxonomy":"product_tag","embeddable":true,"href":"https:\/\/gpl-love.com\/fr\/wp-json\/wp\/v2\/product_tag?post=115771"}],"curies":[{"name":"wp","href":"https:\/\/api.w.org\/{rel}","templated":true}]}}