{"id":115769,"date":"2026-04-10T00:00:00","date_gmt":"2026-04-09T22:00:00","guid":{"rendered":"http:\/\/gpl-love.com\/fr\/produit\/give-fee-recovery\/"},"modified":"2026-04-10T18:30:47","modified_gmt":"2026-04-10T16:30:47","slug":"give-fee-recovery","status":"publish","type":"product","link":"https:\/\/gpl-love.com\/fr\/produit\/give-fee-recovery\/","title":{"rendered":"GiveWP Fee Recovery 2.3.7"},"content":{"rendered":"<h3>GiveWP Fee Recovery Traits<\/h3>\n<p>GiveWP Fee Recovery est un outil tr\u00e8s sophistiqu\u00e9 et de pointe m\u00e9ticuleusement con\u00e7u dans l&rsquo;objectif principal d&rsquo;aider les organisations \u00e0 but non lucratif \u00e0 r\u00e9cup\u00e9rer les frais li\u00e9s \u00e0 des transactions par carte de cr\u00e9dit. En vertu de ce plugin incroyablement puissant, les organisations \u00e0 but non lucratif peuvent contrebalancer sans effort les frais de traitement on\u00e9reux affili\u00e9s aux dons en ligne, garantissant ainsi qu&rsquo;ils sont en mesure d&rsquo;obtenir la somme compl\u00e8te et non fraterr\u00e9e de chaque contribution g\u00e9n\u00e9reuse. GiveWP Fee Recovery est intrins\u00e8quement convivial et s&rsquo;int\u00e8gre parfaitement \u00e0 votre plate-forme de don GiveWP pr\u00e9existante, ce qui le rend une solution extr\u00eamement pratique et sans tracas. Peu importe si votre organisme \u00e0 but non lucratif est class\u00e9 comme relativement diminutif ou se vante d&rsquo;une port\u00e9e \u00e9tendue louable, ce plugin a la capacit\u00e9 d&rsquo;am\u00e9liorer et d&rsquo;optimiser consid\u00e9rablement vos efforts de collecte de fonds, augmentant simultan\u00e9ment l&rsquo;efficacit\u00e9 et l&rsquo;influence de votre noble mission. Ne perdez pas de temps \u00e0 exp\u00e9rimenter les capacit\u00e9s in\u00e9gal\u00e9es de la r\u00e9cup\u00e9ration des frais GiveWP et commencez le processus de r\u00e9cup\u00e9ration et de r\u00e9cup\u00e9ration des d\u00e9penses associ\u00e9es aux dons en ligne aujourd&rsquo;hui.<\/p>\n<ul>\n<li>Aide les utilisateurs \u00e0 r\u00e9cup\u00e9rer les frais de traitement engag\u00e9s \u00e0 partir de transactions en ligne<\/li>\n<li>S&rsquo;int\u00e8gre avec le plugin givewp de mani\u00e8re transparente<\/li>\n<li>Ajoute automatiquement les frais de traitement aux totaux de dons<\/li>\n<li>Permet aux utilisateurs de choisir d&rsquo;afficher la r\u00e9partition des frais pour les donateurs ou non<\/li>\n<li>L&rsquo;interface conviviale permet de suivre facilement les progr\u00e8s de la r\u00e9cup\u00e9ration des frais<\/li>\n<li>Rationalise le processus de don pour les utilisateurs et les donateurs<\/li>\n<li>Aide les organisations \u00e0 augmenter les revenus et les dons en ne perdant pas les frais de traitement<\/li>\n<li>Peut \u00eatre utilis\u00e9 avec des passerelles de paiement majeures, notamment Stripe, PayPal et Authorize.net<\/li>\n<li>Fournit des rapports transparents et d\u00e9taill\u00e9s sur les frais r\u00e9cup\u00e9r\u00e9s<\/li>\n<li>Offre des options de personnalisation flexibles pour r\u00e9pondre aux besoins individuels<\/li>\n<\/ul>\n","protected":false},"excerpt":{"rendered":"<p>GiveWP Fee Recovery est un outil robuste et tr\u00e8s efficace qui a \u00e9t\u00e9 sp\u00e9cifiquement con\u00e7u pour les organisations \u00e0 but non lucratif afin de surmonter la charge financi\u00e8re des frais de traitement des paiements associ\u00e9s aux dons. En int\u00e9grant de mani\u00e8re transparente ce plugin dans votre site Web, vous \u00eates autoris\u00e9 \u00e0 augmenter sans effort chaque don avec des frais d&rsquo;incroyable mais cons\u00e9quents, r\u00e9coltant ainsi les avantages de la r\u00e9cup\u00e9ration des d\u00e9penses engag\u00e9es lors du traitement de ces paiements. Par cons\u00e9quent, cette fonctionnalit\u00e9 inestimable sert \u00e0 \u00e9lever vos efforts de collecte de fonds \u00e0 de nouveaux sommets en garantissant que vous atteignez l&rsquo;int\u00e9gralit\u00e9 de la valeur de don pr\u00e9vue, facilitant ainsi la maximisation de vos revenus de don. De plus, la nature conviviale de ce plugin le rend facilement accessible \u00e0 tous, tandis que sa personnalisation compl\u00e8te garantit qu&rsquo;elle peut \u00eatre adapt\u00e9e \u00e0 vos besoins uniques. De plus, sa compatibilit\u00e9 avec une vaste gamme de passerelles de paiement renforce sa polyvalence, vous permettant ainsi de l&rsquo;int\u00e9grer de mani\u00e8re transparente dans votre configuration existante sans aucune complication. Embrassez GiveWP Fee Recovery aujourd&rsquo;hui afin d&rsquo;optimiser vos dons et de catapulter vos efforts de collecte de fonds \u00e0 des niveaux de succ\u00e8s sans pr\u00e9c\u00e9dent.<\/p>\n","protected":false},"featured_media":144000,"comment_status":"open","ping_status":"open","template":"","meta":[],"product_brand":[2561],"product_cat":[1189,1181,1186],"product_tag":[2282],"class_list":{"0":"post-115769","1":"product","2":"type-product","3":"status-publish","4":"has-post-thumbnail","6":"product_brand-givewp","7":"product_cat-personnalisation","8":"product_cat-plugins","9":"product_cat-wordpress-plugins","10":"product_tag-givewp","11":"member-discount","12":"discount-restricted","14":"first","15":"instock","16":"sale","17":"downloadable","18":"virtual","19":"sold-individually","20":"purchasable","21":"product-type-simple"},"_links":{"self":[{"href":"https:\/\/gpl-love.com\/fr\/wp-json\/wp\/v2\/product\/115769","targetHints":{"allow":["GET"]}}],"collection":[{"href":"https:\/\/gpl-love.com\/fr\/wp-json\/wp\/v2\/product"}],"about":[{"href":"https:\/\/gpl-love.com\/fr\/wp-json\/wp\/v2\/types\/product"}],"replies":[{"embeddable":true,"href":"https:\/\/gpl-love.com\/fr\/wp-json\/wp\/v2\/comments?post=115769"}],"wp:featuredmedia":[{"embeddable":true,"href":"https:\/\/gpl-love.com\/fr\/wp-json\/wp\/v2\/media\/144000"}],"wp:attachment":[{"href":"https:\/\/gpl-love.com\/fr\/wp-json\/wp\/v2\/media?parent=115769"}],"wp:term":[{"taxonomy":"product_brand","embeddable":true,"href":"https:\/\/gpl-love.com\/fr\/wp-json\/wp\/v2\/product_brand?post=115769"},{"taxonomy":"product_cat","embeddable":true,"href":"https:\/\/gpl-love.com\/fr\/wp-json\/wp\/v2\/product_cat?post=115769"},{"taxonomy":"product_tag","embeddable":true,"href":"https:\/\/gpl-love.com\/fr\/wp-json\/wp\/v2\/product_tag?post=115769"}],"curies":[{"name":"wp","href":"https:\/\/api.w.org\/{rel}","templated":true}]}}