{"id":115765,"date":"2021-06-10T00:00:00","date_gmt":"2021-06-09T22:00:00","guid":{"rendered":"http:\/\/gpl-love.com\/fr\/produit\/give-aweber\/"},"modified":"2026-03-20T23:16:35","modified_gmt":"2026-03-20T22:16:35","slug":"give-aweber","status":"publish","type":"product","link":"https:\/\/gpl-love.com\/fr\/produit\/give-aweber\/","title":{"rendered":"GiveWP Aweber 1.0.4"},"content":{"rendered":"<h3>GiveWP Aweber Traits<\/h3>\n<p>L&rsquo;int\u00e9gration Aweber GiveWP est un outil extr\u00eamement puissant et robuste qui \u00e9tablit de mani\u00e8re transparente une connexion impeccable entre vos formulaires de don GiveWP et votre outil de marketing par e-mail Aweber. En tirant parti de cette int\u00e9gration, vous obtenez la capacit\u00e9 remarquable d&rsquo;acqu\u00e9rir et d&rsquo;obtenir sans effort les adresses e-mail des donateurs, par la suite et en les ajoutant automatiquement \u00e0 votre liste de diffusion Aweber pour faciliter la communication cibl\u00e9e et personnalis\u00e9e. Avec sa configuration et sa gestion rationalis\u00e9es, ce produit exceptionnel simplifie consid\u00e9rablement votre flux de travail tout en vous donnant une exp\u00e9rience sans tracas. Par cons\u00e9quent, l&rsquo;int\u00e9gration BidWP Aweber appara\u00eet comme une solution exemplaire et optimale pour les organisations, des organismes de bienfaisance et des collectes de fonds \u00e0 but non lucratif cherchant \u00e0 favoriser et \u00e0 maintenir un lien ininterrompu avec leurs estimateurs estim\u00e9s, am\u00e9liorant finalement et augmentant leurs efforts de collecte de fonds \u00e0 de nouveaux sommets.<\/p>\n<ul>\n<li>Int\u00e9gre les formulaires de don GiveWP avec un logiciel de marketing par e-mail Aweber<\/li>\n<li>Permet aux organisations \u00e0 but non lucratif de collecter facilement les adresses e-mail des donateurs pour une communication future<\/li>\n<li>Automate le processus d&rsquo;ajout d&rsquo;informations sur les donateurs aux listes d&rsquo;abonn\u00e9s Aweber<\/li>\n<li>Permet aux organisations \u00e0 but non lucratif de segmenter les donateurs en fonction de leurs actions ou int\u00e9r\u00eats pour la communication cibl\u00e9e<\/li>\n<li>Augmente l&rsquo;engagement global des donateurs et le soutien \u00e0 long terme \u00e0 l&rsquo;organisation \u00e0 but non lucratif<\/li>\n<li>\u00c9limine le besoin de saisie manuelle de donn\u00e9es et d&rsquo;erreurs potentielles dans le transfert d&rsquo;informations sur les donneurs<\/li>\n<li>Fournit une exp\u00e9rience utilisateur sans couture et professionnelle \u00e0 la fois \u00e0 l&rsquo;organisme \u00e0 but non lucratif et \u00e0 leurs donateurs<\/li>\n<li>Am\u00e9liore la capacit\u00e9 de l&rsquo;organisme \u00e0 but non lucratif \u00e0 suivre et \u00e0 mesurer le succ\u00e8s de leurs campagnes de marketing par e-mail.<\/li>\n<\/ul>\n","protected":false},"excerpt":{"rendered":"<p>L&rsquo;outil d&rsquo;int\u00e9gration Aweber GiveWP offre un niveau \u00e9lev\u00e9 d&rsquo;efficacit\u00e9 car il facilite une int\u00e9gration fluide entre BidWP et Aweber. Cette int\u00e9gration vous permet de rassembler et de g\u00e9rer sans effort vos abonn\u00e9s par e-mail directement \u00e0 partir de vos formulaires de don. En utilisant GiveWP Aweber, vous pouvez optimiser votre processus de don et d\u00e9velopper simultan\u00e9ment votre liste de diffusion, le tout dans une plate-forme conviviale. Que vous op\u00e9riez comme une organisation \u00e0 but non lucratif, un organisme de bienfaisance ou une collecte de fonds, GiveWP Aweber est une ressource pr\u00e9cieuse qui peut consid\u00e9rablement am\u00e9liorer vos efforts de collecte de fonds et augmenter la taille de votre liste de diffusion. Profitez de cette opportunit\u00e9 aujourd&rsquo;hui et lancez-vous dans la phase initiale de l&rsquo;\u00e9largissement de votre organisation!<\/p>\n","protected":false},"featured_media":143991,"comment_status":"open","ping_status":"open","template":"","meta":[],"product_brand":[2561],"product_cat":[1207,1181,1186],"product_tag":[2282],"class_list":{"0":"post-115765","1":"product","2":"type-product","3":"status-publish","4":"has-post-thumbnail","6":"product_brand-givewp","7":"product_cat-commercialisation-wordpress-plugins","8":"product_cat-plugins","9":"product_cat-wordpress-plugins","10":"product_tag-givewp","11":"member-discount","12":"discount-restricted","14":"first","15":"instock","16":"sale","17":"downloadable","18":"virtual","19":"sold-individually","20":"purchasable","21":"product-type-simple"},"_links":{"self":[{"href":"https:\/\/gpl-love.com\/fr\/wp-json\/wp\/v2\/product\/115765","targetHints":{"allow":["GET"]}}],"collection":[{"href":"https:\/\/gpl-love.com\/fr\/wp-json\/wp\/v2\/product"}],"about":[{"href":"https:\/\/gpl-love.com\/fr\/wp-json\/wp\/v2\/types\/product"}],"replies":[{"embeddable":true,"href":"https:\/\/gpl-love.com\/fr\/wp-json\/wp\/v2\/comments?post=115765"}],"wp:featuredmedia":[{"embeddable":true,"href":"https:\/\/gpl-love.com\/fr\/wp-json\/wp\/v2\/media\/143991"}],"wp:attachment":[{"href":"https:\/\/gpl-love.com\/fr\/wp-json\/wp\/v2\/media?parent=115765"}],"wp:term":[{"taxonomy":"product_brand","embeddable":true,"href":"https:\/\/gpl-love.com\/fr\/wp-json\/wp\/v2\/product_brand?post=115765"},{"taxonomy":"product_cat","embeddable":true,"href":"https:\/\/gpl-love.com\/fr\/wp-json\/wp\/v2\/product_cat?post=115765"},{"taxonomy":"product_tag","embeddable":true,"href":"https:\/\/gpl-love.com\/fr\/wp-json\/wp\/v2\/product_tag?post=115765"}],"curies":[{"name":"wp","href":"https:\/\/api.w.org\/{rel}","templated":true}]}}