{"id":115763,"date":"2025-09-13T00:00:00","date_gmt":"2025-09-12T22:00:00","guid":{"rendered":"http:\/\/gpl-love.com\/fr\/produit\/give-annual-receipts\/"},"modified":"2026-03-20T23:16:33","modified_gmt":"2026-03-20T22:16:33","slug":"give-annual-receipts","status":"publish","type":"product","link":"https:\/\/gpl-love.com\/fr\/produit\/give-annual-receipts\/","title":{"rendered":"GiveWP Annual Receipts 1.1.2"},"content":{"rendered":"<h3>GiveWP Annual Receipts Traits<\/h3>\n<p>Le produit GiveWP Annual Receipts est sp\u00e9cifiquement con\u00e7u pour les organisations \u00e0 but non lucratif, leur permettant de g\u00e9n\u00e9rer sans effort des re\u00e7us qui non seulement d\u00e9gagent le professionnalisme, mais aussi la pr\u00e9cision. Ce logiciel r\u00e9volutionnaire sert de solution tr\u00e8s pratique et efficace pour suivre les dons et \u00e9mettre rapidement des re\u00e7us aux fins de la fiscalit\u00e9. En tirant parti des re\u00e7us annuels GiveWP, les organisations sont autoris\u00e9es \u00e0 personnaliser sans effort leurs re\u00e7us en incorporant leurs propres informations de marque et leurs donneurs, tout en \u00e9tant en mesure de g\u00e9n\u00e9rer efficacement une multitude de re\u00e7us pour leurs g\u00e9n\u00e9reux contributeurs \u00e0 grande \u00e9chelle. Ce produit exceptionnel garantit le plus grand respect du r\u00e9seau complexe de r\u00e9glementations fiscales, favorisant finalement un environnement de confiance, d&rsquo;ouverture et de fiabilit\u00e9 avec les donateurs gr\u00e2ce \u00e0 une communication transparente et opportune. Il va sans dire que GiveWP Annual Receipts est un actif inestimable pour toute organisation \u00e0 but non lucratif, servant d&rsquo;outil indispensable pour rationaliser leur processus de gestion des dons et garantir une exp\u00e9rience de donneur in\u00e9gal\u00e9e qui reste sans couture et sans tracas.<\/p>\n<ul>\n<li>Acc\u00e8s aux re\u00e7us annuels d\u00e9taill\u00e9s pour les transactions GiveWP<\/li>\n<li>Emplacement pratique et centralis\u00e9 pour tous les re\u00e7us de dons givewp<\/li>\n<li>Capacit\u00e9 \u00e0 suivre et \u00e0 signaler facilement les contributions caritatives<\/li>\n<li>Mod\u00e8les de r\u00e9ception personnalisables avec des options de marque<\/li>\n<li>Solution de gain de temps pour la saison fiscale et la reconnaissance des donateurs<\/li>\n<li>Rationalise la tenue des dossiers financiers pour les organisations \u00e0 but non lucratif<\/li>\n<li>Compatible avec le logiciel comptable populaire<\/li>\n<li>Options de tarification abordables pour les petits et grands organismes \u00e0 but non lucratif<\/li>\n<li>\u00c9quipe de support client r\u00e9actif pour toute question ou pr\u00e9occupation<\/li>\n<\/ul>\n","protected":false},"excerpt":{"rendered":"<p>Les recettes annuelles GiveWP pr\u00e9sentent une solution compl\u00e8te et globale qui facilite efficacement la g\u00e9n\u00e9ration, la gestion et la distribution des re\u00e7us de don annuels \u00e0 vos donateurs estim\u00e9s. En utilisant cet outil remarquable, vous pourrez sans effort g\u00e9n\u00e9rer des re\u00e7us personnalis\u00e9s qui adh\u00e8rent impeccablement aux r\u00e9glementations strictes \u00e9nonc\u00e9es par l&rsquo;Internal Revenue Service. De plus, la t\u00e2che ardue de diffuser ces re\u00e7us \u00e0 vos donateurs peut \u00eatre automatis\u00e9e sans effort, que ce soit par la correspondance \u00e9lectronique ou le courrier physique traditionnel. En approfondissant la fonctionnalit\u00e9 de cette ressource exemplaire, vous constaterez qu&rsquo;il vous offre \u00e9galement la capacit\u00e9 remarquable de suivre m\u00e9ticuleusement le statut de vos re\u00e7us, d&rsquo;examiner m\u00e9ticuleusement l&rsquo;histoire compl\u00e8te de la r\u00e9ception et d&rsquo;acqu\u00e9rir des informations inestimables et exploitables concernant les tendances de don. En fin de compte, cet outil extr\u00eamement fiable et remarquablement convivial sert non seulement \u00e0 vous faire \u00e9conomiser un laps de temps inestimable, mais garantit \u00e9galement que votre organisation reste stricte \u00e0 se conformer \u00e0 toutes les r\u00e9glementations pertinentes r\u00e9gissant les dons.<\/p>\n","protected":false},"featured_media":143989,"comment_status":"open","ping_status":"open","template":"","meta":[],"product_brand":[2561],"product_cat":[1189,1181,1186],"product_tag":[2282],"class_list":{"0":"post-115763","1":"product","2":"type-product","3":"status-publish","4":"has-post-thumbnail","6":"product_brand-givewp","7":"product_cat-personnalisation","8":"product_cat-plugins","9":"product_cat-wordpress-plugins","10":"product_tag-givewp","11":"member-discount","12":"discount-restricted","14":"first","15":"instock","16":"sale","17":"downloadable","18":"virtual","19":"sold-individually","20":"purchasable","21":"product-type-simple"},"_links":{"self":[{"href":"https:\/\/gpl-love.com\/fr\/wp-json\/wp\/v2\/product\/115763","targetHints":{"allow":["GET"]}}],"collection":[{"href":"https:\/\/gpl-love.com\/fr\/wp-json\/wp\/v2\/product"}],"about":[{"href":"https:\/\/gpl-love.com\/fr\/wp-json\/wp\/v2\/types\/product"}],"replies":[{"embeddable":true,"href":"https:\/\/gpl-love.com\/fr\/wp-json\/wp\/v2\/comments?post=115763"}],"wp:featuredmedia":[{"embeddable":true,"href":"https:\/\/gpl-love.com\/fr\/wp-json\/wp\/v2\/media\/143989"}],"wp:attachment":[{"href":"https:\/\/gpl-love.com\/fr\/wp-json\/wp\/v2\/media?parent=115763"}],"wp:term":[{"taxonomy":"product_brand","embeddable":true,"href":"https:\/\/gpl-love.com\/fr\/wp-json\/wp\/v2\/product_brand?post=115763"},{"taxonomy":"product_cat","embeddable":true,"href":"https:\/\/gpl-love.com\/fr\/wp-json\/wp\/v2\/product_cat?post=115763"},{"taxonomy":"product_tag","embeddable":true,"href":"https:\/\/gpl-love.com\/fr\/wp-json\/wp\/v2\/product_tag?post=115763"}],"curies":[{"name":"wp","href":"https:\/\/api.w.org\/{rel}","templated":true}]}}