{"id":115760,"date":"2022-06-02T00:00:00","date_gmt":"2022-06-01T22:00:00","guid":{"rendered":"http:\/\/gpl-love.com\/fr\/produit\/ht-menu-pro-mega-menu-builder-pour-elementor\/"},"modified":"2026-03-20T23:19:54","modified_gmt":"2026-03-20T22:19:54","slug":"ht-menu-pro-mega-menu-builder-pour-elementor","status":"publish","type":"product","link":"https:\/\/gpl-love.com\/fr\/produit\/ht-menu-pro-mega-menu-builder-pour-elementor\/","title":{"rendered":"HT Menu Pro Mega Menu Builder pour Elementor 1.0.7"},"content":{"rendered":"<h3>HT Menu Pro Mega Menu Builder pour Elementor Traits<\/h3>\n<p>Le HT Menu Pro Mega Menu Builder pour Elementor est un outil incroyablement robuste et polyvalent qui permet aux utilisateurs de construire et de personnaliser sans effort des menus m\u00e9ga pour leurs sites Web. B\u00e9n\u00e9ficiant d&rsquo;une interface intuitive et conviviale, les individus ont la libert\u00e9 de g\u00e9rer des menus qui englobent une pl\u00e9thore d&rsquo;\u00e9l\u00e9ments captivants, englobant mais pas limit\u00e9 \u00e0 des images frappantes, des ic\u00f4nes visuellement attrayantes et des widgets dynamiques. Ce plugin exceptionnel englobe une vaste gamme d&rsquo;options de personnalisation, offrant aux utilisateurs un contr\u00f4le in\u00e9gal\u00e9 sur l&rsquo;esth\u00e9tique et l&rsquo;ambiance de leurs menus. De plus, le HT Menu Pro Mega Menu Builder propose une myriade de fonctionnalit\u00e9s impressionnantes, y compris, mais sans s&rsquo;y limiter , des m\u00e9ga menus sophistiqu\u00e9s et professionnels.<\/p>\n<ul>\n<li>Cr\u00e9ez des m\u00e9ga menus \u00e9poustouflants pour votre site Web en quelques minutes<\/li>\n<li>Interface glisser et d\u00e9poser qui est simple et intuitive<\/li>\n<li>Aucune connaissance ou exp\u00e9rience de codage requise<\/li>\n<li>Options de navigation enti\u00e8rement personnalisables<\/li>\n<li>Conception r\u00e9active pour le mobile, la tablette et le bureau<\/li>\n<li>Cr\u00e9ez facilement des menus \u00e0 plusieurs niveaux avec des caisses, des images et des ic\u00f4nes<\/li>\n<li>Choisissez parmi une vari\u00e9t\u00e9 de styles et de couleurs pour correspondre \u00e0 la marque de votre site Web<\/li>\n<li>Prend en charge les menus verticaux et horizontaux<\/li>\n<li>Compatible avec tous les th\u00e8mes Elementor<\/li>\n<li>Gagnez du temps et des efforts en utilisant des mod\u00e8les pr\u00e9-fabriqu\u00e9s<\/li>\n<li>Documentation approfondie et soutien disponibles.<\/li>\n<\/ul>\n","protected":false},"excerpt":{"rendered":"<p>HT Menu Pro Mega Menu Builder est un plugin hautement sophistiqu\u00e9 et multiforme qui offre aux utilisateurs une exp\u00e9rience transparente et compl\u00e8te pour g\u00e9n\u00e9rer et superviser sans effort des m\u00e9ga menus complexes pour leurs sites Web aliment\u00e9s par Elementor. En raison de son interface de glisser-d\u00e9poser remarquablement intuitive et conviviale, de fonctionnalit\u00e9s abondamment personnalisables et de compatibilit\u00e9 impeccable avec un \u00e9ventail de th\u00e8mes WordPress, ce constructeur remarquablement puissant aide efficacement les utilisateurs \u00e0 fabriquer des menus visuellement frappants qui augmentent ind\u00e9niablement l&rsquo;asesth\u00e9tique de leur site Web. et la convivialit\u00e9 globale. Que vous soyez un n\u00e9ophyte en herbe ou un v\u00e9t\u00e9ran chevronn\u00e9 dans le domaine de la conception Web, HT Menu Pro Mega Menu Builder fournit ind\u00e9niablement tous les outils et ressources essentiels n\u00e9cessaires pour modeler des m\u00e9ga menus exceptionnellement professionnels qui revigorent et revigorent votre site Web, respectant ainsi la vie de vie exceptionnellement professionnelle dans \u00e7a.<\/p>\n","protected":false},"featured_media":144203,"comment_status":"open","ping_status":"open","template":"","meta":[],"product_brand":[2435],"product_cat":[1189,1181,1186],"product_tag":[1231],"class_list":{"0":"post-115760","1":"product","2":"type-product","3":"status-publish","4":"has-post-thumbnail","6":"product_brand-codecanyon","7":"product_cat-personnalisation","8":"product_cat-plugins","9":"product_cat-wordpress-plugins","10":"product_tag-codecanyon","11":"member-discount","12":"discount-restricted","14":"first","15":"instock","16":"sale","17":"downloadable","18":"virtual","19":"sold-individually","20":"purchasable","21":"product-type-simple"},"_links":{"self":[{"href":"https:\/\/gpl-love.com\/fr\/wp-json\/wp\/v2\/product\/115760","targetHints":{"allow":["GET"]}}],"collection":[{"href":"https:\/\/gpl-love.com\/fr\/wp-json\/wp\/v2\/product"}],"about":[{"href":"https:\/\/gpl-love.com\/fr\/wp-json\/wp\/v2\/types\/product"}],"replies":[{"embeddable":true,"href":"https:\/\/gpl-love.com\/fr\/wp-json\/wp\/v2\/comments?post=115760"}],"wp:featuredmedia":[{"embeddable":true,"href":"https:\/\/gpl-love.com\/fr\/wp-json\/wp\/v2\/media\/144203"}],"wp:attachment":[{"href":"https:\/\/gpl-love.com\/fr\/wp-json\/wp\/v2\/media?parent=115760"}],"wp:term":[{"taxonomy":"product_brand","embeddable":true,"href":"https:\/\/gpl-love.com\/fr\/wp-json\/wp\/v2\/product_brand?post=115760"},{"taxonomy":"product_cat","embeddable":true,"href":"https:\/\/gpl-love.com\/fr\/wp-json\/wp\/v2\/product_cat?post=115760"},{"taxonomy":"product_tag","embeddable":true,"href":"https:\/\/gpl-love.com\/fr\/wp-json\/wp\/v2\/product_tag?post=115760"}],"curies":[{"name":"wp","href":"https:\/\/api.w.org\/{rel}","templated":true}]}}