{"id":115756,"date":"2024-09-22T00:00:00","date_gmt":"2024-09-21T22:00:00","guid":{"rendered":"http:\/\/gpl-love.com\/fr\/produit\/smart-notification-wordpress-plugin\/"},"modified":"2026-04-10T18:39:53","modified_gmt":"2026-04-10T16:39:53","slug":"smart-notification-wordpress-plugin","status":"publish","type":"product","link":"https:\/\/gpl-love.com\/fr\/produit\/smart-notification-wordpress-plugin\/","title":{"rendered":"Smart Notification WordPress Plugin 10.3"},"content":{"rendered":"<h3>Smart Notification WordPress Plugin Traits<\/h3>\n<p>Le plugin Smart Notification WordPress, qui a \u00e9t\u00e9 con\u00e7u pour am\u00e9liorer la communication entre les propri\u00e9taires de sites Web et leurs visiteurs, est un outil incroyablement puissant. Il offre aux utilisateurs la possibilit\u00e9 de cr\u00e9er et de personnaliser sans effort des notifications affich\u00e9es sur les pages ou les publications de leur site Web. Le plugin propose une vaste gamme de fonctionnalit\u00e9s, y compris des mod\u00e8les personnalisables, des options de ciblage pr\u00e9cises et la possibilit\u00e9 de planifier des notifications, qui permettent aux utilisateurs d&rsquo;adapter leurs communications aux besoins sp\u00e9cifiques de chaque visiteur individuel. En outre, le plugin de notification intelligent s&rsquo;int\u00e8gre de mani\u00e8re transparente \u00e0 un large \u00e9ventail de logiciels de marketing par e-mail, permettant aux utilisateurs de rationaliser leurs campagnes de messagerie et, finalement, \u00e0 augmenter leurs taux de conversion. En substance, le plugin WordPress de notification intelligente est un outil indispensable pour ceux qui cherchent \u00e0 am\u00e9liorer la communication et l&rsquo;engagement entre leur site Web et ses visiteurs.<\/p>\n<ul>\n<li>Envoie des notifications personnalis\u00e9es aux visiteurs en fonction de leur comportement de navigation<\/li>\n<li>Facile \u00e0 configurer et \u00e0 int\u00e9grer avec n&rsquo;importe quel site Web WordPress<\/li>\n<li>Permet de personnaliser les notifications pour correspondre \u00e0 la marque du site Web<\/li>\n<li>Fournit des informations et des analyses sur l&rsquo;engagement et l&rsquo;efficacit\u00e9 des notifications<\/li>\n<li>Prend en charge plusieurs types de notification tels que les e-mails, les notifications push et les notifications sur site<\/li>\n<li>Utilise l&rsquo;apprentissage automatique pour optimiser le synchronisation des notifications pour un engagement maximal<\/li>\n<li>Peut cibler des groupes d\u00e9mographiques ou g\u00e9ographiques sp\u00e9cifiques pour la messagerie cibl\u00e9e<\/li>\n<li>Offre des tests A \/ B pour la conception et le contenu de la notification pour maximiser l&rsquo;efficacit\u00e9.<\/li>\n<\/ul>\n","protected":false},"excerpt":{"rendered":"<p>En utilisant les capacit\u00e9s remarquables du plugin WordPress de notification intelligente, vous poss\u00e9derez la capacit\u00e9 remarquable de maintenir efficacement l&rsquo;engagement et l&rsquo;int\u00e9r\u00eat de vos visiteurs de sites Web estim\u00e9s en envoyant facilement des notifications push personnalis\u00e9es qui sont livr\u00e9es directement directement \u00e0 leurs appareils respectifs. Ce plugin tr\u00e8s convivial et navigable sans effort vous permet de planifier et de transmettre des notifications efficacement et sans effort sans effort qui sont m\u00e9ticuleusement adapt\u00e9es et pr\u00e9dis\u00e9es sur les activit\u00e9s sp\u00e9cifiques de l&rsquo;utilisateur, telles que leur achat capital ou leur absence malheureuse de leur panier. De plus, vous serez \u00e9galement stup\u00e9fait de d\u00e9couvrir que vous poss\u00e9dez la capacit\u00e9 remarquable de segmenter de mani\u00e8re experte votre public ch\u00e9ri, vous offrant une opportunit\u00e9 inestimable pour transmettre magnifiquement un peu cibl\u00e9 et hyper-personnalis\u00e9 les messages qui ne favorisent pas invariablement un sentiment de satisfaction sans pr\u00e9c\u00e9dent de votre satisfaction parmi vos estimes sans pr\u00e9c\u00e9dent de la satisfaction de votre satisfaction de votre satisfaction parmi vos estimes invariablement de la satisfaction de la satisfaction de votre satisfaction de votre satisfaction La client\u00e8le et augmentent exponentiellement les niveaux d&rsquo;engagement qu&rsquo;ils \u00e9prouvent. Gr\u00e2ce \u00e0 l&rsquo;efficacit\u00e9 et \u00e0 la commodit\u00e9 in\u00e9gal\u00e9es du plugin WordPress de notification intelligente, vous pouvez \u00eatre assur\u00e9 avec confiance en sachant que vous n&rsquo;aurez en aucun cas, en aucun cas, de capitaliser sur une occasion en or de vous connecter avec compr\u00e9hension avec vos membres de l&rsquo;audience bien-aim\u00e9s.<\/p>\n","protected":false},"featured_media":145270,"comment_status":"open","ping_status":"open","template":"","meta":[],"product_brand":[2435],"product_cat":[1189,1181,1186],"product_tag":[1231],"class_list":{"0":"post-115756","1":"product","2":"type-product","3":"status-publish","4":"has-post-thumbnail","6":"product_brand-codecanyon","7":"product_cat-personnalisation","8":"product_cat-plugins","9":"product_cat-wordpress-plugins","10":"product_tag-codecanyon","11":"member-discount","12":"discount-restricted","14":"first","15":"instock","16":"sale","17":"downloadable","18":"virtual","19":"sold-individually","20":"purchasable","21":"product-type-simple"},"_links":{"self":[{"href":"https:\/\/gpl-love.com\/fr\/wp-json\/wp\/v2\/product\/115756","targetHints":{"allow":["GET"]}}],"collection":[{"href":"https:\/\/gpl-love.com\/fr\/wp-json\/wp\/v2\/product"}],"about":[{"href":"https:\/\/gpl-love.com\/fr\/wp-json\/wp\/v2\/types\/product"}],"replies":[{"embeddable":true,"href":"https:\/\/gpl-love.com\/fr\/wp-json\/wp\/v2\/comments?post=115756"}],"wp:featuredmedia":[{"embeddable":true,"href":"https:\/\/gpl-love.com\/fr\/wp-json\/wp\/v2\/media\/145270"}],"wp:attachment":[{"href":"https:\/\/gpl-love.com\/fr\/wp-json\/wp\/v2\/media?parent=115756"}],"wp:term":[{"taxonomy":"product_brand","embeddable":true,"href":"https:\/\/gpl-love.com\/fr\/wp-json\/wp\/v2\/product_brand?post=115756"},{"taxonomy":"product_cat","embeddable":true,"href":"https:\/\/gpl-love.com\/fr\/wp-json\/wp\/v2\/product_cat?post=115756"},{"taxonomy":"product_tag","embeddable":true,"href":"https:\/\/gpl-love.com\/fr\/wp-json\/wp\/v2\/product_tag?post=115756"}],"curies":[{"name":"wp","href":"https:\/\/api.w.org\/{rel}","templated":true}]}}