{"id":115750,"date":"2024-07-29T00:00:00","date_gmt":"2024-07-28T22:00:00","guid":{"rendered":"http:\/\/gpl-love.com\/fr\/produit\/ubermenu-wordpress-mega-menu-plugin\/"},"modified":"2026-04-10T18:44:04","modified_gmt":"2026-04-10T16:44:04","slug":"ubermenu-wordpress-mega-menu-plugin","status":"publish","type":"product","link":"https:\/\/gpl-love.com\/fr\/produit\/ubermenu-wordpress-mega-menu-plugin\/","title":{"rendered":"UberMenu WordPress Mega Menu Plugin 3.8.5"},"content":{"rendered":"<h3>UberMenu WordPress Mega Menu Plugin Traits<\/h3>\n<p>UberMenu est un plugin WordPress exceptionnellement puissant qui offre aux utilisateurs la possibilit\u00e9 de g\u00e9n\u00e9rer sans effort des m\u00e9ga menus visuellement \u00e9tonnants pour leurs sites Web. Son interface glisser-d\u00e9poser conviviale accorde aux utilisateurs la libert\u00e9 d&rsquo;adapter leur disposition et leur style de menu en fonction de la conception unique de leur site. De plus, ce plugin poss\u00e8de une vaste gamme de fonctionnalit\u00e9s impressionnantes, telles que des options de positionnement hautement flexibles, des dispositions de sous-menu avanc\u00e9es et des skins personnalisables. Gr\u00e2ce \u00e0 l&rsquo;utilisation d&rsquo;UberMenu, les utilisateurs sont en mesure de fa\u00e7onner des menus qui pr\u00e9sentent \u00e9l\u00e9gamment leur contenu tout en offrant simultan\u00e9ment une exp\u00e9rience de navigation conviviale et transparente pour les visiteurs de leur site. Que l&rsquo;on exploite un blog, une boutique de commerce \u00e9lectronique ou un site Web d&rsquo;entreprise, UberMenu sert de solution ultime pour fabriquer des menus qui poss\u00e8dent une allure professionnelle et captivante, enrichissant finalement la fonctionnalit\u00e9 globale du site et l&rsquo;utilisateur de son site.<\/p>\n<ul>\n<li>Plugin WordPress convivial con\u00e7u pour cr\u00e9er de beaux menus m\u00e9ga fonctionnels pour votre site Web.<\/li>\n<li>Livr\u00e9 avec plusieurs peaux et mod\u00e8les pr\u00e9-con\u00e7us parmi lesquels choisir, ce qui rend la personnalisation un jeu d&rsquo;enfant.<\/li>\n<li>Vous permet d&rsquo;afficher diff\u00e9rents types de contenu dans votre mega menu, tels que des images, des vid\u00e9os et des widgets.<\/li>\n<li>S&rsquo;int\u00e8gre parfaitement \u00e0 votre th\u00e8me WordPress existant et propose une gamme d&rsquo;options de personnalisation pour correspondre \u00e0 votre marque.<\/li>\n<li>La conception r\u00e9active int\u00e9gr\u00e9e garantit que votre mega menu est superbe sur tous les appareils et tailles d&rsquo;\u00e9cran.<\/li>\n<li>Offre des fonctionnalit\u00e9s avanc\u00e9es telles que l&rsquo;int\u00e9gration en un clic avec des plates-formes de commerce \u00e9lectronique populaires et la prise en charge des URL adapt\u00e9es au r\u00e9f\u00e9rencement.<\/li>\n<li>Des mises \u00e0 jour r\u00e9guli\u00e8res et un support client solide vous assurent que vous avez toujours acc\u00e8s aux derni\u00e8res fonctionnalit\u00e9s et solutions \u00e0 tous les probl\u00e8mes.<\/li>\n<li>Convient aux utilisateurs de WordPress d\u00e9butants et avanc\u00e9s qui cherchent \u00e0 am\u00e9liorer la navigation et les fonctionnalit\u00e9s de leur site Web.<\/li>\n<\/ul>\n","protected":false},"excerpt":{"rendered":"<p>Le plugin UberMenu WordPress Mega Menu, un outil d&rsquo;ing\u00e9niosit\u00e9 remarquable, a \u00e9t\u00e9 m\u00e9ticuleusement d\u00e9velopp\u00e9 pour aider les individus \u00e0 cr\u00e9er des menus visuellement frappants et conviviaux, am\u00e9liorant ainsi l&rsquo;exp\u00e9rience de navigation de leurs sites Web WordPress. Ce formidable plugin poss\u00e8de une pl\u00e9thore d&rsquo;options de personnalisation, telles que la fourniture de dispositions de menu multiples, l&rsquo;incorporation de contenu dynamique et la possibilit\u00e9 de r\u00e9pondre \u00e0 la conception r\u00e9active, permettant aux utilisateurs de fa\u00e7onner sans effort le menu id\u00e9al pour r\u00e9pondre \u00e0 leurs exigences sp\u00e9cifiques. En exploitant les capacit\u00e9s d&rsquo;UberMenu, les individus peuvent pr\u00e9senter sans effort leurs \u00e9l\u00e9ments de menu, incorporer des images captivantes et m\u00eame l&rsquo;int\u00e9gration de widgets ou de codes short. Peu importe que l&rsquo;on construise un blog personnel ou une plate-forme de commerce \u00e9lectronique \u00e0 multiples facettes, l&rsquo;utilisation d&rsquo;UberMenu rationalise le processus, garantissant la cr\u00e9ation \u00e9ventuelle d&rsquo;un mega mega magnifiquement esth\u00e9tique et hautement fonction Dans la question.<\/p>\n","protected":false},"featured_media":145628,"comment_status":"open","ping_status":"open","template":"","meta":[],"product_brand":[2435],"product_cat":[1189,1181,1186],"product_tag":[1231],"class_list":{"0":"post-115750","1":"product","2":"type-product","3":"status-publish","4":"has-post-thumbnail","6":"product_brand-codecanyon","7":"product_cat-personnalisation","8":"product_cat-plugins","9":"product_cat-wordpress-plugins","10":"product_tag-codecanyon","11":"member-discount","12":"discount-restricted","14":"first","15":"instock","16":"sale","17":"downloadable","18":"virtual","19":"sold-individually","20":"purchasable","21":"product-type-simple"},"_links":{"self":[{"href":"https:\/\/gpl-love.com\/fr\/wp-json\/wp\/v2\/product\/115750","targetHints":{"allow":["GET"]}}],"collection":[{"href":"https:\/\/gpl-love.com\/fr\/wp-json\/wp\/v2\/product"}],"about":[{"href":"https:\/\/gpl-love.com\/fr\/wp-json\/wp\/v2\/types\/product"}],"replies":[{"embeddable":true,"href":"https:\/\/gpl-love.com\/fr\/wp-json\/wp\/v2\/comments?post=115750"}],"wp:featuredmedia":[{"embeddable":true,"href":"https:\/\/gpl-love.com\/fr\/wp-json\/wp\/v2\/media\/145628"}],"wp:attachment":[{"href":"https:\/\/gpl-love.com\/fr\/wp-json\/wp\/v2\/media?parent=115750"}],"wp:term":[{"taxonomy":"product_brand","embeddable":true,"href":"https:\/\/gpl-love.com\/fr\/wp-json\/wp\/v2\/product_brand?post=115750"},{"taxonomy":"product_cat","embeddable":true,"href":"https:\/\/gpl-love.com\/fr\/wp-json\/wp\/v2\/product_cat?post=115750"},{"taxonomy":"product_tag","embeddable":true,"href":"https:\/\/gpl-love.com\/fr\/wp-json\/wp\/v2\/product_tag?post=115750"}],"curies":[{"name":"wp","href":"https:\/\/api.w.org\/{rel}","templated":true}]}}