{"id":115745,"date":"2022-04-11T00:00:00","date_gmt":"2022-04-10T22:00:00","guid":{"rendered":"http:\/\/gpl-love.com\/fr\/produit\/learning-management-system-pour-wordpress\/"},"modified":"2026-03-20T23:22:05","modified_gmt":"2026-03-20T22:22:05","slug":"learning-management-system-pour-wordpress","status":"publish","type":"product","link":"https:\/\/gpl-love.com\/fr\/produit\/learning-management-system-pour-wordpress\/","title":{"rendered":"Learning Management System pour WordPress 4.4"},"content":{"rendered":"<h3>Learning Management System pour WordPress Traits<\/h3>\n<p>Un syst\u00e8me de gestion de l&rsquo;apprentissage pour WordPress est une plate-forme incroyablement robuste et globale qui fournit une solution compl\u00e8te pour la gestion et la livraison des cours en ligne. Ce syst\u00e8me extraordinaire accorde aux utilisateurs la possibilit\u00e9 de g\u00e9n\u00e9rer, d&rsquo;administrer et de diffuser sans effort le contenu num\u00e9rique, englobant, mais sans s&rsquo;y limiter, les documents p\u00e9dagogiques, les quiz et les \u00e9valuations. Le syst\u00e8me a \u00e9t\u00e9 soigneusement con\u00e7u pour garantir la convivialit\u00e9, avec des interfaces conviviales qui permettent de tra\u00eener et de supprimer les fonctionnalit\u00e9s, des mod\u00e8les personnalisables et un \u00e9ventail d&rsquo;options multim\u00e9dias qui am\u00e9liorent consid\u00e9rablement l&rsquo;exp\u00e9rience d&rsquo;apprentissage globale. De plus, il pr\u00e9sente aux utilisateurs des capacit\u00e9s d&rsquo;analyse et de rapport approfondies, qui permettent un suivi pr\u00e9cis des progr\u00e8s et de l&rsquo;engagement des \u00e9l\u00e8ves. En outre, ce syst\u00e8me exceptionnel pr\u00e9sente une vaste gamme d&rsquo;outils de communication et de collaboration, tels que les forums de discussion et les fonctionnalit\u00e9s de chat en direct, favorisant ainsi l&rsquo;interaction et l&rsquo;engagement des \u00e9tudiants significatifs. En conclusion, la possession d&rsquo;un syst\u00e8me de gestion de l&rsquo;apprentissage pour WordPress est absolument indispensable pour les personnes qui cherchent \u00e0 cr\u00e9er et \u00e0 dispenser des cours en ligne de la plus haute qualit\u00e9.<\/p>\n<ul>\n<li>Interface facile \u00e0 utiliser pour les enseignants et les \u00e9l\u00e8ves<\/li>\n<li>Suivi complet des progr\u00e8s et des performances des \u00e9tudiants<\/li>\n<li>Cr\u00e9ation et gestion des cours personnalisables<\/li>\n<li>Int\u00e9gration avec des plugins WordPress pour une fonctionnalit\u00e9 am\u00e9lior\u00e9e<\/li>\n<li>Outils d&rsquo;\u00e9valuation robustes, y compris les quiz, les tests et les affectations<\/li>\n<li>Repr\u00e9sentations et analyses approfondies pour \u00e9clairer l&rsquo;instruction<\/li>\n<li>Accessibilit\u00e9 multi-appareils pour les \u00e9tudiants pour acc\u00e9der \u00e0 des cours de n&rsquo;importe o\u00f9<\/li>\n<li>Fonctionnalit\u00e9 de commerce \u00e9lectronique int\u00e9gr\u00e9 pour vendre des cours ou offrir des abonnements payants<\/li>\n<li>Int\u00e9gration transparente avec des passerelles de paiement populaires pour les transactions s\u00e9curis\u00e9es<\/li>\n<li>\u00c9volutif pour accueillir un nombre croissant d&rsquo;\u00e9tudiants ou de cours.<\/li>\n<\/ul>\n","protected":false},"excerpt":{"rendered":"<p>Le syst\u00e8me de gestion de l&rsquo;apprentissage pour WordPress, un outil tr\u00e8s puissant \u00e0 part enti\u00e8re, offre aux utilisateurs la possibilit\u00e9 de cr\u00e9er, g\u00e9rer et m\u00eame vendre des cours en ligne directement via leur site Web WordPress. Offrant une interface \u00e0 la fois intuitive et conviviale, ce syst\u00e8me garantit que les utilisateurs peuvent g\u00e9n\u00e9rer et fournir sans effort des cours qui captiveront et engageront leurs apprenants. En outre, cette plate-forme remarquable offre aux utilisateurs le luxe des capacit\u00e9s de rapports robustes, des analyses compl\u00e8tes, ainsi que la capacit\u00e9 de suivre la progression du cours, facilitant ainsi la simple surveillance du progr\u00e8s des apprenants et, par la suite, l&rsquo;identification de tout domaine potentiel d&rsquo;am\u00e9lioration. En plus de ses fonctionnalit\u00e9s remarquables, cette plate-forme poss\u00e8de \u00e9galement une gamme d&rsquo;options de mon\u00e9tisation, ce qui le rend un choix irr\u00e9sistible pour les entrepreneurs et les \u00e9ducateurs. Peu importe que ses aspirations tournent autour de la cr\u00e9ation et de la vente de cours, de la gestion d&rsquo;une communaut\u00e9 d&rsquo;apprentissage florissante ou de la fourniture d&rsquo;une formation en ligne \u00e0 une \u00e9quipe de personnes, du syst\u00e8me de gestion d&rsquo;apprentissage global pour WordPress repr\u00e9sente sans aucun doute la solution ultime pour r\u00e9ussir .<\/p>\n","protected":false},"featured_media":144350,"comment_status":"open","ping_status":"open","template":"","meta":[],"product_brand":[2433],"product_cat":[1242,1212,1213],"product_tag":[1366],"class_list":{"0":"post-115745","1":"product","2":"type-product","3":"status-publish","4":"has-post-thumbnail","6":"product_brand-themeforest","7":"product_cat-creatif","8":"product_cat-themes","9":"product_cat-wordpress-themes","10":"product_tag-themeforest","11":"member-discount","12":"discount-restricted","14":"first","15":"instock","16":"sale","17":"downloadable","18":"virtual","19":"sold-individually","20":"purchasable","21":"product-type-simple"},"_links":{"self":[{"href":"https:\/\/gpl-love.com\/fr\/wp-json\/wp\/v2\/product\/115745","targetHints":{"allow":["GET"]}}],"collection":[{"href":"https:\/\/gpl-love.com\/fr\/wp-json\/wp\/v2\/product"}],"about":[{"href":"https:\/\/gpl-love.com\/fr\/wp-json\/wp\/v2\/types\/product"}],"replies":[{"embeddable":true,"href":"https:\/\/gpl-love.com\/fr\/wp-json\/wp\/v2\/comments?post=115745"}],"wp:featuredmedia":[{"embeddable":true,"href":"https:\/\/gpl-love.com\/fr\/wp-json\/wp\/v2\/media\/144350"}],"wp:attachment":[{"href":"https:\/\/gpl-love.com\/fr\/wp-json\/wp\/v2\/media?parent=115745"}],"wp:term":[{"taxonomy":"product_brand","embeddable":true,"href":"https:\/\/gpl-love.com\/fr\/wp-json\/wp\/v2\/product_brand?post=115745"},{"taxonomy":"product_cat","embeddable":true,"href":"https:\/\/gpl-love.com\/fr\/wp-json\/wp\/v2\/product_cat?post=115745"},{"taxonomy":"product_tag","embeddable":true,"href":"https:\/\/gpl-love.com\/fr\/wp-json\/wp\/v2\/product_tag?post=115745"}],"curies":[{"name":"wp","href":"https:\/\/api.w.org\/{rel}","templated":true}]}}