{"id":115743,"date":"2021-06-08T00:00:00","date_gmt":"2021-06-07T22:00:00","guid":{"rendered":"http:\/\/gpl-love.com\/fr\/produit\/woocommerce-advance-product-label-et-badge-pro\/"},"modified":"2026-04-10T18:45:58","modified_gmt":"2026-04-10T16:45:58","slug":"woocommerce-advance-product-label-et-badge-pro","status":"publish","type":"product","link":"https:\/\/gpl-love.com\/fr\/produit\/woocommerce-advance-product-label-et-badge-pro\/","title":{"rendered":"WooCommerce Advance Product Label et Badge Pro 1.8.6"},"content":{"rendered":"<h3>WooCommerce Advance Product Label et Badge Pro Traits<\/h3>\n<p>Le plugin WooCommerce Advance Product Label and Badge Pro est un outil incroyablement robuste qui permet aux propri\u00e9taires de magasins en ligne la capacit\u00e9 de g\u00e9n\u00e9rer et de personnaliser sans effort des \u00e9tiquettes et des badges pour leurs offres de produits. Gr\u00e2ce \u00e0 l&rsquo;utilisation de ce plugin, on peut fabriquer efficacement des \u00e9tiquettes visuellement captivantes qui mettent efficacement l&rsquo;accent sur les promotions sp\u00e9ciales, les attributs de produits uniques et d&rsquo;autres caract\u00e9ristiques notables. De plus, ce plugin propose une gamme diversifi\u00e9e de mod\u00e8les et d&rsquo;ic\u00f4nes pr\u00e9\u00e9tablies, facilitant ainsi la cr\u00e9ation transparente d&rsquo;\u00e9tiquettes et de badges qui d\u00e9gagent une esth\u00e9tique professionnelle avec un effort minimal. De plus, la personnalisation de ces \u00e9tiquettes et badges assure l&rsquo;harmonie avec la marque et le style de sa boutique en ligne. En fin de compte, la mise en \u0153uvre de ce plugin sert de voie exceptionnelle pour am\u00e9liorer la visibilit\u00e9 et l&rsquo;opportunit\u00e9 de ses produits, favorisant ainsi une augmentation significative des ventes.<\/p>\n<ul>\n<li>Ajoutez des \u00e9tiquettes et des badges accrocheurs \u00e0 vos produits WooCommerce<\/li>\n<li>Choisissez parmi une vari\u00e9t\u00e9 de formes, tailles et couleurs d&rsquo;\u00e9tiquette<\/li>\n<li>Cr\u00e9ez des \u00e9tiquettes et des badges personnalis\u00e9s pour r\u00e9pondre \u00e0 vos besoins de marque et de produit<\/li>\n<li>Appliquer des \u00e9tiquettes et des badges \u00e0 des produits, cat\u00e9gories ou balises sp\u00e9cifiques<\/li>\n<li>Afficher les \u00e9tiquettes et les badges sur les pages de produits, les pages de cat\u00e9gorie et plus encore<\/li>\n<li>Mettez en surbrillance les fonctionnalit\u00e9s du produit, les promotions et les ventes avec des \u00e9tiquettes et des badges personnalis\u00e9s<\/li>\n<li>Augmenter la visibilit\u00e9 du produit et attirer l&rsquo;attention des clients avec un \u00e9tiquetage accrocheur<\/li>\n<li>Plugin facile \u00e0 utiliser sans codage requis<\/li>\n<li>Mises \u00e0 jour r\u00e9guli\u00e8res et soutien pour assurer la compatibilit\u00e9 avec les mises \u00e0 jour WooCommerce<\/li>\n<\/ul>\n","protected":false},"excerpt":{"rendered":"<p>L&rsquo;\u00e9tiquette de produit et badge WooCommerce Advance est un plugin exceptionnellement utile et transformateur qui vise \u00e0 \u00e9lever votre boutique en ligne \u00e0 de nouveaux sommets. Son objectif principal est de vous fournir la possibilit\u00e9 d&rsquo;incorporer des \u00e9tiquettes et des badges s\u00e9duisants sur vos produits, am\u00e9liorant ainsi leur attrait visuel et attirant plus de clients. Cet outil remarquable vous donne la possibilit\u00e9 de personnaliser vos \u00e9tiquettes de produits, de g\u00e9n\u00e9rer des badges uniques pour diverses cat\u00e9gories de produits et de promouvoir des offres sp\u00e9ciales avec des \u00e9tiquettes de r\u00e9duction qui accrochent l&rsquo;attention. L&rsquo;interface conviviale de ce plugin garantit que vous pouvez cr\u00e9er sans effort des \u00e9tiquettes et des badges d&rsquo;aspect professionnel en quelques minutes, insufflant instantan\u00e9ment votre boutique en ligne avec une touche d&rsquo;\u00e9l\u00e9gance et de fonctionnalit\u00e9. Que vous vous consid\u00e9riez comme un novice ou un marchand en ligne adepte, soyez assur\u00e9 que l&rsquo;\u00e9tiquette de produit Advance WooCommerce et Badge Pro est un ajout indispensable \u00e0 tout magasin WooCommerce.<\/p>\n","protected":false},"featured_media":145793,"comment_status":"open","ping_status":"open","template":"","meta":[],"product_brand":[2435],"product_cat":[1182,1223,1181],"product_tag":[1231],"class_list":{"0":"post-115743","1":"product","2":"type-product","3":"status-publish","4":"has-post-thumbnail","6":"product_brand-codecanyon","7":"product_cat-commerce-electronique-plugins","8":"product_cat-personnalisation-commerce-electronique-plugins","9":"product_cat-plugins","10":"product_tag-codecanyon","11":"member-discount","12":"discount-restricted","14":"first","15":"instock","16":"sale","17":"downloadable","18":"virtual","19":"sold-individually","20":"purchasable","21":"product-type-simple"},"_links":{"self":[{"href":"https:\/\/gpl-love.com\/fr\/wp-json\/wp\/v2\/product\/115743","targetHints":{"allow":["GET"]}}],"collection":[{"href":"https:\/\/gpl-love.com\/fr\/wp-json\/wp\/v2\/product"}],"about":[{"href":"https:\/\/gpl-love.com\/fr\/wp-json\/wp\/v2\/types\/product"}],"replies":[{"embeddable":true,"href":"https:\/\/gpl-love.com\/fr\/wp-json\/wp\/v2\/comments?post=115743"}],"wp:featuredmedia":[{"embeddable":true,"href":"https:\/\/gpl-love.com\/fr\/wp-json\/wp\/v2\/media\/145793"}],"wp:attachment":[{"href":"https:\/\/gpl-love.com\/fr\/wp-json\/wp\/v2\/media?parent=115743"}],"wp:term":[{"taxonomy":"product_brand","embeddable":true,"href":"https:\/\/gpl-love.com\/fr\/wp-json\/wp\/v2\/product_brand?post=115743"},{"taxonomy":"product_cat","embeddable":true,"href":"https:\/\/gpl-love.com\/fr\/wp-json\/wp\/v2\/product_cat?post=115743"},{"taxonomy":"product_tag","embeddable":true,"href":"https:\/\/gpl-love.com\/fr\/wp-json\/wp\/v2\/product_tag?post=115743"}],"curies":[{"name":"wp","href":"https:\/\/api.w.org\/{rel}","templated":true}]}}