{"id":115741,"date":"2022-02-24T00:00:00","date_gmt":"2022-02-23T23:00:00","guid":{"rendered":"http:\/\/gpl-love.com\/fr\/produit\/super-carousel-responsive-wordpress-plugin\/"},"modified":"2026-04-10T18:41:30","modified_gmt":"2026-04-10T16:41:30","slug":"super-carousel-responsive-wordpress-plugin","status":"publish","type":"product","link":"https:\/\/gpl-love.com\/fr\/produit\/super-carousel-responsive-wordpress-plugin\/","title":{"rendered":"Super Carousel Responsive WordPress Plugin 3.8.1"},"content":{"rendered":"<h3>Super Carousel Responsive WordPress Plugin Traits<\/h3>\n<p>Le plugin WordPress r\u00e9actif Super Carrousel pr\u00e9sente aux utilisateurs un formidable outil qui leur permet de fabriquer des carrousels fascinants pour leurs sites Web WordPress. Avec sa pl\u00e9thore de fonctionnalit\u00e9s avanc\u00e9es et d&rsquo;interface navigable sans effort, les utilisateurs peuvent int\u00e9grer de mani\u00e8re transparente des images, des vid\u00e9os et d&rsquo;autres contenus multim\u00e9dias dans leurs carrousels. De plus, le plugin pr\u00e9sente une r\u00e9activit\u00e9 compl\u00e8te, permettant ainsi aux utilisateurs de construire des carrousels qui sont impeccablement optimis\u00e9s pour une myriade d&rsquo;appareils, que ce soit des ordinateurs de bureau, des tablettes ou des smartphones. De plus, le plugin WordPress sensible \u00e0 Super Carrousel \u00e9tend un \u00e9ventail d&rsquo;options de personnalisation aux utilisateurs, ce qui leur permet de modeler des carrousels qui incarnent leur marque et leur style. Que son objectif pr\u00e9sente les derniers produits ou accentuer le contenu le plus remarquable, le plugin WordPress sensible \u00e0 Super Carrousel appara\u00eet comme la solution par excellence pour concevoir des carrousels visuellement frappants et captivants sur son site Web.<\/p>\n<ul>\n<li>Le plugin WordPress sensible \u00e0 Super Carrousel est un plugin dynamique et visuellement \u00e9tonnant qui am\u00e9liore l&rsquo;exp\u00e9rience utilisateur de votre site Web WordPress.<\/li>\n<li>Il est enti\u00e8rement r\u00e9actif, ce qui signifie qu&rsquo;il s&rsquo;adapte et s&rsquo;adapte \u00e0 la taille de l&rsquo;appareil de l&rsquo;utilisateur, leur offrant une exp\u00e9rience transparente sur n&rsquo;importe quelle plate-forme.<\/li>\n<li>Il offre une large gamme d&rsquo;options de carrousel, y compris des images, des vid\u00e9os, des publications, des t\u00e9moignages, etc., ce qui en fait un outil polyvalent pour pr\u00e9senter votre contenu de mani\u00e8re unique et engageante.<\/li>\n<li>Avec sa large gamme de personnalisations et de param\u00e8tres, vous pouvez facilement adapter le carrousel pour correspondre \u00e0 la conception et \u00e0 la marque de votre site Web.<\/li>\n<li>Son interface de glisser-d\u00e9poser le rend incroyablement facile \u00e0 utiliser, m\u00eame pour ceux qui n&rsquo;ont pas de connaissances techniques ou d&rsquo;exp\u00e9rience en codage.<\/li>\n<li>Super Carrousel est optimis\u00e9 pour la vitesse, garantissant que votre site Web fonctionne bien et efficacement, m\u00eame avec plusieurs carrousels utilis\u00e9s.<\/li>\n<li>Il propose une fonctionnalit\u00e9 Lightbox int\u00e9gr\u00e9e, permettant aux utilisateurs de visualiser des images et des vid\u00e9os dans un format plus grand et plus immersif.<\/li>\n<li>Le plugin est constamment mis \u00e0 jour et maintenu, garantissant qu&rsquo;il reste compatible avec les derni\u00e8res versions de WordPress et d&rsquo;autres plugins.<\/li>\n<li>Il est livr\u00e9 avec un excellent support client, garantissant que les questions ou probl\u00e8mes que vous pouvez rencontrer sont adress\u00e9s rapidement et efficacement.<\/li>\n<\/ul>\n","protected":false},"excerpt":{"rendered":"<p>Nous sommes ravis de vous pr\u00e9senter le remarquable Plugin WordPress sensible \u00e0 Super Carrousel! Ce plugin extraordinaire est con\u00e7u pour am\u00e9liorer l&rsquo;engagement des utilisateurs et attirer une client\u00e8le plus grande sur votre site Web. Il offre une pl\u00e9thore de fonctionnalit\u00e9s dynamiques qui vous permettent de fabriquer sans effort des carrousels impressionnants, pr\u00e9sentant vos produits, services et contenus exceptionnels. De plus, Super Carrousel poss\u00e8de une conception enti\u00e8rement personnalisable et une disposition r\u00e9active, garantissant que votre carrousel maintient sa brillance visuelle sur tout appareil sur lequel il est vu. En prime, ce plugin s&rsquo;int\u00e8gre de mani\u00e8re transparente \u00e0 WooCommerce, simplifiant le processus d&rsquo;incorporation de carrousels de produits dans votre site. Ne manquez pas l&rsquo;opportunit\u00e9 d&rsquo;\u00e9lever votre site Web au niveau sup\u00e9rieur &#8211; acqu\u00e9rir un super carrousel d\u00e8s aujourd&rsquo;hui et plonger vos visiteurs dans le monde captivant des superbes carrousels!<\/p>\n","protected":false},"featured_media":145405,"comment_status":"open","ping_status":"open","template":"","meta":[],"product_brand":[2435],"product_cat":[1189,1181,1186],"product_tag":[1231],"class_list":{"0":"post-115741","1":"product","2":"type-product","3":"status-publish","4":"has-post-thumbnail","6":"product_brand-codecanyon","7":"product_cat-personnalisation","8":"product_cat-plugins","9":"product_cat-wordpress-plugins","10":"product_tag-codecanyon","11":"member-discount","12":"discount-restricted","14":"first","15":"instock","16":"sale","17":"downloadable","18":"virtual","19":"sold-individually","20":"purchasable","21":"product-type-simple"},"_links":{"self":[{"href":"https:\/\/gpl-love.com\/fr\/wp-json\/wp\/v2\/product\/115741","targetHints":{"allow":["GET"]}}],"collection":[{"href":"https:\/\/gpl-love.com\/fr\/wp-json\/wp\/v2\/product"}],"about":[{"href":"https:\/\/gpl-love.com\/fr\/wp-json\/wp\/v2\/types\/product"}],"replies":[{"embeddable":true,"href":"https:\/\/gpl-love.com\/fr\/wp-json\/wp\/v2\/comments?post=115741"}],"wp:featuredmedia":[{"embeddable":true,"href":"https:\/\/gpl-love.com\/fr\/wp-json\/wp\/v2\/media\/145405"}],"wp:attachment":[{"href":"https:\/\/gpl-love.com\/fr\/wp-json\/wp\/v2\/media?parent=115741"}],"wp:term":[{"taxonomy":"product_brand","embeddable":true,"href":"https:\/\/gpl-love.com\/fr\/wp-json\/wp\/v2\/product_brand?post=115741"},{"taxonomy":"product_cat","embeddable":true,"href":"https:\/\/gpl-love.com\/fr\/wp-json\/wp\/v2\/product_cat?post=115741"},{"taxonomy":"product_tag","embeddable":true,"href":"https:\/\/gpl-love.com\/fr\/wp-json\/wp\/v2\/product_tag?post=115741"}],"curies":[{"name":"wp","href":"https:\/\/api.w.org\/{rel}","templated":true}]}}