{"id":115739,"date":"2024-12-03T00:00:00","date_gmt":"2024-12-02T23:00:00","guid":{"rendered":"http:\/\/gpl-love.com\/fr\/produit\/eventer-wordpress-event-et-booking-manager-plugin\/"},"modified":"2026-03-20T23:04:42","modified_gmt":"2026-03-20T22:04:42","slug":"eventer-wordpress-event-et-booking-manager-plugin","status":"publish","type":"product","link":"https:\/\/gpl-love.com\/fr\/produit\/eventer-wordpress-event-et-booking-manager-plugin\/","title":{"rendered":"Eventer WordPress Event et Booking Manager Plugin 3.9.6"},"content":{"rendered":"<h3>Eventer WordPress Event et Booking Manager Plugin Traits<\/h3>\n<p>Le plugin d&rsquo;\u00e9v\u00e9nement WordPress et de gestionnaire de r\u00e9servation Evener est un outil incroyablement robuste et dynamique qui a \u00e9t\u00e9 m\u00e9ticuleusement d\u00e9velopp\u00e9 pour aider les utilisateurs \u00e0 organiser et \u00e0 superviser efficacement les \u00e9v\u00e9nements sur leur site Web WordPress. This plugin provides users with an extensive array of features and functionalities, affording them the ability to seamlessly generate and personalize event pages, diligently establish and configure booking and registration forms, effortlessly dispatch automated emails to attendees, and even ingeniously vend tickets through the seamless integration avec WooCommerce. En outre, ce plugin exceptionnellement convivial se distingue davantage des autres concurrents en offrant un assortiment impressionnant d&rsquo;options de personnalisation, permettant ainsi aux utilisateurs d&rsquo;adapter de mani\u00e8re complets leur processus de gestion d&rsquo;\u00e9v\u00e9nements \u00e0 leurs exigences distinctes et sp\u00e9cifiques. Qu&rsquo;un individu orchestre un atelier intime ou organise m\u00e9ticuleusement une conf\u00e9rence grandiose, l&rsquo;indispensabilit\u00e9 de l&rsquo;\u00e9v\u00e9nement WordPress et du plugin de gestionnaire de r\u00e9servation Evener dans l&rsquo;arsenal de tout planificateur d&rsquo;\u00e9v\u00e9nements ne peut pas \u00eatre surestim\u00e9.<\/p>\n<ul>\n<li>Permet une gestion facile des \u00e9v\u00e9nements via WordPress Platform<\/li>\n<li>Fournit des formulaires de r\u00e9servation personnalisables pour les clients<\/li>\n<li>Prend en charge l&rsquo;int\u00e9gration de paiement via diverses passerelles de paiement comme PayPal et Stripe<\/li>\n<li>Envoie des notifications par e-mail automatis\u00e9es aux clients et aux organisateurs d&rsquo;\u00e9v\u00e9nements<\/li>\n<li>Fournit le calendrier des \u00e9v\u00e9nements avec des informations d\u00e9taill\u00e9es sur l&rsquo;\u00e9v\u00e9nement<\/li>\n<li>Permet la cr\u00e9ation de types de billets et de prix<\/li>\n<li>Fournit une option pour limiter la quantit\u00e9 de billets et d\u00e9finir une date limite de r\u00e9servation<\/li>\n<li>Fournit une fonction de num\u00e9risation de billets pour les enregistrements des \u00e9v\u00e9nements<\/li>\n<li>Permet la personnalisation des pages de confirmation et de remerciement<\/li>\n<li>Fournit des rapports et des analyses compl\u00e8tes des ventes de billets et des r\u00e9servations.<\/li>\n<\/ul>\n","protected":false},"excerpt":{"rendered":"<p>Le plugin Event WordPress Event et Booking Manager est un outil tr\u00e8s efficace et efficace sp\u00e9cialement con\u00e7u pour r\u00e9pondre aux besoins des particuliers et des entreprises qui cherchent \u00e0 g\u00e9rer efficacement les \u00e9v\u00e9nements et les r\u00e9servations sur leurs sites Web. Sa gamme compl\u00e8te de fonctionnalit\u00e9s et de fonctionnalit\u00e9s permettent aux utilisateurs de cr\u00e9er et de superviser une gamme diversifi\u00e9e d&rsquo;\u00e9v\u00e9nements, de vendre sans effort des billets et de traiter de mani\u00e8re transparente les r\u00e9servations avec la plus grande facilit\u00e9 et la plus grande commodit\u00e9. L&rsquo;un des principaux avantages de ce plugin exceptionnel r\u00e9side dans son interface conviviale, ce qui permet aux individus de personnaliser parfaitement leurs pages d&rsquo;\u00e9v\u00e9nements en fonction de leurs pr\u00e9f\u00e9rences sp\u00e9cifiques, englobant un spectre \u00e9tendu de th\u00e8mes, de dispositions et de sch\u00e9mas de couleurs. De plus, ce plugin remarquable est en outre fortifi\u00e9 par la fourniture de plusieurs passerelles de paiement, permettant aux utilisateurs de traiter sans effort les transactions et de faciliter les paiements via diff\u00e9rents canaux. De plus, le plugin int\u00e8gre \u00e9galement un syst\u00e8me de notification par e-mail hautement sophistiqu\u00e9, qui tient avec diligence les utilisateurs inform\u00e9s et mis \u00e0 jour concernant les diff\u00e9rents aspects de leurs \u00e9v\u00e9nements et r\u00e9servations. En outre, la capacit\u00e9 du plugin \u00e0 g\u00e9n\u00e9rer des rapports d\u00e9taill\u00e9s est un atout inestimable, car il permet aux individus d&rsquo;analyser et d&rsquo;\u00e9valuer efficacement la performance et le succ\u00e8s de leurs \u00e9v\u00e9nements et r\u00e9servations, leur permettant de prendre des d\u00e9cisions \u00e9clair\u00e9es et de mettre en \u0153uvre les am\u00e9liorations n\u00e9cessaires. En substance, que l&rsquo;on organise une conf\u00e9rence, un concert ou un \u00e9v\u00e9nement sportif, l&rsquo;\u00e9v\u00e9nement WordPress et le plugin de gestionnaire de r\u00e9servation Evener repr\u00e9sente vraiment la quintessence de l&rsquo;excellence, car il offre un niveau de simplification et de rationalisation in\u00e9gal\u00e9 au processus d&rsquo;\u00e9v\u00e9nement autrement complexe et complexe par ailleurs complexe et complexe gestion.<\/p>\n","protected":false},"featured_media":143791,"comment_status":"open","ping_status":"open","template":"","meta":[],"product_brand":[2435],"product_cat":[1189,1181,1186],"product_tag":[1231],"class_list":{"0":"post-115739","1":"product","2":"type-product","3":"status-publish","4":"has-post-thumbnail","6":"product_brand-codecanyon","7":"product_cat-personnalisation","8":"product_cat-plugins","9":"product_cat-wordpress-plugins","10":"product_tag-codecanyon","11":"member-discount","12":"discount-restricted","14":"first","15":"instock","16":"sale","17":"downloadable","18":"virtual","19":"sold-individually","20":"purchasable","21":"product-type-simple"},"_links":{"self":[{"href":"https:\/\/gpl-love.com\/fr\/wp-json\/wp\/v2\/product\/115739","targetHints":{"allow":["GET"]}}],"collection":[{"href":"https:\/\/gpl-love.com\/fr\/wp-json\/wp\/v2\/product"}],"about":[{"href":"https:\/\/gpl-love.com\/fr\/wp-json\/wp\/v2\/types\/product"}],"replies":[{"embeddable":true,"href":"https:\/\/gpl-love.com\/fr\/wp-json\/wp\/v2\/comments?post=115739"}],"wp:featuredmedia":[{"embeddable":true,"href":"https:\/\/gpl-love.com\/fr\/wp-json\/wp\/v2\/media\/143791"}],"wp:attachment":[{"href":"https:\/\/gpl-love.com\/fr\/wp-json\/wp\/v2\/media?parent=115739"}],"wp:term":[{"taxonomy":"product_brand","embeddable":true,"href":"https:\/\/gpl-love.com\/fr\/wp-json\/wp\/v2\/product_brand?post=115739"},{"taxonomy":"product_cat","embeddable":true,"href":"https:\/\/gpl-love.com\/fr\/wp-json\/wp\/v2\/product_cat?post=115739"},{"taxonomy":"product_tag","embeddable":true,"href":"https:\/\/gpl-love.com\/fr\/wp-json\/wp\/v2\/product_tag?post=115739"}],"curies":[{"name":"wp","href":"https:\/\/api.w.org\/{rel}","templated":true}]}}