{"id":115737,"date":"2022-02-01T00:00:00","date_gmt":"2022-01-31T23:00:00","guid":{"rendered":"http:\/\/gpl-love.com\/fr\/produit\/airtifact-portfolio-creative-wordpress-theme\/"},"modified":"2026-03-20T22:54:10","modified_gmt":"2026-03-20T21:54:10","slug":"airtifact-portfolio-creative-wordpress-theme","status":"publish","type":"product","link":"https:\/\/gpl-love.com\/fr\/produit\/airtifact-portfolio-creative-wordpress-theme\/","title":{"rendered":"Airtifact Portfolio Creative WordPress Theme 1.2.4"},"content":{"rendered":"<h3>Airtifact Portfolio Creative WordPress Theme Traits<\/h3>\n<p>Le th\u00e8me Creative WordPress cr\u00e9atif AirtiFact Creative est un outil incroyablement impressionnant et inestimable pour les personnes du secteur cr\u00e9atif qui cherchent \u00e0 pr\u00e9senter leur travail dans un cadre en ligne. B\u00e9n\u00e9ficiant d&rsquo;un design exceptionnellement \u00e9l\u00e9gant et contemporain, ce th\u00e8me pr\u00e9sente aux utilisateurs une vaste gamme de fonctionnalit\u00e9s personnalisables qui visent \u00e0 aider les artistes, les photographes et les concepteurs dans l&rsquo;\u00e9laboration de portefeuilles num\u00e9riques visuellement \u00e9poustouflants. De plus, il est important de noter que ce th\u00e8me est remarquablement r\u00e9actif et fonctionne de mani\u00e8re transparente sur tous les appareils, garantissant ainsi que le travail expos\u00e9 semble splendide quelle que soit la plate-forme d&rsquo;observation. De plus, le th\u00e8me Airtifact pr\u00e9sente un niveau de polyvalence impressionnant, car il offre aux utilisateurs une gamme assortie d&rsquo;options de personnalisation qui r\u00e9pondent \u00e0 leurs pr\u00e9f\u00e9rences uniques en termes de disposition, de sch\u00e9mas de couleurs et de s\u00e9lections de polices. Peu importe que l&rsquo;on soit un professionnel exp\u00e9riment\u00e9 ou se lance simplement dans son parcours cr\u00e9atif, il est ind\u00e9niable que le th\u00e8me WordPress cr\u00e9atif du portefeuille Airtitifact sert de choix exemplaire pour quiconque aspire \u00e0 \u00e9tablir un portefeuille en ligne qui est vraiment visuellement frappant.<\/p>\n<ul>\n<li>Un design \u00e9poustouflant et moderne parfait pour pr\u00e9senter votre travail cr\u00e9atif<\/li>\n<li>Options de personnalisation faciles \u00e0 utiliser pour adapter le th\u00e8me \u00e0 vos besoins sp\u00e9cifiques<\/li>\n<li>Compatibilit\u00e9 entre les navigateurs et les p\u00e9riph\u00e9riques mobiles pour une exp\u00e9rience utilisateur transparente<\/li>\n<li>Plusieurs options de disposition de page d&rsquo;accueil \u00e0 choisir<\/li>\n<li>Fonctionnalit\u00e9 de portfolio int\u00e9gr\u00e9e pour afficher magnifiquement vos projets<\/li>\n<li>Int\u00e9gration avec des plugins populaires tels que WooCommerce et Contact Form 7 pour plus de flexibilit\u00e9 et de commodit\u00e9<\/li>\n<li>SEO optimis\u00e9 pour une am\u00e9lioration de la visibilit\u00e9 du moteur de recherche<\/li>\n<li>Mises \u00e0 jour r\u00e9guli\u00e8res et soutien des d\u00e9veloppeurs de th\u00e8mes pour assurer une convivialit\u00e9 continue et une fonctionnalit\u00e9<\/li>\n<\/ul>\n","protected":false},"excerpt":{"rendered":"<p>Pr\u00e9sentation d&rsquo;Airtifact, notre dernier th\u00e8me WordPress cr\u00e9atif de portefeuille qui est parfait pour les cr\u00e9atifs, les pigistes et les agences. Avec AirtiFact, vous pouvez pr\u00e9senter sans effort votre travail dans un format professionnel et visuellement attrayant. Ce th\u00e8me WordPress propose une plate-forme dynamique et personnalisable qui vous permet de cr\u00e9er une pr\u00e9sence en ligne unique. Le th\u00e8me comprend une vari\u00e9t\u00e9 d&rsquo;options de mise en page, de sch\u00e9mas de couleurs et de widgets personnalis\u00e9s en fonction de votre style personnel. De plus, il est enti\u00e8rement r\u00e9actif, garantissant que votre site Web a fi\u00e8re allure sur tous les appareils. Airtifact est \u00e9galement convivial, aidant votre portefeuille \u00e0 atteindre un public plus large. D\u00e9couvrez les avantages d&rsquo;un portefeuille bien con\u00e7u avec le th\u00e8me WordPress AirtiFact.<\/p>\n","protected":false},"featured_media":143100,"comment_status":"open","ping_status":"open","template":"","meta":[],"product_brand":[2433],"product_cat":[1242,1212,1213],"product_tag":[1366],"class_list":{"0":"post-115737","1":"product","2":"type-product","3":"status-publish","4":"has-post-thumbnail","6":"product_brand-themeforest","7":"product_cat-creatif","8":"product_cat-themes","9":"product_cat-wordpress-themes","10":"product_tag-themeforest","11":"member-discount","12":"discount-restricted","14":"first","15":"instock","16":"sale","17":"downloadable","18":"virtual","19":"sold-individually","20":"purchasable","21":"product-type-simple"},"_links":{"self":[{"href":"https:\/\/gpl-love.com\/fr\/wp-json\/wp\/v2\/product\/115737","targetHints":{"allow":["GET"]}}],"collection":[{"href":"https:\/\/gpl-love.com\/fr\/wp-json\/wp\/v2\/product"}],"about":[{"href":"https:\/\/gpl-love.com\/fr\/wp-json\/wp\/v2\/types\/product"}],"replies":[{"embeddable":true,"href":"https:\/\/gpl-love.com\/fr\/wp-json\/wp\/v2\/comments?post=115737"}],"wp:featuredmedia":[{"embeddable":true,"href":"https:\/\/gpl-love.com\/fr\/wp-json\/wp\/v2\/media\/143100"}],"wp:attachment":[{"href":"https:\/\/gpl-love.com\/fr\/wp-json\/wp\/v2\/media?parent=115737"}],"wp:term":[{"taxonomy":"product_brand","embeddable":true,"href":"https:\/\/gpl-love.com\/fr\/wp-json\/wp\/v2\/product_brand?post=115737"},{"taxonomy":"product_cat","embeddable":true,"href":"https:\/\/gpl-love.com\/fr\/wp-json\/wp\/v2\/product_cat?post=115737"},{"taxonomy":"product_tag","embeddable":true,"href":"https:\/\/gpl-love.com\/fr\/wp-json\/wp\/v2\/product_tag?post=115737"}],"curies":[{"name":"wp","href":"https:\/\/api.w.org\/{rel}","templated":true}]}}