{"id":115735,"date":"2026-05-01T00:00:00","date_gmt":"2026-04-30T22:00:00","guid":{"rendered":"http:\/\/gpl-love.com\/fr\/produit\/advanced-ads-pro-wordpress-plugin\/"},"modified":"2026-05-01T12:30:12","modified_gmt":"2026-05-01T10:30:12","slug":"advanced-ads-pro-wordpress-plugin","status":"publish","type":"product","link":"https:\/\/gpl-love.com\/fr\/produit\/advanced-ads-pro-wordpress-plugin\/","title":{"rendered":"Advanced Ads Pro WordPress Plugin 3.0.12"},"content":{"rendered":"<h3>Advanced Ads Pro WordPress Plugin Traits<\/h3>\n<p>Advanced Ads Pro est un plugin WordPress incroyablement robuste et efficace qui a \u00e9t\u00e9 m\u00e9ticuleusement con\u00e7u avec l&rsquo;intention d&rsquo;aider les propri\u00e9taires de sites Web et les blogueurs \u00e0 optimiser leurs revenus publicitaires \u00e0 son plein potentiel. Avec une vaste gamme de fonctionnalit\u00e9s et une abondance d&rsquo;options de personnalisation \u00e0 votre disposition, l&rsquo;utilisation d&rsquo;Advanced Ads Pro pour cr\u00e9er et g\u00e9rer vos annonces sur votre site WordPress est un processus transparent et sans effort. De ses capacit\u00e9s de ciblage avanc\u00e9es \u00e0 sa capacit\u00e9 \u00e0 effectuer des tests A \/ B et \u00e0 impl\u00e9menter de mani\u00e8re transparente la rotation d&rsquo;annonces, ce plugin vous permet de maintenir un contr\u00f4le complet sur les subtilit\u00e9s de vos campagnes publicitaires. De plus, ce plugin est \u00e9quip\u00e9 d&rsquo;une prise en charge de plusieurs r\u00e9seaux d&rsquo;annonces et poss\u00e8de une conception r\u00e9active qui garantit que vos annonces sont pr\u00e9sent\u00e9es parfaitement sur n&rsquo;importe quel appareil. La gamme compl\u00e8te de fonctionnalit\u00e9s et d&rsquo;interface conviviale fournies par Advanced Ads Pro garantit que vos annonces atteignent effectivement leur public pr\u00e9vu au bon moment. Que vous soyez un novice ou un annonceur chevronn\u00e9, Advanced Ads Pro sert de solution ultime pour maximiser le potentiel de gain de votre site Web.<\/p>\n<ul>\n<li>G\u00e9rer et afficher facilement les annonces sur votre site WordPress avec Advanced Ads Pro.<\/li>\n<li>Cr\u00e9ez et personnalisez les placements d&rsquo;annonces pour correspondre \u00e0 l&rsquo;apparence de votre site.<\/li>\n<li>Profitez des options de ciblage avanc\u00e9es comme le ciblage g\u00e9o-ciblant et le ciblage des appareils.<\/li>\n<li>Surveillez les performances des publicit\u00e9s avec des fonctionnalit\u00e9s d&rsquo;analyse et de rapport compl\u00e8tes.<\/li>\n<li>Alimenter les revenus avec la possibilit\u00e9 d&rsquo;afficher plusieurs annonces par placement, de faire tourner les annonces et de configurer les horaires d&rsquo;annonces.<\/li>\n<li>Profitez d&rsquo;une int\u00e9gration transparente avec des r\u00e9seaux publicitaires populaires tels que Google Adsense et les publicit\u00e9s d&rsquo;achat natives d&rsquo;Amazon.<\/li>\n<li>D\u00e9couvrez des temps de chargement rapide pour les publicit\u00e9s avec la livraison d&rsquo;annonces optimis\u00e9e du plugin.<\/li>\n<li>B\u00e9n\u00e9ficiez d&rsquo;un support continu et de mises \u00e0 jour fr\u00e9quentes pour garantir une fonctionnalit\u00e9 et une compatibilit\u00e9 maximales avec les mises \u00e0 jour WordPress.<\/li>\n<\/ul>\n","protected":false},"excerpt":{"rendered":"<p>Le plugin Advanced Ads Pro WordPress, un outil de publicit\u00e9 WordPress de haute qualit\u00e9, est un atout exceptionnel pour les annonceurs et \u00e9diteurs en ligne, y compris les blogueurs et les \u00e9diteurs de magazines. Ce plugin de haut niveau, con\u00e7u avec des fonctionnalit\u00e9s avanc\u00e9es ADS Pro, offre une myriade d&rsquo;avantages. C&rsquo;est un outil soigneusement con\u00e7u qui favorise la croissance et le succ\u00e8s, ce qui en fait une correspondance parfaite pour m\u00eame de grands sites de commerce \u00e9lectronique.<\/p>\n<p>Avec Advanced ADS Pro, les utilisateurs ont acc\u00e8s \u00e0 une gamme de fonctionnalit\u00e9s avanc\u00e9es telles que la rotation d&rsquo;annonces avec Advanced Ads Pro, le g\u00e9omarbite dans Advanced ADS Pro et le suivi des publicit\u00e9s et les rapports avec Advanced Ads Pro. Ces fonctionnalit\u00e9s ont \u00e9t\u00e9 ing\u00e9nieusement con\u00e7ues pour accorder aux utilisateurs une capacit\u00e9 in\u00e9gal\u00e9e \u00e0 g\u00e9rer leurs campagnes publicitaires avec Advanced Ads Pro.<\/p>\n<p>Le plugin est intuitif, offrant une interface conviviale qui facilite l&rsquo;optimisation des placements d&rsquo;annonces avec Advanced Ads Pro A Breeze. Ceci, \u00e0 son tour, aide \u00e0 maximiser les revenus avec Advanced Ads Pro, une fonctionnalit\u00e9 b\u00e9n\u00e9fique pour tous les utilisateurs, quelle que soit leur plate-forme.<\/p>\n<p>Les fonctionnalit\u00e9s exceptionnelles des publicit\u00e9s avanc\u00e9es pro ne finissent certainement pas<\/p>\n","protected":false},"featured_media":143052,"comment_status":"open","ping_status":"open","template":"","meta":[],"product_brand":[2446],"product_cat":[1207,1181,1186],"product_tag":[2196],"class_list":{"0":"post-115735","1":"product","2":"type-product","3":"status-publish","4":"has-post-thumbnail","6":"product_brand-advanced-ads","7":"product_cat-commercialisation-wordpress-plugins","8":"product_cat-plugins","9":"product_cat-wordpress-plugins","10":"product_tag-advanced-ads","11":"member-discount","12":"discount-restricted","14":"first","15":"instock","16":"sale","17":"downloadable","18":"virtual","19":"sold-individually","20":"purchasable","21":"product-type-simple"},"_links":{"self":[{"href":"https:\/\/gpl-love.com\/fr\/wp-json\/wp\/v2\/product\/115735","targetHints":{"allow":["GET"]}}],"collection":[{"href":"https:\/\/gpl-love.com\/fr\/wp-json\/wp\/v2\/product"}],"about":[{"href":"https:\/\/gpl-love.com\/fr\/wp-json\/wp\/v2\/types\/product"}],"replies":[{"embeddable":true,"href":"https:\/\/gpl-love.com\/fr\/wp-json\/wp\/v2\/comments?post=115735"}],"wp:featuredmedia":[{"embeddable":true,"href":"https:\/\/gpl-love.com\/fr\/wp-json\/wp\/v2\/media\/143052"}],"wp:attachment":[{"href":"https:\/\/gpl-love.com\/fr\/wp-json\/wp\/v2\/media?parent=115735"}],"wp:term":[{"taxonomy":"product_brand","embeddable":true,"href":"https:\/\/gpl-love.com\/fr\/wp-json\/wp\/v2\/product_brand?post=115735"},{"taxonomy":"product_cat","embeddable":true,"href":"https:\/\/gpl-love.com\/fr\/wp-json\/wp\/v2\/product_cat?post=115735"},{"taxonomy":"product_tag","embeddable":true,"href":"https:\/\/gpl-love.com\/fr\/wp-json\/wp\/v2\/product_tag?post=115735"}],"curies":[{"name":"wp","href":"https:\/\/api.w.org\/{rel}","templated":true}]}}