{"id":115731,"date":"2026-03-08T00:00:00","date_gmt":"2026-03-07T23:00:00","guid":{"rendered":"http:\/\/gpl-love.com\/fr\/produit\/woocommerce-notification\/"},"modified":"2026-04-10T18:47:31","modified_gmt":"2026-04-10T16:47:31","slug":"woocommerce-notification","status":"publish","type":"product","link":"https:\/\/gpl-love.com\/fr\/produit\/woocommerce-notification\/","title":{"rendered":"WooCommerce Notifications 1.7.0"},"content":{"rendered":"<h3>WooCommerce Notifications Traits<\/h3>\n<p>La notification WooCommerce, un outil extr\u00eamement robuste, sert de catalyseur pour les magasins en ligne cherchant \u00e0 amplifier leurs ventes et leurs conversions. En tirant parti de ce produit r\u00e9volutionnaire, les propri\u00e9taires de magasins sont autoris\u00e9s \u00e0 pr\u00e9senter des notifications en temps r\u00e9el \u00e0 leurs clients estim\u00e9s \u00e0 diff\u00e9rentes \u00e9tapes du parcours d&rsquo;achat. Ces notifications, qui englobent la confirmation des commandes, les mises \u00e0 jour de l&rsquo;exp\u00e9dition et les alertes de disponibilit\u00e9 des produits, facilitent une interaction transparente et synchronis\u00e9e avec les clients, favorisant ainsi la confiance et provoquant des achats r\u00e9currents. De plus, la capacit\u00e9 du produit \u00e0 \u00eatre personnalis\u00e9e en termes de conception associ\u00e9e \u00e0 ses fonctionnalit\u00e9s d&rsquo;analyse tout compris, ce qui en fait un choix optimal pour les entreprises visant \u00e0 affiner leur strat\u00e9gie de vente. Dans l&rsquo;ensemble, la notification WooCommerce incarne une solution sans \u00e9quivoque efficace et centr\u00e9e sur l&rsquo;utilisateur, pr\u00eate \u00e0 propulser les chiffres de vente \u00e0 de nouveaux sommets tout en augmentant simultan\u00e9ment la satisfaction des clients.<\/p>\n<ul>\n<li>Notifications en temps r\u00e9el pour les propri\u00e9taires de magasins WooCommerce<\/li>\n<li>Param\u00e8tres de notification personnalisables pour r\u00e9pondre \u00e0 vos besoins sp\u00e9cifiques<\/li>\n<li>Alertes pour les nouvelles commandes, les arri\u00e8res, le bas de stock, les articles en rupture<\/li>\n<li>Configuration facile et int\u00e9gration avec votre boutique WooCommerce<\/li>\n<li>Possibilit\u00e9 de recevoir des notifications par e-mail, SMS, Slack ou autres canaux<\/li>\n<li>Des informations ax\u00e9es sur les donn\u00e9es qui vous aident \u00e0 prendre des d\u00e9cisions \u00e9clair\u00e9es sur votre magasin<\/li>\n<li>Augmente l&rsquo;efficacit\u00e9 en vous permettant de rester au-dessus de votre magasin sans le v\u00e9rifier constamment<\/li>\n<li>Stimule la satisfaction des clients en garantissant un traitement et une livraison en temps opportun de leurs commandes<\/li>\n<li>Peut \u00eatre utilis\u00e9 par les propri\u00e9taires de magasins de tous niveaux, du novice \u00e0 avanc\u00e9<\/li>\n<li>SeamlSSSly s&rsquo;int\u00e8gre \u00e0 d&rsquo;autres plugins et extensions WooCommerce.<\/li>\n<\/ul>\n","protected":false},"excerpt":{"rendered":"<p>WooCommerce Notification, un outil indispensable pour les propri\u00e9taires de magasins en ligne aspirant \u00e0 am\u00e9liorer leurs ventes et \u00e0 favoriser l&rsquo;engagement client, offre une pl\u00e9thore d&rsquo;avantages. En vertu de ce plugin ing\u00e9nieux, vous poss\u00e9dez le pouvoir de transmettre sans effort des notifications automatiques \u00e0 vos clients estim\u00e9s, en les \u00e9valuant des d\u00e9tails pertinents concernant leurs commandes, des mises \u00e0 jour en temps opportun concernant la disponibilit\u00e9 des produits, des offres et des promotions exclusives et une multitude d&rsquo;autres informations indispensables. Ce syst\u00e8me de notification de pointe et instantan\u00e9 garantit que votre client\u00e8le exigeante reste bien inform\u00e9 de la myriade d&rsquo;activit\u00e9s se transformant dans votre \u00e9tablissement estim\u00e9, ce qui entra\u00eene une augmentation spectaculaire de vos chiffres de vente et une augmentation substantielle de la fid\u00e9lit\u00e9 de la client\u00e8le. De plus, le processus d&rsquo;installation et de configuration de ce plugin est un jeu d&rsquo;enfant, augment\u00e9 davantage par la disponibilit\u00e9 d&rsquo;une vaste gamme d&rsquo;options de personnalisation qui r\u00e9pondent efficacement \u00e0 vos conditions de marque unique.<\/p>\n","protected":false},"featured_media":145937,"comment_status":"open","ping_status":"open","template":"","meta":[],"product_brand":[2435],"product_cat":[1182,1200,1181],"product_tag":[1231],"class_list":{"0":"post-115731","1":"product","2":"type-product","3":"status-publish","4":"has-post-thumbnail","6":"product_brand-codecanyon","7":"product_cat-commerce-electronique-plugins","8":"product_cat-commercialisation","9":"product_cat-plugins","10":"product_tag-codecanyon","11":"member-discount","12":"discount-restricted","14":"first","15":"instock","16":"sale","17":"downloadable","18":"virtual","19":"sold-individually","20":"purchasable","21":"product-type-simple"},"_links":{"self":[{"href":"https:\/\/gpl-love.com\/fr\/wp-json\/wp\/v2\/product\/115731","targetHints":{"allow":["GET"]}}],"collection":[{"href":"https:\/\/gpl-love.com\/fr\/wp-json\/wp\/v2\/product"}],"about":[{"href":"https:\/\/gpl-love.com\/fr\/wp-json\/wp\/v2\/types\/product"}],"replies":[{"embeddable":true,"href":"https:\/\/gpl-love.com\/fr\/wp-json\/wp\/v2\/comments?post=115731"}],"wp:featuredmedia":[{"embeddable":true,"href":"https:\/\/gpl-love.com\/fr\/wp-json\/wp\/v2\/media\/145937"}],"wp:attachment":[{"href":"https:\/\/gpl-love.com\/fr\/wp-json\/wp\/v2\/media?parent=115731"}],"wp:term":[{"taxonomy":"product_brand","embeddable":true,"href":"https:\/\/gpl-love.com\/fr\/wp-json\/wp\/v2\/product_brand?post=115731"},{"taxonomy":"product_cat","embeddable":true,"href":"https:\/\/gpl-love.com\/fr\/wp-json\/wp\/v2\/product_cat?post=115731"},{"taxonomy":"product_tag","embeddable":true,"href":"https:\/\/gpl-love.com\/fr\/wp-json\/wp\/v2\/product_tag?post=115731"}],"curies":[{"name":"wp","href":"https:\/\/api.w.org\/{rel}","templated":true}]}}