{"id":115715,"date":"2025-06-03T00:00:00","date_gmt":"2025-06-02T22:00:00","guid":{"rendered":"http:\/\/gpl-love.com\/fr\/produit\/custom-payment-gateway-pro-pour-woocommerce\/"},"modified":"2026-03-20T23:00:17","modified_gmt":"2026-03-20T22:00:17","slug":"custom-payment-gateway-pro-pour-woocommerce","status":"publish","type":"product","link":"https:\/\/gpl-love.com\/fr\/produit\/custom-payment-gateway-pro-pour-woocommerce\/","title":{"rendered":"Custom Payment Gateway Pro pour WooCommerce 3.1.1"},"content":{"rendered":"<h3>Custom Payment Gateway Pro pour WooCommerce Traits<\/h3>\n<p>Custom Payment Gateway Pro pour WooCommerce est un outil robuste et tr\u00e8s efficace qui a \u00e9t\u00e9 sp\u00e9cifiquement d\u00e9velopp\u00e9 pour aider les entreprises \u00e0 int\u00e9grer sans effort des passerelles de paiement personnalis\u00e9es dans leurs magasins WooCommerce existants. En utilisant ce plugin exceptionnel, les utilisateurs sont en mesure d&rsquo;ajouter et de g\u00e9rer efficacement de nombreuses m\u00e9thodes de paiement, de personnaliser le processus de paiement pour s&rsquo;aligner parfaitement avec leurs exigences individuelles et de s&rsquo;assurer que toutes les transactions effectu\u00e9es sur leur plate-forme sont compl\u00e8tement s\u00e9curis\u00e9es et prot\u00e9g\u00e9es pour leurs pr\u00e9cieux clients. En outre, l&rsquo;installation et la configuration de ce plugin sont remarquablement simples et conviviales, permettant aux entreprises de commencer rapidement \u00e0 accepter les paiements de leurs passerelles pr\u00e9f\u00e9r\u00e9es sans aucun d\u00e9lai ni inconv\u00e9nient inutiles. En outre, il est imp\u00e9ratif de souligner que Paysway Gateway Pro pour WooCommerce propose un assortiment de fonctionnalit\u00e9s avanc\u00e9es, telles que la surveillance des transactions en temps r\u00e9el, les notifications de paiement enti\u00e8rement personnalisables et les rapports d\u00e9taill\u00e9s et complets qui d\u00e9crivent et documentent et documentent minutieusement l&rsquo;int\u00e9gralit\u00e9 de leurs ventes et revenu. Par cons\u00e9quent, il devient clairement clair que ce plugin extraordinaire est sans \u00e9quivoque une ressource indispensable et fondamentale pour toute entreprise qui s&rsquo;efforce activement d&rsquo;optimiser et d&rsquo;augmenter ses sources de revenus, tout en garantissant simultan\u00e9ment une exp\u00e9rience de paiement sans faille et sans tracas pour son client estim\u00e9 et fid\u00e8le base.<\/p>\n<ul>\n<li>Solution de passerelle de paiement robuste et flexible pour WooCommerce<\/li>\n<li>Options de traitement des paiements personnalisables pour les commer\u00e7ants<\/li>\n<li>Processus de paiement fluide pour les clients<\/li>\n<li>Traitement de paiement s\u00e9curis\u00e9 et fiable<\/li>\n<li>Prend en charge plusieurs m\u00e9thodes de paiement, y compris les cartes de cr\u00e9dit, PayPal, et plus<\/li>\n<li>Int\u00e9gration facile avec WooCommerce Store<\/li>\n<li>Mesures avanc\u00e9es de d\u00e9tection et de pr\u00e9vention de la fraude<\/li>\n<li>Capacit\u00e9 \u00e0 g\u00e9rer et \u00e0 suivre les transactions et les paiements<\/li>\n<li>Int\u00e9gration transparente avec la conception et l&rsquo;image de marque existantes<\/li>\n<li>Excellent support client et documentation<\/li>\n<\/ul>\n","protected":false},"excerpt":{"rendered":"<p>Paiement personnalis\u00e9 Gateway Pro pour WooCommerce est un outil exceptionnel con\u00e7u pour am\u00e9liorer vos transactions de commerce \u00e9lectronique. Ce plugin de pointe vous permet d&rsquo;int\u00e9grer de mani\u00e8re transparente votre passerelle de paiement pr\u00e9f\u00e9r\u00e9e dans votre boutique WooCommerce. C&rsquo;est une solution ultime qui accorde une flexibilit\u00e9 et un contr\u00f4le sur vos ventes en ligne, donnant \u00e0 vos clients un choix plus large de m\u00e9thodes de paiement. Ce plugin Premium est convivial, facile \u00e0 configurer et \u00e0 compatible avec tous les th\u00e8mes WooCommerce. C&rsquo;est un incontournable pour tout marchand en ligne, offrant une exp\u00e9rience d&rsquo;achat s\u00e9curis\u00e9e, efficace et personnalis\u00e9e pour les clients dans le monde. Donc, augmentez vos ventes et satisfaction du client aujourd&rsquo;hui avec Custom Payment Gateway Pro pour WooCommerce.<\/p>\n","protected":false},"featured_media":143503,"comment_status":"open","ping_status":"open","template":"","meta":[],"product_brand":[2501],"product_cat":[1182,1401,1181],"product_tag":[2194],"class_list":{"0":"post-115715","1":"product","2":"type-product","3":"status-publish","4":"has-post-thumbnail","6":"product_brand-wpruby","7":"product_cat-commerce-electronique-plugins","8":"product_cat-paiement-commerce-electronique-plugins","9":"product_cat-plugins","10":"product_tag-wpruby","11":"member-discount","12":"discount-restricted","14":"first","15":"instock","16":"sale","17":"downloadable","18":"virtual","19":"sold-individually","20":"purchasable","21":"product-type-simple"},"_links":{"self":[{"href":"https:\/\/gpl-love.com\/fr\/wp-json\/wp\/v2\/product\/115715","targetHints":{"allow":["GET"]}}],"collection":[{"href":"https:\/\/gpl-love.com\/fr\/wp-json\/wp\/v2\/product"}],"about":[{"href":"https:\/\/gpl-love.com\/fr\/wp-json\/wp\/v2\/types\/product"}],"replies":[{"embeddable":true,"href":"https:\/\/gpl-love.com\/fr\/wp-json\/wp\/v2\/comments?post=115715"}],"wp:featuredmedia":[{"embeddable":true,"href":"https:\/\/gpl-love.com\/fr\/wp-json\/wp\/v2\/media\/143503"}],"wp:attachment":[{"href":"https:\/\/gpl-love.com\/fr\/wp-json\/wp\/v2\/media?parent=115715"}],"wp:term":[{"taxonomy":"product_brand","embeddable":true,"href":"https:\/\/gpl-love.com\/fr\/wp-json\/wp\/v2\/product_brand?post=115715"},{"taxonomy":"product_cat","embeddable":true,"href":"https:\/\/gpl-love.com\/fr\/wp-json\/wp\/v2\/product_cat?post=115715"},{"taxonomy":"product_tag","embeddable":true,"href":"https:\/\/gpl-love.com\/fr\/wp-json\/wp\/v2\/product_tag?post=115715"}],"curies":[{"name":"wp","href":"https:\/\/api.w.org\/{rel}","templated":true}]}}