{"id":115713,"date":"2021-08-05T00:00:00","date_gmt":"2021-08-04T22:00:00","guid":{"rendered":"http:\/\/gpl-love.com\/fr\/produit\/carspot-automotive-car-dealer-wordpress-classified-theme\/"},"modified":"2026-03-20T22:58:06","modified_gmt":"2026-03-20T21:58:06","slug":"carspot-automotive-car-dealer-wordpress-classified-theme","status":"publish","type":"product","link":"https:\/\/gpl-love.com\/fr\/produit\/carspot-automotive-car-dealer-wordpress-classified-theme\/","title":{"rendered":"CarSpot Automotive Car Dealer WordPress Classified Theme 2.3.2"},"content":{"rendered":"<h3>CarSpot Automotive Car Dealer WordPress Classified Theme Traits<\/h3>\n<p>CARSPOT AUTOMOTIVE CAR CONCESSIONNAIRE WORDPRESS Le th\u00e8me Classifi\u00e9 est une solution globale et charg\u00e9e de fonctionnalit\u00e9s adapt\u00e9e aux concessionnaires automobiles et aux amateurs d&rsquo;automobiles cherchant \u00e0 \u00e9tablir une pr\u00e9sence en ligne professionnelle. Arborant une interface personnalisable et conviviale, ce th\u00e8me garantit une navigation facile et une exp\u00e9rience d&rsquo;achat sans couture pour les clients exigeants. B\u00e9n\u00e9ficiant d&rsquo;une r\u00e9activit\u00e9 compl\u00e8te et d&rsquo;une optimisation SEO, votre site Web sera facilement accessible et d\u00e9couvrable par les moteurs de recherche. Carspot va au-del\u00e0 avec des options de recherche et de filtrage avanc\u00e9es, des outils de comparaison de v\u00e9hicules et une pl\u00e9thore de choix de paiement et d&rsquo;exp\u00e9dition pour rationaliser le processus d&rsquo;achat et de vente de voitures. De plus, ce th\u00e8me comprend le partage social int\u00e9gr\u00e9, l&rsquo;int\u00e9gration Google Maps et un \u00e9ventail d&rsquo;autres fonctionnalit\u00e9s pour faciliter la croissance des entreprises et l&rsquo;engagement de l&rsquo;audience. En exploitant la puissance du th\u00e8me classifi\u00e9 du concessionnaire automobile CARSPOT, vous pourrez construire une plate-forme en ligne accrocheuse et dynamique qui se d\u00e9marque au milieu des concurrents et vous propulse pour atteindre vos objectifs de vente et de marketing.<\/p>\n<ul>\n<li>Un th\u00e8me WordPress de concessionnaire automobile puissant con\u00e7u sp\u00e9cifiquement pour les entreprises automobiles<\/li>\n<li>Outils de recherche avanc\u00e9s int\u00e9gr\u00e9s pour aider les utilisateurs \u00e0 trouver rapidement les voitures qu&rsquo;ils recherchent<\/li>\n<li>Syst\u00e8me de gestion des stocks dynamique pour aider les concessionnaires \u00e0 garder une trace de leurs listes de v\u00e9hicules<\/li>\n<li>Prend en charge des plugins tiers tels que WooCommerce, Contact Form 7 et Revolution Slider<\/li>\n<li>Conception enti\u00e8rement r\u00e9active et adapt\u00e9e aux mobiles pour une exp\u00e9rience utilisateur sans couture sur n&rsquo;importe quel appareil<\/li>\n<li>Disposition de page d&rsquo;accueil personnalisable avec une gamme de widgets et un g\u00e9n\u00e9rateur de pages glisser-d\u00e9poser<\/li>\n<li>Support multi-langues pour r\u00e9pondre \u00e0 un public mondial<\/li>\n<li>Optimis\u00e9 pour les vitesses de chargement rapide pour am\u00e9liorer l&rsquo;exp\u00e9rience utilisateur et les classements des moteurs de recherche<\/li>\n<li>Construit avec les meilleures pratiques de r\u00e9f\u00e9rence<\/li>\n<li>Mises \u00e0 jour gratuites \u00e0 vie et \u00e9quipe de support client d\u00e9di\u00e9e.<\/li>\n<\/ul>\n","protected":false},"excerpt":{"rendered":"<p>Pr\u00e9sentation de CARSPOT, un th\u00e8me classifi\u00e9 de concessionnaire automobile WordPress con\u00e7u pour r\u00e9volutionner votre entreprise automobile. En combinant la puissance de WordPress et notre design innovant, ce th\u00e8me permet aux concessionnaires automobiles de pr\u00e9senter leur inventaire d&rsquo;une mani\u00e8re \u00e9l\u00e9gante et professionnelle. CARSPOT propose une fonctionnalit\u00e9 classifi\u00e9e unique, permettant aux utilisateurs de parcourir une gamme diversifi\u00e9e de v\u00e9hicules, aidant les clients potentiels \u00e0 trouver leur match parfait. Avec les syst\u00e8mes de gestion des concessionnaires int\u00e9gr\u00e9s, vous pouvez facilement g\u00e9rer vos listes, suivre les prospects et assurer une exp\u00e9rience client transparente. Il comprend \u00e9galement une conception r\u00e9active, garantissant que votre site Web est et fonctionne parfaitement sur tous les appareils. Transformez votre entreprise avec CARSPOT, le th\u00e8me WordPress ultime pour les concessionnaires automobiles.<\/p>\n","protected":false},"featured_media":143361,"comment_status":"open","ping_status":"open","template":"","meta":[],"product_brand":[2433],"product_cat":[1242,1212,1213],"product_tag":[1366],"class_list":{"0":"post-115713","1":"product","2":"type-product","3":"status-publish","4":"has-post-thumbnail","6":"product_brand-themeforest","7":"product_cat-creatif","8":"product_cat-themes","9":"product_cat-wordpress-themes","10":"product_tag-themeforest","11":"member-discount","12":"discount-restricted","14":"first","15":"instock","16":"sale","17":"downloadable","18":"virtual","19":"sold-individually","20":"purchasable","21":"product-type-simple"},"_links":{"self":[{"href":"https:\/\/gpl-love.com\/fr\/wp-json\/wp\/v2\/product\/115713","targetHints":{"allow":["GET"]}}],"collection":[{"href":"https:\/\/gpl-love.com\/fr\/wp-json\/wp\/v2\/product"}],"about":[{"href":"https:\/\/gpl-love.com\/fr\/wp-json\/wp\/v2\/types\/product"}],"replies":[{"embeddable":true,"href":"https:\/\/gpl-love.com\/fr\/wp-json\/wp\/v2\/comments?post=115713"}],"wp:featuredmedia":[{"embeddable":true,"href":"https:\/\/gpl-love.com\/fr\/wp-json\/wp\/v2\/media\/143361"}],"wp:attachment":[{"href":"https:\/\/gpl-love.com\/fr\/wp-json\/wp\/v2\/media?parent=115713"}],"wp:term":[{"taxonomy":"product_brand","embeddable":true,"href":"https:\/\/gpl-love.com\/fr\/wp-json\/wp\/v2\/product_brand?post=115713"},{"taxonomy":"product_cat","embeddable":true,"href":"https:\/\/gpl-love.com\/fr\/wp-json\/wp\/v2\/product_cat?post=115713"},{"taxonomy":"product_tag","embeddable":true,"href":"https:\/\/gpl-love.com\/fr\/wp-json\/wp\/v2\/product_tag?post=115713"}],"curies":[{"name":"wp","href":"https:\/\/api.w.org\/{rel}","templated":true}]}}