{"id":115711,"date":"2025-05-27T00:00:00","date_gmt":"2025-05-26T22:00:00","guid":{"rendered":"http:\/\/gpl-love.com\/fr\/produit\/gravity-forms-styles-pro-addon\/"},"modified":"2026-03-20T23:18:12","modified_gmt":"2026-03-20T22:18:12","slug":"gravity-forms-styles-pro-addon","status":"publish","type":"product","link":"https:\/\/gpl-love.com\/fr\/produit\/gravity-forms-styles-pro-addon\/","title":{"rendered":"Gravity Forms Styles Pro Addon 3.1.4"},"content":{"rendered":"<h3>Gravity Forms Styles Pro Addon Traits<\/h3>\n<p>Les formes de gravit\u00e9 Styles Pro Addon, un outil tr\u00e8s puissant, sert \u00e0 am\u00e9liorer l&rsquo;attrait visuel de votre collecteur de formes de gravit\u00e9. En utilisant cet addon, vous pouvez infliger sans effort des formes exquises qui s&rsquo;alignent de mani\u00e8re transparente sur l&rsquo;image de marque ou l&rsquo;esth\u00e9tique unique de votre site Web. Il vous donne une interface utilisateur intuitive par laquelle vous pouvez personnaliser sans effort chaque facette de vos formulaires, que ce soit la typographie, la palette de couleurs, les fronti\u00e8res ou les arri\u00e8re-plans. De plus, vous avez \u00e9galement la commodit\u00e9 de s\u00e9lectionner parmi un large \u00e9ventail de mod\u00e8les m\u00e9ticuleusement con\u00e7us, vous permettant ainsi de vous lancer rapidement dans votre forme de cr\u00e9ation. Notamment, la gravit\u00e9 Forms Styles Pro Addon \u00e9tend \u00e9galement la facilit\u00e9 d&rsquo;int\u00e9gration des animations et des effets captivants dans vos formes, augmentant ainsi leur allure et leur interactivit\u00e9 globales, garantissant ainsi une exp\u00e9rience utilisateur superlative. Par cons\u00e9quent, \u00e0 l&rsquo;aide de cet addon, vous avez le potentiel de propulser vos formulaires de gravit\u00e9 \u00e0 des hauteurs sans pr\u00e9c\u00e9dent, augmentant ainsi fondamentalement votre exp\u00e9rience utilisateur.<\/p>\n<ul>\n<li>Am\u00e9liore l&rsquo;apparence et la fonctionnalit\u00e9 des formulaires de gravit\u00e9 sur votre site Web WordPress<\/li>\n<li>Comprend plus de 25 styles et designs pr\u00eats \u00e0 l&#8217;emploi \u00e0 choisir<\/li>\n<li>Option pour personnaliser les styles et cr\u00e9er vos propres conceptions uniques<\/li>\n<li>L&rsquo;interface conviviale facilite l&rsquo;application des styles et des ajustements<\/li>\n<li>Compatible avec toutes les formes de gravit\u00e9 et les extensions<\/li>\n<li>La conception r\u00e9active garantit que les formulaires sont superbes sur tous les appareils<\/li>\n<li>Stimule l&rsquo;engagement et am\u00e9liore l&rsquo;exp\u00e9rience utilisateur pour les visiteurs du site Web remplissant les formulaires<\/li>\n<li>Les options de style flexibles vous permettent de cr\u00e9er des formulaires qui correspondent \u00e0 la marque et \u00e0 la conception de votre site Web<\/li>\n<li>Continuellement mis \u00e0 jour avec de nouvelles fonctionnalit\u00e9s et styles<\/li>\n<li>Achat unique sans frais mensuels ni abonnement requis<\/li>\n<\/ul>\n","protected":false},"excerpt":{"rendered":"<p>Les formes de gravit\u00e9 Styles Pro Addon sont un plugin extr\u00eamement robuste qui offre aux utilisateurs la commodit\u00e9 de modifier sans effort les aspects esth\u00e9tiques de leurs formes de gravit\u00e9. Cet addon vous donne la possibilit\u00e9 de fa\u00e7onner des formes visuellement captivantes et chics qui s&rsquo;alignent parfaitement sur la conception et la marque de votre site Web. Il est \u00e9quip\u00e9 d&rsquo;un vaste assortiment de mod\u00e8les pr\u00e9-con\u00e7us et d&rsquo;un \u00e9ventail de choix personnalisables englobant les polices, les couleurs, les arri\u00e8re-plans et un assortiment d&rsquo;autres fonctionnalit\u00e9s. Que vous construisiez des formulaires de contact, des enqu\u00eates ou des formulaires de commande, les formes de gravit\u00e9 Styles Pro Addon sont \u00e9quip\u00e9es de tous les outils n\u00e9cessaires pour cr\u00e9er des formulaires qui d\u00e9gagent un air de professionnalisme, captivant ainsi l&rsquo;attention des visiteurs de votre site Web.<\/p>\n","protected":false},"featured_media":144094,"comment_status":"open","ping_status":"open","template":"","meta":[],"product_brand":[2435],"product_cat":[1189,1181,1186],"product_tag":[1231],"class_list":{"0":"post-115711","1":"product","2":"type-product","3":"status-publish","4":"has-post-thumbnail","6":"product_brand-codecanyon","7":"product_cat-personnalisation","8":"product_cat-plugins","9":"product_cat-wordpress-plugins","10":"product_tag-codecanyon","11":"member-discount","12":"discount-restricted","14":"first","15":"instock","16":"sale","17":"downloadable","18":"virtual","19":"sold-individually","20":"purchasable","21":"product-type-simple"},"_links":{"self":[{"href":"https:\/\/gpl-love.com\/fr\/wp-json\/wp\/v2\/product\/115711","targetHints":{"allow":["GET"]}}],"collection":[{"href":"https:\/\/gpl-love.com\/fr\/wp-json\/wp\/v2\/product"}],"about":[{"href":"https:\/\/gpl-love.com\/fr\/wp-json\/wp\/v2\/types\/product"}],"replies":[{"embeddable":true,"href":"https:\/\/gpl-love.com\/fr\/wp-json\/wp\/v2\/comments?post=115711"}],"wp:featuredmedia":[{"embeddable":true,"href":"https:\/\/gpl-love.com\/fr\/wp-json\/wp\/v2\/media\/144094"}],"wp:attachment":[{"href":"https:\/\/gpl-love.com\/fr\/wp-json\/wp\/v2\/media?parent=115711"}],"wp:term":[{"taxonomy":"product_brand","embeddable":true,"href":"https:\/\/gpl-love.com\/fr\/wp-json\/wp\/v2\/product_brand?post=115711"},{"taxonomy":"product_cat","embeddable":true,"href":"https:\/\/gpl-love.com\/fr\/wp-json\/wp\/v2\/product_cat?post=115711"},{"taxonomy":"product_tag","embeddable":true,"href":"https:\/\/gpl-love.com\/fr\/wp-json\/wp\/v2\/product_tag?post=115711"}],"curies":[{"name":"wp","href":"https:\/\/api.w.org\/{rel}","templated":true}]}}