{"id":115709,"date":"2026-01-24T00:00:00","date_gmt":"2026-01-23T23:00:00","guid":{"rendered":"http:\/\/gpl-love.com\/fr\/produit\/whatsapp-chat-pro-wp-social-chat-pour-wordpress\/"},"modified":"2026-04-10T18:45:31","modified_gmt":"2026-04-10T16:45:31","slug":"whatsapp-chat-pro-wp-social-chat-pour-wordpress","status":"publish","type":"product","link":"https:\/\/gpl-love.com\/fr\/produit\/whatsapp-chat-pro-wp-social-chat-pour-wordpress\/","title":{"rendered":"Social Chat Pro pour WordPress 8.0.6"},"content":{"rendered":"<h3>Social Chat Pro pour WordPress Traits<\/h3>\n<p>WhatsApp Chat Pro (WP Social Chat) est un plugin WordPress extr\u00eamement robuste qui permet aux propri\u00e9taires de sites Web d&rsquo;incorporer de mani\u00e8re transparente les fonctionnalit\u00e9s de chat WhatsApp dans leurs sites Web. Ce plugin remarquable permet aux visiteurs d&rsquo;\u00e9tablir sans effort des connexions avec les propri\u00e9taires de sites via WhatsApp, procurant ainsi des solutions rapides \u00e0 leurs requ\u00eates. Notamment convivial, le plugin poss\u00e8de une vaste gamme d&rsquo;options de personnalisation qui s&rsquo;alignent harmonieusement sur le style et l&rsquo;image de marque individuels du site Web. En tirant parti du plugin WhatsApp Chat Pro, les entreprises peuvent consid\u00e9rablement renforcer la communication client, fortifiant le lien entre lui et leur pr\u00e9cieux client\u00e8le. Incontestablement, cet outil essentiel est une n\u00e9cessit\u00e9 absolue pour tout propri\u00e9taire de site Web engag\u00e9 \u00e0 am\u00e9liorer son service client et \u00e0 optimiser l&rsquo;exp\u00e9rience utilisateur globale.<\/p>\n<ul>\n<li>Un plugin premium qui int\u00e8gre de mani\u00e8re transparente la fonction de chat WhatsApp avec votre site Web WordPress<\/li>\n<li>Permet aux visiteurs du site Web de discuter directement avec vous sur WhatsApp sans quitter votre site<\/li>\n<li>Hory personnalisable et flexible, avec plusieurs options d&rsquo;affichage et couleurs pour correspondre \u00e0 votre marque<\/li>\n<li>Conception r\u00e9active qui fonctionne parfaitement sur tous les appareils, y compris le mobile et le bureau<\/li>\n<li>Facile \u00e0 installer et \u00e0 utiliser, sans connaissances ou connaissances techniques requises<\/li>\n<li>Vous permet d&rsquo;ajouter plusieurs num\u00e9ros WhatsApp, vous offrant plus de flexibilit\u00e9 dans la gestion des chats entrants<\/li>\n<li>Livr\u00e9 avec une documentation et un soutien complet, en vous assurant que vous \u00eates op\u00e9rationnel en un rien de temps<\/li>\n<li>Am\u00e9liore l&rsquo;engagement des utilisateurs et l&rsquo;exp\u00e9rience client, conduisant \u00e0 des conversions et des ventes accrues<\/li>\n<li>R\u00e9guli\u00e8rement mis \u00e0 jour avec de nouvelles fonctionnalit\u00e9s et am\u00e9liorations pour vous assurer de rester en avance sur la comp\u00e9tition<\/li>\n<\/ul>\n","protected":false},"excerpt":{"rendered":"<p>WhatsApp Chat Pro est un plugin exceptionnellement robuste et riche en fonctionnalit\u00e9s sp\u00e9cialement con\u00e7u pour WordPress, qui int\u00e8gre parfaitement et de mani\u00e8re transparente la fonctionnalit\u00e9 de messagerie WhatsApp tr\u00e8s populaire dans votre site Web existant. Avec son processus de configuration remarquablement convivial et une vaste gamme d&rsquo;options personnalisables \u00e0 votre disposition, ce plugin exceptionnel vous permet d&rsquo;augmenter et d&rsquo;\u00e9lever consid\u00e9rablement vos capacit\u00e9s de support client en autorisant et en facilitant la messagerie directe entre vos visiteurs estim\u00e9s et vous-m\u00eame \u00e0 travers le moyen de WhatsApp . De plus, ce plugin ph\u00e9nom\u00e9nal vous conf\u00e8re \u00e9galement l&rsquo;avantage inestimable de vivre des notifications de chat en temps r\u00e9el, garantissant ainsi des r\u00e9ponses rapides et opportunes aux questions et pr\u00e9occupations de vos visiteurs. En outre, la polyvalence incomparable de WhatsApp Chat Pro est en outre d\u00e9montr\u00e9e par sa capacit\u00e9 inn\u00e9e \u00e0 soutenir sans effort et efficacement plusieurs comptes, ce qui en fait un choix id\u00e9al pour les entreprises caract\u00e9ris\u00e9es par de nombreux d\u00e9partements ou agents divers. Par cons\u00e9quent, en incorporant ce plugin in\u00e9gal\u00e9 dans votre site Web, vous pouvez am\u00e9liorer efficacement et consid\u00e9rablement l&rsquo;exp\u00e9rience utilisateur globale de vos visiteurs estim\u00e9s, tout en favorisant et en favorisant simultan\u00e9ment des niveaux d&rsquo;engagement accrus avec eux.<\/p>\n","protected":false},"featured_media":145755,"comment_status":"open","ping_status":"open","template":"","meta":[],"product_brand":[2690],"product_cat":[1189,1181,1186],"product_tag":[2193],"class_list":{"0":"post-115709","1":"product","2":"type-product","3":"status-publish","4":"has-post-thumbnail","6":"product_brand-quadlayers","7":"product_cat-personnalisation","8":"product_cat-plugins","9":"product_cat-wordpress-plugins","10":"product_tag-quadlayers","11":"member-discount","12":"discount-restricted","14":"first","15":"instock","16":"sale","17":"downloadable","18":"virtual","19":"sold-individually","20":"purchasable","21":"product-type-simple"},"_links":{"self":[{"href":"https:\/\/gpl-love.com\/fr\/wp-json\/wp\/v2\/product\/115709","targetHints":{"allow":["GET"]}}],"collection":[{"href":"https:\/\/gpl-love.com\/fr\/wp-json\/wp\/v2\/product"}],"about":[{"href":"https:\/\/gpl-love.com\/fr\/wp-json\/wp\/v2\/types\/product"}],"replies":[{"embeddable":true,"href":"https:\/\/gpl-love.com\/fr\/wp-json\/wp\/v2\/comments?post=115709"}],"wp:featuredmedia":[{"embeddable":true,"href":"https:\/\/gpl-love.com\/fr\/wp-json\/wp\/v2\/media\/145755"}],"wp:attachment":[{"href":"https:\/\/gpl-love.com\/fr\/wp-json\/wp\/v2\/media?parent=115709"}],"wp:term":[{"taxonomy":"product_brand","embeddable":true,"href":"https:\/\/gpl-love.com\/fr\/wp-json\/wp\/v2\/product_brand?post=115709"},{"taxonomy":"product_cat","embeddable":true,"href":"https:\/\/gpl-love.com\/fr\/wp-json\/wp\/v2\/product_cat?post=115709"},{"taxonomy":"product_tag","embeddable":true,"href":"https:\/\/gpl-love.com\/fr\/wp-json\/wp\/v2\/product_tag?post=115709"}],"curies":[{"name":"wp","href":"https:\/\/api.w.org\/{rel}","templated":true}]}}