{"id":115707,"date":"2024-09-25T00:00:00","date_gmt":"2024-09-24T22:00:00","guid":{"rendered":"http:\/\/gpl-love.com\/fr\/produit\/quform-wordpress-form-builder\/"},"modified":"2026-04-10T18:37:38","modified_gmt":"2026-04-10T16:37:38","slug":"quform-wordpress-form-builder","status":"publish","type":"product","link":"https:\/\/gpl-love.com\/fr\/produit\/quform-wordpress-form-builder\/","title":{"rendered":"Quform WordPress Form Builder 2.21.1"},"content":{"rendered":"<h3>Quform WordPress Form Builder Traits<\/h3>\n<p>Quform, un constructeur de formulaires WordPress hautement capable, vous permet de construire sans effort des formulaires professionnels et sur mesure pour votre site Web. Tirant parti de son interface de glisser-d\u00e9poser conviviale, vous pouvez adapter sans effort vos formulaires et vos champs pour vous aligner sur votre marque et collecter sans effort les informations n\u00e9cessaires de vos utilisateurs. Avec un assortiment de mod\u00e8les de formulaire et de fonctionnalit\u00e9s sophistiqu\u00e9es telles que la logique conditionnelle, les formulaires en plusieurs \u00e9tapes et l&rsquo;int\u00e9gration de paiement, Quform appara\u00eet comme la solution par excellence pour tout site Web n\u00e9cessitant un constructeur de formulaires fiable et efficace. De plus, avec sa r\u00e9activit\u00e9 et sa compatibilit\u00e9 inh\u00e9rentes \u00e0 tous les appareils, vous pouvez garantir une accessibilit\u00e9 universelle \u00e0 vos formulaires, \u00e0 tout moment et n&rsquo;importe o\u00f9. Ne perdez pas de temps et acqu\u00e9rir Quform aujourd&rsquo;hui pour se lancer dans la r\u00e9alisation de vos aspirations de cr\u00e9ation de formulaires!<\/p>\n<ul>\n<li>Formulaires personnalisables de haute qualit\u00e9 con\u00e7us pour les sites Web WordPress<\/li>\n<li>Le g\u00e9n\u00e9rateur de formulaires de glisser-d\u00e9poser facilite la cr\u00e9ation de formulaires sans codage<\/li>\n<li>Plus de 20 types de champs \u00e0 choisir, y compris les champs de texte, les cases \u00e0 cocher et les t\u00e9l\u00e9chargements de fichiers<\/li>\n<li>La logique conditionnelle vous permet de cr\u00e9er des formulaires dynamiques qui changent en fonction de l&rsquo;entr\u00e9e utilisateur<\/li>\n<li>Les mesures anti-spam int\u00e9gr\u00e9es aident \u00e0 pr\u00e9venir les soumissions ind\u00e9sirables<\/li>\n<li>S&rsquo;int\u00e8gre aux services de marketing par e-mail populaires comme MailChimp et Campaign Monitor<\/li>\n<li>Options de style de formulaire flexible pour correspondre \u00e0 la marque de votre site Web<\/li>\n<li>Les soumissions de formulaires peuvent \u00eatre enregistr\u00e9es dans votre base de donn\u00e9es WordPress ou par e-mail directement \u00e0 vous<\/li>\n<li>Prise en charge des formulaires et des pi\u00e8ces jointes de plusieurs pages<\/li>\n<li>Convivial avec des crochets et filtres pour la personnalisation<\/li>\n<li>Mises \u00e0 jour r\u00e9guli\u00e8res et excellent support client du d\u00e9veloppeur.<\/li>\n<\/ul>\n","protected":false},"excerpt":{"rendered":"<p>Quform, un plugin WordPress tr\u00e8s polyvalent, pr\u00e9sente aux utilisateurs la capacit\u00e9 transparente pour g\u00e9n\u00e9rer sans effort des formulaires sur mesure. Au moyen d&rsquo;un constructeur de glisser-d\u00e9poser intuitif, on peut incorporer de mani\u00e8re transparente un tableau de types de champs, allant des composants textuels et des boutons radio pour les t\u00e9l\u00e9chargements de fichiers et les passerelles de paiement. De plus, Quform englobe les fonctionnalit\u00e9s avanc\u00e9es, y compris la logique conditionnelle, les formes en plusieurs \u00e9tapes et la conformit\u00e9 du RGPD, augmentant ainsi sa proposition de valeur globale. En outre, sa conception r\u00e9active garantit une pr\u00e9sentation de formulaire impeccable sur diff\u00e9rents appareils, tandis que le potentiel d&rsquo;int\u00e9gration avec des plateformes de marketing par e-mail estim\u00e9es telles que MailChimp et Campaign Monitor autorise les utilisateurs \u00e0 amasser sans effort des donn\u00e9es, nourrissant ainsi leurs efforts d&rsquo;expansion d&rsquo;audience.<\/p>\n","protected":false},"featured_media":145065,"comment_status":"open","ping_status":"open","template":"","meta":[],"product_brand":[2435],"product_cat":[1191,1181,1186],"product_tag":[1231],"class_list":{"0":"post-115707","1":"product","2":"type-product","3":"status-publish","4":"has-post-thumbnail","6":"product_brand-codecanyon","7":"product_cat-formes","8":"product_cat-plugins","9":"product_cat-wordpress-plugins","10":"product_tag-codecanyon","11":"member-discount","12":"discount-restricted","14":"first","15":"instock","16":"sale","17":"downloadable","18":"virtual","19":"sold-individually","20":"purchasable","21":"product-type-simple"},"_links":{"self":[{"href":"https:\/\/gpl-love.com\/fr\/wp-json\/wp\/v2\/product\/115707","targetHints":{"allow":["GET"]}}],"collection":[{"href":"https:\/\/gpl-love.com\/fr\/wp-json\/wp\/v2\/product"}],"about":[{"href":"https:\/\/gpl-love.com\/fr\/wp-json\/wp\/v2\/types\/product"}],"replies":[{"embeddable":true,"href":"https:\/\/gpl-love.com\/fr\/wp-json\/wp\/v2\/comments?post=115707"}],"wp:featuredmedia":[{"embeddable":true,"href":"https:\/\/gpl-love.com\/fr\/wp-json\/wp\/v2\/media\/145065"}],"wp:attachment":[{"href":"https:\/\/gpl-love.com\/fr\/wp-json\/wp\/v2\/media?parent=115707"}],"wp:term":[{"taxonomy":"product_brand","embeddable":true,"href":"https:\/\/gpl-love.com\/fr\/wp-json\/wp\/v2\/product_brand?post=115707"},{"taxonomy":"product_cat","embeddable":true,"href":"https:\/\/gpl-love.com\/fr\/wp-json\/wp\/v2\/product_cat?post=115707"},{"taxonomy":"product_tag","embeddable":true,"href":"https:\/\/gpl-love.com\/fr\/wp-json\/wp\/v2\/product_tag?post=115707"}],"curies":[{"name":"wp","href":"https:\/\/api.w.org\/{rel}","templated":true}]}}