{"id":115705,"date":"2022-03-30T00:00:00","date_gmt":"2022-03-29T22:00:00","guid":{"rendered":"http:\/\/gpl-love.com\/fr\/produit\/edumodo-education-wordpress-theme\/"},"modified":"2026-03-20T23:02:58","modified_gmt":"2026-03-20T22:02:58","slug":"edumodo-education-wordpress-theme","status":"publish","type":"product","link":"https:\/\/gpl-love.com\/fr\/produit\/edumodo-education-wordpress-theme\/","title":{"rendered":"Edumodo Education WordPress Theme 4.3.1"},"content":{"rendered":"<h3>Edumodo Education WordPress Theme Traits<\/h3>\n<p>Le th\u00e8me WordPress EduModo Education est une solution \u00e9tendue et conviviale qui r\u00e9pond aux besoins des \u00e9tablissements d&rsquo;enseignement, des prestataires de cours en ligne et des instructeurs individuels. Ce th\u00e8me offre une pl\u00e9thore de fonctionnalit\u00e9s innovantes qui rationalisent le processus de cr\u00e9ation et de gestion des sites Web sp\u00e9cialement con\u00e7us \u00e0 des fins \u00e9ducatives. De plus, il est pleinement r\u00e9actif, garantissant des performances optimales sur tous les appareils. Notamment, le th\u00e8me fournit des mod\u00e8les personnalisables, facilite l&rsquo;utilisation des constructeurs de pages glisser-d\u00e9poser et propose un panneau d&rsquo;options de th\u00e8me robuste qui donne aux utilisateurs la possibilit\u00e9 de personnaliser l&rsquo;apparence et la fonctionnalit\u00e9 de leur site Web. De plus, le th\u00e8me WordPress EduModo Education poss\u00e8de une vari\u00e9t\u00e9 de d\u00e9mos pr\u00e9d\u00e9finies qui acc\u00e9l\u00e8rent le processus de configuration du site Web avec un effort minimal. \u00c9quip\u00e9 de ses outils d&rsquo;apprentissage en ligne int\u00e9gr\u00e9s, ce th\u00e8me permet aux utilisateurs de g\u00e9n\u00e9rer et de superviser sans effort des cours, des quiz et des affectations. Essentiellement, le th\u00e8me WordPress de l&rsquo;\u00e9ducation EduModo incarne une solution tout-en-un pour la cr\u00e9ation et la gestion transparentes des sites Web \u00e9ducatifs.<\/p>\n<ul>\n<li>Conception r\u00e9active et personnalisable<\/li>\n<li>Compatible avec les plugins en ligne populaires<\/li>\n<li>Syst\u00e8me de gestion et de suivi des cours int\u00e9gr\u00e9s<\/li>\n<li>Traitement des paiements int\u00e9gr\u00e9s pour les ventes de cours<\/li>\n<li>Support multilingue pour les march\u00e9s de l&rsquo;\u00e9ducation mondiale<\/li>\n<li>Optimis\u00e9 pour le classement des moteurs de recherche et l&rsquo;engagement des \u00e9tudiants<\/li>\n<li>Builder de page de glisser-d\u00e9poser facile \u00e0 utiliser<\/li>\n<li>Int\u00e9gration des m\u00e9dias sociaux pour partager le contenu du cours<\/li>\n<li>Mises \u00e0 jour \u00e0 vie et support d\u00e9di\u00e9 du d\u00e9veloppeur<\/li>\n<li>Large gamme d&rsquo;options de personnalisation pour l&rsquo;image de marque et la personnalisation.<\/li>\n<\/ul>\n","protected":false},"excerpt":{"rendered":"<p>Le th\u00e8me WordPress Edumodo Education est une solution exceptionnelle sur mesure sp\u00e9cifiquement pour les \u00e9ducateurs qui aspirent \u00e0 \u00e9tablir une pr\u00e9sence en ligne sophistiqu\u00e9e et captivante. Avec son design \u00e9l\u00e9gant et contemporain, ce th\u00e8me pr\u00e9sente une disposition conviviale compl\u00e9t\u00e9e par une pl\u00e9thore d&rsquo;options personnalisables. Il sert de plate-forme parfaite pour afficher efficacement une myriade de contenu \u00e9ducatif, y compris des cours, des horaires de cours et bien plus encore. B\u00e9n\u00e9ficiant d&rsquo;une gamme de fonctionnalit\u00e9s impressionnantes, EduModo comprend une conception r\u00e9active, offrant une adaptabilit\u00e9 transparente sur plusieurs appareils. En outre, il offre diverses dispositions d&rsquo;en-t\u00eate et de pied de page, pour s&rsquo;adresser \u00e0 diverses pr\u00e9f\u00e9rences esth\u00e9tiques. En prime, ce th\u00e8me est \u00e9quip\u00e9 de pages pr\u00e9-con\u00e7ues pour les t\u00e9moignages, les prix et les questions fr\u00e9quemment pos\u00e9es, facilitant la navigation rationalis\u00e9e et une exp\u00e9rience utilisateur am\u00e9lior\u00e9e. Il convient de noter la fonctionnalit\u00e9 intuitive du constructeur de pages de glisser-d\u00e9poser, permettant la cr\u00e9ation de pages visuellement \u00e9poustouflantes sans n\u00e9cessiter de comp\u00e9tences de codage avanc\u00e9es. Rassurez-vous, avec Edumodo \u00e0 la barre, votre site Web d\u00e9gagera un sentiment d&rsquo;inspiration et captivera l&rsquo;attention des \u00e9l\u00e8ves, des parents et de toute personne ayant un d\u00e9sir fervent d&rsquo;acqu\u00e9rir des connaissances.<\/p>\n","protected":false},"featured_media":143680,"comment_status":"open","ping_status":"open","template":"","meta":[],"product_brand":[2433],"product_cat":[1242,1212,1213],"product_tag":[1366],"class_list":{"0":"post-115705","1":"product","2":"type-product","3":"status-publish","4":"has-post-thumbnail","6":"product_brand-themeforest","7":"product_cat-creatif","8":"product_cat-themes","9":"product_cat-wordpress-themes","10":"product_tag-themeforest","11":"member-discount","12":"discount-restricted","14":"first","15":"instock","16":"sale","17":"downloadable","18":"virtual","19":"sold-individually","20":"purchasable","21":"product-type-simple"},"_links":{"self":[{"href":"https:\/\/gpl-love.com\/fr\/wp-json\/wp\/v2\/product\/115705","targetHints":{"allow":["GET"]}}],"collection":[{"href":"https:\/\/gpl-love.com\/fr\/wp-json\/wp\/v2\/product"}],"about":[{"href":"https:\/\/gpl-love.com\/fr\/wp-json\/wp\/v2\/types\/product"}],"replies":[{"embeddable":true,"href":"https:\/\/gpl-love.com\/fr\/wp-json\/wp\/v2\/comments?post=115705"}],"wp:featuredmedia":[{"embeddable":true,"href":"https:\/\/gpl-love.com\/fr\/wp-json\/wp\/v2\/media\/143680"}],"wp:attachment":[{"href":"https:\/\/gpl-love.com\/fr\/wp-json\/wp\/v2\/media?parent=115705"}],"wp:term":[{"taxonomy":"product_brand","embeddable":true,"href":"https:\/\/gpl-love.com\/fr\/wp-json\/wp\/v2\/product_brand?post=115705"},{"taxonomy":"product_cat","embeddable":true,"href":"https:\/\/gpl-love.com\/fr\/wp-json\/wp\/v2\/product_cat?post=115705"},{"taxonomy":"product_tag","embeddable":true,"href":"https:\/\/gpl-love.com\/fr\/wp-json\/wp\/v2\/product_tag?post=115705"}],"curies":[{"name":"wp","href":"https:\/\/api.w.org\/{rel}","templated":true}]}}