{"id":115701,"date":"2025-09-09T00:00:00","date_gmt":"2025-09-08T22:00:00","guid":{"rendered":"http:\/\/gpl-love.com\/fr\/produit\/totalpoll-pro-responsive-wordpress-poll-plugin\/"},"modified":"2026-04-10T18:43:46","modified_gmt":"2026-04-10T16:43:46","slug":"totalpoll-pro-responsive-wordpress-poll-plugin","status":"publish","type":"product","link":"https:\/\/gpl-love.com\/fr\/produit\/totalpoll-pro-responsive-wordpress-poll-plugin\/","title":{"rendered":"Total Poll Pro Responsive WordPress Poll Plugin 4.12.0"},"content":{"rendered":"<h3>Total Poll Pro Responsive WordPress Poll Plugin Traits<\/h3>\n<p>Total Poll Pro est un plugin de sondage WordPress tr\u00e8s r\u00e9actif et sophistiqu\u00e9 qui permet aux utilisateurs de cr\u00e9er et de g\u00e9rer efficacement les sondages directement sur leur site Web. B\u00e9n\u00e9ficiant d&rsquo;une interface int\u00e9gr\u00e9e et conviviale de mani\u00e8re transparente, TotalPoll Pro offre une pl\u00e9thore d&rsquo;options personnalisables qui permettent aux propri\u00e9taires de sites Web de s&rsquo;engager activement avec leur public et d&rsquo;amasser des commentaires inestimables. Fabriqu\u00e9 avec WordPress \u00e0 l&rsquo;esprit, ce plugin s&rsquo;int\u00e8gre parfaitement \u00e0 la plate-forme, garantissant un processus de configuration rationalis\u00e9 qui est un jeu d&rsquo;enfant \u00e0 installer. \u00c9clatant de fonctionnalit\u00e9s avanc\u00e9es, y compris le suivi des r\u00e9sultats en temps r\u00e9el, les capacit\u00e9s de partage des m\u00e9dias sociaux et plusieurs options de vote, TotalPoll Pro s&rsquo;av\u00e8re \u00eatre un outil indispensable pour tout site Web qui s&rsquo;efforce d&rsquo;enrichir l&rsquo;engagement des utilisateurs et de renforcer l&rsquo;interaction. Que vous op\u00e9riez un blog personnel modeste ou un site Web de commerce tentaculaire, TotalPoll Pro sert sans effort de solution ultime pour g\u00e9n\u00e9rer des sondages dynamiques et captivants qui inciteront ind\u00e9niablement vos visiteurs \u00e0 revenir \u00e0 maintes reprises.<\/p>\n<ul>\n<li>Cr\u00e9ez des sondages illimit\u00e9s avec une vari\u00e9t\u00e9 de types de questions, notamment un seul choix, un choix multiple et une fin ouverte.<\/li>\n<li>Personnalisez l&rsquo;apparence de vos sondages avec un constructeur de glisser-d\u00e9poser et plus de 10 th\u00e8mes \u00e0 choisir.<\/li>\n<li>Configurer des param\u00e8tres d\u00e9taill\u00e9s tels que les limites de vote, les dates d&rsquo;expiration et les restrictions par adresse IP ou r\u00f4le utilisateur.<\/li>\n<li>Affichez vos sondages de diverses mani\u00e8res, y compris en tant que pop-ups, widgets ou int\u00e9gr\u00e9s directement dans votre contenu.<\/li>\n<li>Analysez les r\u00e9sultats de votre sondage avec des statistiques et des graphiques d\u00e9taill\u00e9s, y compris la possibilit\u00e9 d&rsquo;exporter des donn\u00e9es sous forme de fichiers CSV.<\/li>\n<li>Utilisez les options de partage social int\u00e9gr\u00e9es pour augmenter l&rsquo;engagement et pour aider vos sondages \u00e0 devenir viraux.<\/li>\n<li>Profitez du design r\u00e9actif qui garantit que vos sondages sont beaux et fonctionnent parfaitement sur n&rsquo;importe quel appareil.<\/li>\n<li>Acc\u00e9dez au support premium de l&rsquo;\u00e9quipe TotalPoll, ainsi qu&rsquo;aux mises \u00e0 jour r\u00e9guli\u00e8res et aux nouvelles fonctionnalit\u00e9s.<\/li>\n<\/ul>\n","protected":false},"excerpt":{"rendered":"<p>Total Poll Pro est un plugin de sondage WordPress incroyablement r\u00e9actif et convivial qui vous accorde la possibilit\u00e9 de construire et de personnaliser des sondages en fonction de vos exigences sp\u00e9cifiques. B\u00e9n\u00e9ficiant d&rsquo;une gamme de fonctionnalit\u00e9s interactives et de possibilit\u00e9s de personnalisation, ce plugin se pr\u00e9sente comme la r\u00e9ponse ultime pour les blogueurs, les cr\u00e9ateurs de contenu et les entreprises visant \u00e0 captiver leur public gr\u00e2ce \u00e0 des exp\u00e9riences de sondage immersives. De plus, ce plugin propose des versions gratuites et pro, offrant aux utilisateurs la possibilit\u00e9 de se livrer \u00e0 ses fonctionnalit\u00e9s avanc\u00e9es, y compris des th\u00e8mes personnalis\u00e9s, des capacit\u00e9s de partage social et des analyses approfondies. En tant que tel, Total Poll Pro appara\u00eet comme un outil indispensable pour toute intention individuelle pour exploiter l&rsquo;immense potentiel inh\u00e9rent \u00e0 la r\u00e9troaction des utilisateurs.<\/p>\n","protected":false},"featured_media":145603,"comment_status":"open","ping_status":"open","template":"","meta":[],"product_brand":[2435],"product_cat":[1189,1181,1186],"product_tag":[1231],"class_list":{"0":"post-115701","1":"product","2":"type-product","3":"status-publish","4":"has-post-thumbnail","6":"product_brand-codecanyon","7":"product_cat-personnalisation","8":"product_cat-plugins","9":"product_cat-wordpress-plugins","10":"product_tag-codecanyon","11":"member-discount","12":"discount-restricted","14":"first","15":"instock","16":"sale","17":"downloadable","18":"virtual","19":"sold-individually","20":"purchasable","21":"product-type-simple"},"_links":{"self":[{"href":"https:\/\/gpl-love.com\/fr\/wp-json\/wp\/v2\/product\/115701","targetHints":{"allow":["GET"]}}],"collection":[{"href":"https:\/\/gpl-love.com\/fr\/wp-json\/wp\/v2\/product"}],"about":[{"href":"https:\/\/gpl-love.com\/fr\/wp-json\/wp\/v2\/types\/product"}],"replies":[{"embeddable":true,"href":"https:\/\/gpl-love.com\/fr\/wp-json\/wp\/v2\/comments?post=115701"}],"wp:featuredmedia":[{"embeddable":true,"href":"https:\/\/gpl-love.com\/fr\/wp-json\/wp\/v2\/media\/145603"}],"wp:attachment":[{"href":"https:\/\/gpl-love.com\/fr\/wp-json\/wp\/v2\/media?parent=115701"}],"wp:term":[{"taxonomy":"product_brand","embeddable":true,"href":"https:\/\/gpl-love.com\/fr\/wp-json\/wp\/v2\/product_brand?post=115701"},{"taxonomy":"product_cat","embeddable":true,"href":"https:\/\/gpl-love.com\/fr\/wp-json\/wp\/v2\/product_cat?post=115701"},{"taxonomy":"product_tag","embeddable":true,"href":"https:\/\/gpl-love.com\/fr\/wp-json\/wp\/v2\/product_tag?post=115701"}],"curies":[{"name":"wp","href":"https:\/\/api.w.org\/{rel}","templated":true}]}}