{"id":115668,"date":"2025-12-11T00:00:00","date_gmt":"2025-12-10T23:00:00","guid":{"rendered":"http:\/\/gpl-love.com\/fr\/produit\/iconic-flux-checkout-pour-woocommerce\/"},"modified":"2026-03-20T23:20:06","modified_gmt":"2026-03-20T22:20:06","slug":"iconic-flux-checkout-pour-woocommerce","status":"publish","type":"product","link":"https:\/\/gpl-love.com\/fr\/produit\/iconic-flux-checkout-pour-woocommerce\/","title":{"rendered":"Flux Checkout pour WooCommerce 2.24.0"},"content":{"rendered":"<h3>Flux Checkout pour WooCommerce Traits<\/h3>\n<p>Le paiement de flux embl\u00e9matique pour WooCommerce est un plugin de paiement remarquablement puissant et adaptable qui simplifie efficacement le processus d&rsquo;achat de votre magasin WooCommerce estim\u00e9. En raison de son interface extraordinairement intuitive et conviviale, les clients peuvent passer sans effort dans le processus de paiement et consommer leurs achats avec une facilit\u00e9 in\u00e9gal\u00e9e. Le plugin profite \u00e0 une vaste gamme de fonctionnalit\u00e9s hautement personnalisables, englobant mais sans s&rsquo;y limiter aux passerelles de paiement multiples, d\u00e9tection automatique de l&#8217;emplacement du client, un assortiment d&rsquo;options d&rsquo;exp\u00e9dition et une pl\u00e9thore de fonctionnalit\u00e9s suppl\u00e9mentaires. En outre, la caisse de flux embl\u00e9matique pour WooCommerce est ing\u00e9nieusement con\u00e7ue pour s&rsquo;int\u00e9grer de mani\u00e8re transparente \u00e0 un assortiment diversifi\u00e9 de th\u00e8mes et de plugins, ce qui le rend le choix par excellence pour tout propri\u00e9taire de magasin de WooCommerce exigeant pour augmenter son processus de paiement et am\u00e9liorer le contenu des clients.<\/p>\n<ul>\n<li>Un syst\u00e8me de paiement puissant et plein de fonctionnalit\u00e9s pour WooCommerce<\/li>\n<li>Rationalise le processus de paiement et r\u00e9duit les taux d&rsquo;abandon des paniers<\/li>\n<li>Offre un traitement de paiement fluide et s\u00e9curis\u00e9 par le biais de passerelles de paiement populaires comme Stripe, PayPal et Authorize.net<\/li>\n<li>Options de conception personnalisables pour correspondre \u00e0 votre marque et \u00e0 votre th\u00e8me de site Web<\/li>\n<li>La conception adapt\u00e9e aux mobiles et r\u00e9active garantit une exp\u00e9rience de paiement sans couture sur tous les appareils<\/li>\n<li>Fournit diverses options d&rsquo;exp\u00e9dition et m\u00e9thodes de calcul de l&rsquo;imp\u00f4t pour s&rsquo;aligner sur les besoins de votre entreprise<\/li>\n<li>Prend en charge diverses langues et devises pour r\u00e9pondre \u00e0 un public mondial<\/li>\n<li>Fournit des rapports d\u00e9taill\u00e9s et des analyses des ventes, des taux de conversion et des taux d&rsquo;abandon de CART pour aider les entreprises \u00e0 prendre des d\u00e9cisions bas\u00e9es sur les donn\u00e9es.<\/li>\n<\/ul>\n","protected":false},"excerpt":{"rendered":"<p>La caisse embl\u00e9matique Flux pour WooCommerce repr\u00e9sente un plugin de pointe et qui change la donne qui a \u00e9t\u00e9 con\u00e7u avec diligence pour \u00e9lever et am\u00e9liorer l&rsquo;exp\u00e9rience de paiement globale pour vos clients estim\u00e9s. Offrant une interface utilisateur remarquablement \u00e9l\u00e9gante et sans effort, notre plugin exceptionnel rationalise m\u00e9ticuleusement et simplifie le processus complexe d&rsquo;achat de vos produits inestimables, augmentant ainsi consid\u00e9rablement les taux de conversion et att\u00e9nuant efficacement le probl\u00e8me pr\u00e9val\u00e9 de l&rsquo;abandon du panier. De plus, arm\u00e9 d&rsquo;un \u00e9ventail d&rsquo;options de personnalisation sophistiqu\u00e9es, vous poss\u00e9dez la capacit\u00e9 inestimable pour adapter et affiner m\u00e9ticuleusement le processus de paiement d&rsquo;une mani\u00e8re exquise et sur mesure qui est parfaitement align\u00e9e sur l&rsquo;essence distinctive et le panache in\u00e9gal\u00e9 de votre marque estim\u00e9e, culminant finalement et finalement et culminant finalement, culminant finalement et finalement culminant et se calmant finalement, qui culmine finalement et finalement culminant et finalement culminant, qui culmine finalement, finalement culminant et finalement culminant, calminant finalement, qui culminait finalement et finalement, le culmining sans pr\u00e9c\u00e9dent de votre marque estim\u00e9e, se calmant finalement et finit par se calmer et finalement culminant, il finit par se calmer, il est finalement culminant et culminant finalement, qui culonne finalement et finalement et finalement culminant et finalement calmer Dans un parcours client sans faille ininterrompu et sans faille qui commence \u00e0 partir de l&rsquo;initiation et se termine gracieusement \u00e0 l&rsquo;aboutissement triomphant. Saisissez cette opportunit\u00e9 remarquable pour amplifier et optimiser votre exp\u00e9rience de paiement WooCommerce en embrassant rapidement les prouesses extraordinaires et in\u00e9gal\u00e9es de la caisse embl\u00e9matique Flux.<\/p>\n","protected":false},"featured_media":144214,"comment_status":"open","ping_status":"open","template":"","meta":[],"product_brand":[2572],"product_cat":[1182,1223,1181],"product_tag":[1587],"class_list":{"0":"post-115668","1":"product","2":"type-product","3":"status-publish","4":"has-post-thumbnail","6":"product_brand-iconic","7":"product_cat-commerce-electronique-plugins","8":"product_cat-personnalisation-commerce-electronique-plugins","9":"product_cat-plugins","10":"product_tag-iconic","11":"member-discount","12":"discount-restricted","14":"first","15":"instock","16":"sale","17":"downloadable","18":"virtual","19":"sold-individually","20":"purchasable","21":"product-type-simple"},"_links":{"self":[{"href":"https:\/\/gpl-love.com\/fr\/wp-json\/wp\/v2\/product\/115668","targetHints":{"allow":["GET"]}}],"collection":[{"href":"https:\/\/gpl-love.com\/fr\/wp-json\/wp\/v2\/product"}],"about":[{"href":"https:\/\/gpl-love.com\/fr\/wp-json\/wp\/v2\/types\/product"}],"replies":[{"embeddable":true,"href":"https:\/\/gpl-love.com\/fr\/wp-json\/wp\/v2\/comments?post=115668"}],"wp:featuredmedia":[{"embeddable":true,"href":"https:\/\/gpl-love.com\/fr\/wp-json\/wp\/v2\/media\/144214"}],"wp:attachment":[{"href":"https:\/\/gpl-love.com\/fr\/wp-json\/wp\/v2\/media?parent=115668"}],"wp:term":[{"taxonomy":"product_brand","embeddable":true,"href":"https:\/\/gpl-love.com\/fr\/wp-json\/wp\/v2\/product_brand?post=115668"},{"taxonomy":"product_cat","embeddable":true,"href":"https:\/\/gpl-love.com\/fr\/wp-json\/wp\/v2\/product_cat?post=115668"},{"taxonomy":"product_tag","embeddable":true,"href":"https:\/\/gpl-love.com\/fr\/wp-json\/wp\/v2\/product_tag?post=115668"}],"curies":[{"name":"wp","href":"https:\/\/api.w.org\/{rel}","templated":true}]}}