{"id":115664,"date":"2026-01-12T00:00:00","date_gmt":"2026-01-11T23:00:00","guid":{"rendered":"http:\/\/gpl-love.com\/fr\/produit\/widgetkit-prowidgetkit-pro-powerful-elementor-addons-kit\/"},"modified":"2026-04-10T18:45:39","modified_gmt":"2026-04-10T16:45:39","slug":"widgetkit-prowidgetkit-pro-powerful-elementor-addons-kit","status":"publish","type":"product","link":"https:\/\/gpl-love.com\/fr\/produit\/widgetkit-prowidgetkit-pro-powerful-elementor-addons-kit\/","title":{"rendered":"WidgetKit Pro Powerful Elementor Addons Kit 1.14.1"},"content":{"rendered":"<h3>WidgetKit Pro Powerful Elementor Addons Kit Traits<\/h3>\n<p>WidgetKit Pro, une remarquable collection d&rsquo;addons Elementor, offre aux utilisateurs une bo\u00eete \u00e0 outils robuste et flexible pour cr\u00e9er des sites Web saisissants visuellement. Avec son vaste assortiment de widgets, de mod\u00e8les et de constructeurs de formulaires, WidgetKit Pro rationalise le processus de cr\u00e9ation du site Web. Le plugin poss\u00e8de une interface glisser-d\u00e9poser conviviale, ce qui permet aux utilisateurs d&rsquo;ajouter, de modifier et d&rsquo;adapter sans effort les widgets selon les besoins sp\u00e9cifiques de leur site Web. Ces widgets sont hautement personnalisables et peuvent s&rsquo;int\u00e9grer de mani\u00e8re transparente dans n&rsquo;importe quelle page ou message. Que l&rsquo;objectif soit de construire une page de destination simpliste ou un site Web sophistiqu\u00e9, WidgetKit Pro sert d&rsquo;outil ultime pour les concepteurs Web et les d\u00e9veloppeurs. Avec son interface intuitive et ses fonctionnalit\u00e9s compl\u00e8tes, WidgetKit Pro est un atout indispensable pour les personnes cherchant \u00e0 cr\u00e9er un site Web professionnel \u00e0 l&rsquo;aide d&rsquo;Elementor.<\/p>\n<ul>\n<li>Ensemble complet d&rsquo;addons et de widgets \u00e0 utiliser avec Elementor<\/li>\n<li>Aide \u00e0 am\u00e9liorer la fonctionnalit\u00e9 et la conception de votre site Web<\/li>\n<li>Compatible avec les versions libres et pro de Elementor<\/li>\n<li>Facile \u00e0 installer et \u00e0 int\u00e9grer dans votre site Web existant<\/li>\n<li>Offre une large gamme d&rsquo;options de personnalisation pour chaque widget et addon<\/li>\n<li>Comprend des fonctionnalit\u00e9s de base et avanc\u00e9es pour plus de flexibilit\u00e9 de conception<\/li>\n<li>Aide \u00e0 gagner du temps et des efforts lors de la cr\u00e9ation de votre site Web<\/li>\n<li>Mises \u00e0 jour r\u00e9guli\u00e8res et assistance fournies pour vous assurer que vous \u00eates toujours \u00e0 jour<\/li>\n<li>Addons et widgets con\u00e7us pour \u00eatre \u00e0 chargement rapide et optimis\u00e9 pour les performances<\/li>\n<li>Offre un moyen rentable d&rsquo;ajouter de nouvelles fonctionnalit\u00e9s puissantes \u00e0 votre site Web.<\/li>\n<\/ul>\n","protected":false},"excerpt":{"rendered":"<p>WidgetKit Pro est un kit indispensable d&rsquo;addons pour Elementor qui offre une gamme compl\u00e8te de widgets et d&rsquo;\u00e9l\u00e9ments, permettant aux utilisateurs d&rsquo;\u00e9lever la qualit\u00e9 des conceptions de leur site Web. Gr\u00e2ce \u00e0 l&rsquo;utilisation de ce kit, on peut g\u00e9n\u00e9rer et personnaliser sans effort leur site Web, car il poss\u00e8de une interface intuitive qui fonctionne via un m\u00e9canisme de glisser-d\u00e9poser. Que l&rsquo;utilisateur soit en train de construire une plate-forme de vente au d\u00e9tail en ligne, un portefeuille professionnel poli ou un site Web d&rsquo;entreprise, WidgetKit Pro est enti\u00e8rement \u00e9quip\u00e9 pour r\u00e9pondre \u00e0 ses besoins. Ce kit compl\u00e9mentaire a \u00e9t\u00e9 d\u00e9lib\u00e9r\u00e9ment con\u00e7u pour permettre aux individus de cr\u00e9er des sites Web de frappe visuellement avec la plus grande facilit\u00e9, englobant tout, des minuteries de compte \u00e0 rebours captivantes aux animations 3D immersives. Ainsi, il n&rsquo;est pas n\u00e9cessaire de retarder ses progr\u00e8s; Acqu\u00e9rir WidgetKit Pro aujourd&rsquo;hui et d\u00e9verrouiller le potentiel sans limites qui se trouve dans Elementor!<\/p>\n","protected":false},"featured_media":145765,"comment_status":"open","ping_status":"open","template":"","meta":[],"product_brand":[2691],"product_cat":[1189,1181,1186],"product_tag":[2192],"class_list":{"0":"post-115664","1":"product","2":"type-product","3":"status-publish","4":"has-post-thumbnail","6":"product_brand-themesgrove","7":"product_cat-personnalisation","8":"product_cat-plugins","9":"product_cat-wordpress-plugins","10":"product_tag-themesgrove","11":"member-discount","12":"discount-restricted","14":"first","15":"instock","16":"sale","17":"downloadable","18":"virtual","19":"sold-individually","20":"purchasable","21":"product-type-simple"},"_links":{"self":[{"href":"https:\/\/gpl-love.com\/fr\/wp-json\/wp\/v2\/product\/115664","targetHints":{"allow":["GET"]}}],"collection":[{"href":"https:\/\/gpl-love.com\/fr\/wp-json\/wp\/v2\/product"}],"about":[{"href":"https:\/\/gpl-love.com\/fr\/wp-json\/wp\/v2\/types\/product"}],"replies":[{"embeddable":true,"href":"https:\/\/gpl-love.com\/fr\/wp-json\/wp\/v2\/comments?post=115664"}],"wp:featuredmedia":[{"embeddable":true,"href":"https:\/\/gpl-love.com\/fr\/wp-json\/wp\/v2\/media\/145765"}],"wp:attachment":[{"href":"https:\/\/gpl-love.com\/fr\/wp-json\/wp\/v2\/media?parent=115664"}],"wp:term":[{"taxonomy":"product_brand","embeddable":true,"href":"https:\/\/gpl-love.com\/fr\/wp-json\/wp\/v2\/product_brand?post=115664"},{"taxonomy":"product_cat","embeddable":true,"href":"https:\/\/gpl-love.com\/fr\/wp-json\/wp\/v2\/product_cat?post=115664"},{"taxonomy":"product_tag","embeddable":true,"href":"https:\/\/gpl-love.com\/fr\/wp-json\/wp\/v2\/product_tag?post=115664"}],"curies":[{"name":"wp","href":"https:\/\/api.w.org\/{rel}","templated":true}]}}