{"id":115661,"date":"2021-06-02T00:00:00","date_gmt":"2021-06-01T22:00:00","guid":{"rendered":"http:\/\/gpl-love.com\/fr\/produit\/woocommerce-ebay-affiliates-wordpress-plugin\/"},"modified":"2026-04-10T18:46:48","modified_gmt":"2026-04-10T16:46:48","slug":"woocommerce-ebay-affiliates-wordpress-plugin","status":"publish","type":"product","link":"https:\/\/gpl-love.com\/fr\/produit\/woocommerce-ebay-affiliates-wordpress-plugin\/","title":{"rendered":"WooCommerce eBay Affiliates WordPress Plugin 1.2"},"content":{"rendered":"<h3>WooCommerce eBay Affiliates WordPress Plugin Traits<\/h3>\n<p>Le plugin WOOCommerce Ebay Affiliates WordPress est un outil exceptionnellement innovant et r\u00e9volutionnaire qui a \u00e9t\u00e9 m\u00e9ticuleusement con\u00e7u et d\u00e9velopp\u00e9 pour permettre aux utilisateurs d&rsquo;int\u00e9grer et d&rsquo;int\u00e9grer et d&rsquo;int\u00e9grer les produits eBay sans effort et sans effort dans leur site WooCommerce. L&rsquo;interface remarquable et centr\u00e9e sur l&rsquo;utilisateur de ce plugin assure une exp\u00e9rience transparente et sans tracas pour les utilisateurs, facilitant l&rsquo;exploration sans effort et l&rsquo;ajout d&rsquo;un large \u00e9ventail de produits d&rsquo;eBay \u00e0 leur boutique en ligne. En exploitant efficacement l&rsquo;immense potentiel et la puissance du programme d&rsquo;affiliation eBay extr\u00eamement populaire et tr\u00e8s lucratif, ce plugin propose une m\u00e9thode impeccable et rationalis\u00e9e pour les propri\u00e9taires de sites Web pour g\u00e9n\u00e9rer sans effort des commissions substantielles sur les ventes g\u00e9n\u00e9r\u00e9es via leur site. L&rsquo;inclusion de fonctionnalit\u00e9s tr\u00e8s avantageuses et inestimables telles que la mise \u00e0 jour automatique, la synchronisation m\u00e9ticuleuse des prix et la possibilit\u00e9 de personnaliser et de personnaliser des mod\u00e8les, impeccablement et sans effort les propri\u00e9taires de sites Web \u00e0 mon\u00e9tiser efficacement et efficacement leur boutique en ligne et \u00e0 amplifier efficacement leur flux de revenus. Que l&rsquo;on soit un marketing d&rsquo;affiliation chevronn\u00e9 et exp\u00e9riment\u00e9 ou un novice qui se lance dans son parcours en ligne, ce plugin repr\u00e9sente sans aucun doute un outil int\u00e9gral et indispensable pour tout propri\u00e9taire de site Web exigeant et avant-gardiste cherchant \u00e0 agrandir et \u00e0 augmenter ses revenus en ligne.<\/p>\n<ul>\n<li>Fournit une int\u00e9gration transparente entre votre magasin WooCommerce et eBay, vous permettant d&rsquo;importer des produits d&rsquo;eBay \u00e0 votre magasin et de gagner des commissions en tant qu&rsquo;affili\u00e9 eBay<\/li>\n<li>Synchronise automatiquement les prix des produits, les titres, les descriptions, les images, et plus encore d&rsquo;eBay \u00e0 votre magasin, vous faisant gagner du temps et des efforts<\/li>\n<li>Offre plusieurs options de personnalisation, telles que la s\u00e9lection des cat\u00e9gories eBay \u00e0 importer, la d\u00e9finition de pourcentages de balisage et le choix d&rsquo;importer uniquement des produits avec des mots cl\u00e9s sp\u00e9cifiques<\/li>\n<li>Vous permet de modifier manuellement les d\u00e9tails du produit, tels que la modification du titre ou des images du produit, avant de les importer dans votre magasin<\/li>\n<li>Prend en charge plusieurs ID d&rsquo;affiliation eBay, vous offrant la flexibilit\u00e9 pour gagner des commissions de diff\u00e9rents comptes eBay<\/li>\n<li>Fournit des rapports d\u00e9taill\u00e9s et un suivi de vos performances de gains et de ventes, ce qui facilite l&rsquo;optimisation de votre magasin et maximiser vos b\u00e9n\u00e9fices<\/li>\n<li>Tr\u00e8s convivial et facile \u00e0 installer et \u00e0 configurer, m\u00eame pour les utilisateurs non techniques<\/li>\n<li>R\u00e9guli\u00e8rement mis \u00e0 jour avec de nouvelles fonctionnalit\u00e9s et des corrections de bogues pour assurer des performances et une fiabilit\u00e9 en douceur<\/li>\n<\/ul>\n","protected":false},"excerpt":{"rendered":"<p>Le plugin WordPress WooCommerce Ebay Affiliates, avec ses fonctionnalit\u00e9s impressionnantes, permet aux utilisateurs d&rsquo;importer sans effort une myriade de produits divers \u00e0 partir de la vaste \u00e9tendue du march\u00e9 num\u00e9rique d&rsquo;eBay, en pr\u00e9sentant par la suite avec un magasin de plus grand finesse et visuel sur leur propre magasin \u00e0 propulsion WooCommerce. Non seulement cet outil r\u00e9volutionnaire accorde aux affili\u00e9s exceptionnels de capitaliser lucrativement sur l&rsquo;aspect promotionnel, mais il leur permet \u00e9galement d&rsquo;amasser de mani\u00e8re progressive des commissions substantielles en orchestrant habilement et en lance des ventes \u00e0 travers leurs liens affili\u00e9s distinctement adapt\u00e9s et astucieusement con\u00e7us. \u00c9quip\u00e9e d&rsquo;un syst\u00e8me d&rsquo;int\u00e9gration fluide parfaitement et d&rsquo;une vaste gamme d&rsquo;options personnalisables sans effort, ce plugin exceptionnel est une force indomptable, propulsant non seulement les d\u00e9taillants en ligne mais \u00e9galement affili\u00e9 \u00e0 des hauteurs de prosp\u00e9rit\u00e9 et \u00e0 abondance financi\u00e8re sans pr\u00e9c\u00e9dent.<\/p>\n","protected":false},"featured_media":145874,"comment_status":"open","ping_status":"open","template":"","meta":[],"product_brand":[2435],"product_cat":[1182,1200,1181],"product_tag":[1231],"class_list":{"0":"post-115661","1":"product","2":"type-product","3":"status-publish","4":"has-post-thumbnail","6":"product_brand-codecanyon","7":"product_cat-commerce-electronique-plugins","8":"product_cat-commercialisation","9":"product_cat-plugins","10":"product_tag-codecanyon","11":"member-discount","12":"discount-restricted","14":"first","15":"instock","16":"sale","17":"downloadable","18":"virtual","19":"sold-individually","20":"purchasable","21":"product-type-simple"},"_links":{"self":[{"href":"https:\/\/gpl-love.com\/fr\/wp-json\/wp\/v2\/product\/115661","targetHints":{"allow":["GET"]}}],"collection":[{"href":"https:\/\/gpl-love.com\/fr\/wp-json\/wp\/v2\/product"}],"about":[{"href":"https:\/\/gpl-love.com\/fr\/wp-json\/wp\/v2\/types\/product"}],"replies":[{"embeddable":true,"href":"https:\/\/gpl-love.com\/fr\/wp-json\/wp\/v2\/comments?post=115661"}],"wp:featuredmedia":[{"embeddable":true,"href":"https:\/\/gpl-love.com\/fr\/wp-json\/wp\/v2\/media\/145874"}],"wp:attachment":[{"href":"https:\/\/gpl-love.com\/fr\/wp-json\/wp\/v2\/media?parent=115661"}],"wp:term":[{"taxonomy":"product_brand","embeddable":true,"href":"https:\/\/gpl-love.com\/fr\/wp-json\/wp\/v2\/product_brand?post=115661"},{"taxonomy":"product_cat","embeddable":true,"href":"https:\/\/gpl-love.com\/fr\/wp-json\/wp\/v2\/product_cat?post=115661"},{"taxonomy":"product_tag","embeddable":true,"href":"https:\/\/gpl-love.com\/fr\/wp-json\/wp\/v2\/product_tag?post=115661"}],"curies":[{"name":"wp","href":"https:\/\/api.w.org\/{rel}","templated":true}]}}