{"id":115659,"date":"2022-02-11T00:00:00","date_gmt":"2022-02-10T23:00:00","guid":{"rendered":"http:\/\/gpl-love.com\/fr\/produit\/docket-woocommerce-collections-wordpress-plugin\/"},"modified":"2026-03-20T23:01:07","modified_gmt":"2026-03-20T22:01:07","slug":"docket-woocommerce-collections-wordpress-plugin","status":"publish","type":"product","link":"https:\/\/gpl-love.com\/fr\/produit\/docket-woocommerce-collections-wordpress-plugin\/","title":{"rendered":"Docket WooCommerce Collections WordPress Plugin 1.4.6"},"content":{"rendered":"<h3>Docket WooCommerce Collections WordPress Plugin Traits<\/h3>\n<p>Dosting WooCommerce Collections, un plugin WordPress robuste, a \u00e9t\u00e9 m\u00e9ticuleusement d\u00e9velopp\u00e9 pour rationaliser le processus de g\u00e9n\u00e9ration de collections de produits sur les magasins WooCommerce. En utilisant ce plugin, les utilisateurs sont autoris\u00e9s \u00e0 fa\u00e7onner sans effort des collections de produits personnalis\u00e9es et \u00e0 les exposer sur leur boutique en ligne, offrant ainsi aux clients la possibilit\u00e9 de parcourir les marchandises et de rendre les d\u00e9cisions d&rsquo;achat \u00e9clair\u00e9es. Le plugin lui-m\u00eame est tr\u00e8s adaptable, accordant aux utilisateurs la libert\u00e9 de d\u00e9terminer la quantit\u00e9 de produits dans chaque collection, la disposition desdites collections et la s\u00e9quence dans laquelle les produits sont pr\u00e9sent\u00e9s. En outre, un \u00e9ventail de fonctionnalit\u00e9s et de fonctionnalit\u00e9s sont englob\u00e9s dans le plugin, facilitant la gestion et l&rsquo;organisation sans effort des collections. De telles fonctionnalit\u00e9s englobent la possibilit\u00e9 de compl\u00e9ter, de modifier ou d&rsquo;\u00e9radiquer les collections, ainsi que la capacit\u00e9 d&rsquo;examiner les performances de chaque collection individuelle. Gr\u00e2ce \u00e0 l&rsquo;utilisation des collections de Doocommerce de Dossing Magnanime,, les propri\u00e9taires des magasins WooCommerce sont en mesure de pr\u00e9senter efficacement leurs offres de produits, stimulant par la suite les ventes.<\/p>\n<ul>\n<li>Permet aux propri\u00e9taires de magasins de cr\u00e9er des collections de produits personnalisables dans leur magasin WooCommerce<\/li>\n<li>Int\u00e9gration facile avec la configuration de WooCommerce existante<\/li>\n<li>Options de disposition de collection personnalisables disponibles<\/li>\n<li>Capacit\u00e9 \u00e0 cr\u00e9er plusieurs collections pour diff\u00e9rents groupes de produits<\/li>\n<li>Organisation simple de glisser-d\u00e9poser des produits dans les collections<\/li>\n<li>Exp\u00e9rience utilisateur am\u00e9lior\u00e9e pour les clients lors de la navigation et de l&rsquo;achat de produits<\/li>\n<li>Am\u00e9liore la conception du site Web et l&rsquo;esth\u00e9tique avec des affichages de collection visuellement attrayants<\/li>\n<li>Augmente le potentiel de vente crois\u00e9e et de vente croissante des produits dans les collections<\/li>\n<li>Peut augmenter les ventes globales des propri\u00e9taires de magasins WooCommerce<\/li>\n<li>Mises \u00e0 jour r\u00e9guli\u00e8res et support client fourni par l&rsquo;\u00e9quipe Docket.<\/li>\n<\/ul>\n","protected":false},"excerpt":{"rendered":"<p>Ce plugin WordPress WordPress de Doocommerce Collections efficace pour les sites Web WordPress est l&rsquo;outil id\u00e9al pour la gestion du commerce \u00e9lectronique sans effort. Il permet aux utilisateurs de cr\u00e9er des collections de produits illimit\u00e9es, am\u00e9liorant l&rsquo;exp\u00e9rience utilisateur en simplifiant la navigation de produit et plus organis\u00e9. Avec son int\u00e9gration transparente avec WooCommerce, ce plugin simplifie vos op\u00e9rations de commerce \u00e9lectronique, offrant une boutique en ligne plus rationalis\u00e9e et plus efficace. Le plugin propose \u00e9galement la fonctionnalit\u00e9 unique de permettre aux utilisateurs de partager leurs collections sur les plateformes de m\u00e9dias sociaux, augmentant ainsi la visibilit\u00e9 des produits et la conduite des ventes. Il prend \u00e9galement en charge la personnalisation, vous donnant un contr\u00f4le total sur l&rsquo;apparence de vos collections. Ainsi, mettez \u00e0 niveau votre site Web WordPress aujourd&rsquo;hui avec le plugin WordPress de Docket WooCommerce Collections et transformez les visiteurs en clients fid\u00e8les.<\/p>\n","protected":false},"featured_media":143558,"comment_status":"open","ping_status":"open","template":"","meta":[],"product_brand":[2435],"product_cat":[1182,1223,1181],"product_tag":[1231],"class_list":{"0":"post-115659","1":"product","2":"type-product","3":"status-publish","4":"has-post-thumbnail","6":"product_brand-codecanyon","7":"product_cat-commerce-electronique-plugins","8":"product_cat-personnalisation-commerce-electronique-plugins","9":"product_cat-plugins","10":"product_tag-codecanyon","11":"member-discount","12":"discount-restricted","14":"first","15":"instock","16":"sale","17":"downloadable","18":"virtual","19":"sold-individually","20":"purchasable","21":"product-type-simple"},"_links":{"self":[{"href":"https:\/\/gpl-love.com\/fr\/wp-json\/wp\/v2\/product\/115659","targetHints":{"allow":["GET"]}}],"collection":[{"href":"https:\/\/gpl-love.com\/fr\/wp-json\/wp\/v2\/product"}],"about":[{"href":"https:\/\/gpl-love.com\/fr\/wp-json\/wp\/v2\/types\/product"}],"replies":[{"embeddable":true,"href":"https:\/\/gpl-love.com\/fr\/wp-json\/wp\/v2\/comments?post=115659"}],"wp:featuredmedia":[{"embeddable":true,"href":"https:\/\/gpl-love.com\/fr\/wp-json\/wp\/v2\/media\/143558"}],"wp:attachment":[{"href":"https:\/\/gpl-love.com\/fr\/wp-json\/wp\/v2\/media?parent=115659"}],"wp:term":[{"taxonomy":"product_brand","embeddable":true,"href":"https:\/\/gpl-love.com\/fr\/wp-json\/wp\/v2\/product_brand?post=115659"},{"taxonomy":"product_cat","embeddable":true,"href":"https:\/\/gpl-love.com\/fr\/wp-json\/wp\/v2\/product_cat?post=115659"},{"taxonomy":"product_tag","embeddable":true,"href":"https:\/\/gpl-love.com\/fr\/wp-json\/wp\/v2\/product_tag?post=115659"}],"curies":[{"name":"wp","href":"https:\/\/api.w.org\/{rel}","templated":true}]}}