{"id":115657,"date":"2024-02-06T00:00:00","date_gmt":"2024-02-05T23:00:00","guid":{"rendered":"http:\/\/gpl-love.com\/fr\/produit\/payna-clean-minimal-woocommerce-theme\/"},"modified":"2026-04-10T18:36:12","modified_gmt":"2026-04-10T16:36:12","slug":"payna-clean-minimal-woocommerce-theme","status":"publish","type":"product","link":"https:\/\/gpl-love.com\/fr\/produit\/payna-clean-minimal-woocommerce-theme\/","title":{"rendered":"Payna Clean Minimal WooCommerce Theme 1.2.4"},"content":{"rendered":"<h3>Payna Clean Minimal WooCommerce Theme Traits<\/h3>\n<p>Le th\u00e8me WooCommerce Payna Clean Minimal est un th\u00e8me WordPress exceptionnellement chic et contemporain qui a \u00e9t\u00e9 m\u00e9ticuleusement con\u00e7u pour faciliter l&rsquo;\u00e9tablissement transparent d&rsquo;une boutique en ligne. B\u00e9n\u00e9ficiant d&rsquo;une conception minimaliste esth\u00e9tiquement agr\u00e9able et d&rsquo;une disposition impeccablement vierge, ce th\u00e8me est une aubaine absolue pour les personnes cherchant \u00e0 montrer leur marchandise sans rencontrer de distractions superflues. De plus, le th\u00e8me est enti\u00e8rement r\u00e9actif, garantissant ainsi que votre site Web d\u00e9gage l&rsquo;excellence de tous les appareils. De plus, il offre une vaste gamme d&rsquo;options de personnalisation, vous accordant ainsi la possibilit\u00e9 d&rsquo;adapter l&rsquo;esth\u00e9tique visuelle de votre magasin conform\u00e9ment \u00e0 vos propres pr\u00e9f\u00e9rences idiosyncratiques. Notamment, le th\u00e8me WooCommerce Payna Clean Minimal englobe \u00e9galement une myriade de fonctionnalit\u00e9s indispensables, y compris, mais sans s&rsquo;y limiter, un curseur de produit dynamique, une fonctionnalit\u00e9 innovante de zoom de produit et une int\u00e9gration transparente avec diverses plateformes de m\u00e9dias sociaux. Ces fonctionnalit\u00e9s rationalisent efficacement l&rsquo;exp\u00e9rience du consommateur, en les permettant de d\u00e9couvrir sans effort et de partager par la suite vos produits avec leur r\u00e9seau. Avec le th\u00e8me WooCommerce Payna Clean Minimal \u00e0 votre disposition, vous pouvez manifester une boutique en ligne de haut calibre et captivante qui servira sans aucun doute le catalyseur d&rsquo;une croissance exponentielle au sein de vos entreprises commerciales.<\/p>\n<ul>\n<li>Design \u00e9l\u00e9gant et minimal<\/li>\n<li>Enti\u00e8rement r\u00e9actif et convivial<\/li>\n<li>Dispositions et sch\u00e9mas de couleurs personnalisables<\/li>\n<li>Compatible avec WooCommerce<\/li>\n<li>Curseur de produit int\u00e9gr\u00e9 et carrousel<\/li>\n<li>Plusieurs dispositions de blog disponibles<\/li>\n<li>SEO optimis\u00e9 pour un meilleur classement des moteurs de recherche<\/li>\n<li>Installation et configuration faciles<\/li>\n<li>Compatibilit\u00e9 entre les navigateurs<\/li>\n<li>Vitesse de chargement rapide<\/li>\n<li>Excellent support client et documentation<\/li>\n<\/ul>\n","protected":false},"excerpt":{"rendered":"<p>Le th\u00e8me WooCommerce Payna Clean Minimal, un th\u00e8me de commerce \u00e9lectronique incroyablement polyvalent et extr\u00eamement \u00e0 la mode, a \u00e9t\u00e9 ing\u00e9nieusement con\u00e7u pour autonomiser les entrepreneurs en \u00e9tablissant sans effort une boutique en ligne florissante. Ce th\u00e8me extr\u00eamement convivial poss\u00e8de une disposition vierge et minimaliste, vous permettant de pr\u00e9senter votre marchandise d&rsquo;une mani\u00e8re esth\u00e9tiquement captivante. Il est \u00e9quip\u00e9 d&rsquo;une compatibilit\u00e9 WooCommerce int\u00e9gr\u00e9e, vous accordant une flexibilit\u00e9 sans limites en termes de personnalisation du th\u00e8me, et poss\u00e8de une conception remarquablement r\u00e9active, garantissant ainsi une exp\u00e9rience visuelle impeccable sur tous les appareils imaginables. Avec l&rsquo;av\u00e8nement de Payna Clean minimal, la t\u00e2che ardue de construire et d&rsquo;adapter votre site de commerce \u00e9lectronique a \u00e9t\u00e9 simplifi\u00e9e sans \u00e9quivoque \u00e0 un degr\u00e9 sans pr\u00e9c\u00e9dent.<\/p>\n","protected":false},"featured_media":144937,"comment_status":"open","ping_status":"open","template":"","meta":[],"product_brand":[2433],"product_cat":[1238,1444,1212],"product_tag":[1366],"class_list":{"0":"post-115657","1":"product","2":"type-product","3":"status-publish","4":"has-post-thumbnail","6":"product_brand-themeforest","7":"product_cat-commerce-electronique-themes","8":"product_cat-creatif-commerce-electronique-themes","9":"product_cat-themes","10":"product_tag-themeforest","11":"member-discount","12":"discount-restricted","14":"first","15":"instock","16":"sale","17":"downloadable","18":"virtual","19":"sold-individually","20":"purchasable","21":"product-type-simple"},"_links":{"self":[{"href":"https:\/\/gpl-love.com\/fr\/wp-json\/wp\/v2\/product\/115657","targetHints":{"allow":["GET"]}}],"collection":[{"href":"https:\/\/gpl-love.com\/fr\/wp-json\/wp\/v2\/product"}],"about":[{"href":"https:\/\/gpl-love.com\/fr\/wp-json\/wp\/v2\/types\/product"}],"replies":[{"embeddable":true,"href":"https:\/\/gpl-love.com\/fr\/wp-json\/wp\/v2\/comments?post=115657"}],"wp:featuredmedia":[{"embeddable":true,"href":"https:\/\/gpl-love.com\/fr\/wp-json\/wp\/v2\/media\/144937"}],"wp:attachment":[{"href":"https:\/\/gpl-love.com\/fr\/wp-json\/wp\/v2\/media?parent=115657"}],"wp:term":[{"taxonomy":"product_brand","embeddable":true,"href":"https:\/\/gpl-love.com\/fr\/wp-json\/wp\/v2\/product_brand?post=115657"},{"taxonomy":"product_cat","embeddable":true,"href":"https:\/\/gpl-love.com\/fr\/wp-json\/wp\/v2\/product_cat?post=115657"},{"taxonomy":"product_tag","embeddable":true,"href":"https:\/\/gpl-love.com\/fr\/wp-json\/wp\/v2\/product_tag?post=115657"}],"curies":[{"name":"wp","href":"https:\/\/api.w.org\/{rel}","templated":true}]}}