{"id":115655,"date":"2021-06-02T00:00:00","date_gmt":"2021-06-01T22:00:00","guid":{"rendered":"http:\/\/gpl-love.com\/fr\/produit\/anchord-creative-agency-portfolio-et-freelancer-wordpress-theme\/"},"modified":"2026-03-20T22:54:42","modified_gmt":"2026-03-20T21:54:42","slug":"anchord-creative-agency-portfolio-et-freelancer-wordpress-theme","status":"publish","type":"product","link":"https:\/\/gpl-love.com\/fr\/produit\/anchord-creative-agency-portfolio-et-freelancer-wordpress-theme\/","title":{"rendered":"Anchord Creative Agency Portfolio et Freelancer WordPress Theme 3.0.0"},"content":{"rendered":"<h3>Anchord Creative Agency Portfolio et Freelancer WordPress Theme Traits<\/h3>\n<p>Le portefeuille de l&rsquo;agence de cr\u00e9ation Anchord et le th\u00e8me Freelancer WordPress est une solution incroyablement polyvalente et contemporaine qui s&rsquo;adresse aux personnes cherchant \u00e0 exposer leur travail dans un domaine en ligne. Ce th\u00e8me particulier est impeccablement adapt\u00e9 aux agences cr\u00e9atives, aux pigistes et \u00e0 toute autre personne d\u00e9sireuse d&rsquo;une conception de site Web immacul\u00e9e et raffin\u00e9e. Il pr\u00e9sente un design compl\u00e8tement r\u00e9actif, garantissant ainsi que votre site Web d\u00e9gagera l&rsquo;excellence et l&rsquo;attrait esth\u00e9tique quel que soit l&rsquo;appareil \u00e0 partir de laquelle il est accessible, que ce soit un bureau ou un appareil mobile. De plus, ce th\u00e8me poss\u00e8de un \u00e9ventail d&rsquo;options de personnalisation qui vous permettent de l&rsquo;adapter sans effort \u00e0 vos besoins sp\u00e9cifiques. En raison de ses mod\u00e8les de portefeuille personnalisables, vous pouvez organiser sans effort un affichage impressionnant de votre travail, facilitant ainsi la capacit\u00e9 des clients potentiels ou des employeurs \u00e0 discerner le calibre et l&rsquo;\u00e9clat de votre production cr\u00e9ative. De plus, ce th\u00e8me englobe l&rsquo;int\u00e9gration int\u00e9gr\u00e9e des m\u00e9dias sociaux, vous accordant ainsi la possibilit\u00e9 de vous connecter sans effort avec votre public sur une multitude de plateformes. En somme, le portefeuille de l&rsquo;agence de cr\u00e9ation Anchord et le th\u00e8me Freelancer WordPress repr\u00e9sente un choix exceptionnel pour toute personne cherchant \u00e0 forger un site Web professionnel, captivant et s\u00e9duisant visuellement.<\/p>\n<ul>\n<li>Un portefeuille moderne et professionnel et un th\u00e8me WordPress ind\u00e9pendant con\u00e7u pour les agences de cr\u00e9ation<\/li>\n<li>Enti\u00e8rement r\u00e9actif sur tous les appareils, assurer une exp\u00e9rience utilisateur sans couture pour les clients et les pigistes<\/li>\n<li>Comprend une vari\u00e9t\u00e9 de dispositions de d\u00e9monstration pr\u00e9-faites pour une personnalisation facile et une configuration rapide<\/li>\n<li>Livr\u00e9 avec un puissant constructeur de page de glisser-d\u00e9poser, permettant aux utilisateurs de personnaliser facilement leur site sans aucune connaissance de codage<\/li>\n<li>Pages de portfolio, blog et project int\u00e9gr\u00e9es, parfait pour pr\u00e9senter des travaux ant\u00e9rieurs et attirer de nouveaux clients<\/li>\n<li>Int\u00e9gre parfaitement avec les plugins populaires comme WooCommerce et le formulaire de contact 7<\/li>\n<li>Comprend une vari\u00e9t\u00e9 d&rsquo;en-t\u00eates, de pieds de page et de barres personnalisables pour aider les utilisateurs \u00e0 cr\u00e9er un site Web unique et personnalis\u00e9<\/li>\n<li>Construit avec l&rsquo;optimisation SEO \u00e0 l&rsquo;esprit, contribuant \u00e0 stimuler les classements des moteurs de recherche et \u00e0 attirer plus de visiteurs sur votre site<\/li>\n<li>Comprend des mises \u00e0 jour \u00e0 vie gratuites et une prise en charge d\u00e9di\u00e9e \u00e0 tous les utilisateurs, assurer la meilleure exp\u00e9rience possible<\/li>\n<\/ul>\n","protected":false},"excerpt":{"rendered":"<p>D\u00e9couvrez la solution parfaite pour les pigistes et les agences de cr\u00e9ation avec le portefeuille de l&rsquo;agence de cr\u00e9ation Anchord et le th\u00e8me WordPress freelancer. Ce th\u00e8me WordPress robuste et convivial est con\u00e7u pour pr\u00e9senter vos talents, projets et services de mani\u00e8re visuellement \u00e9tonnante et professionnelle. Avec une interface intuitive, Anchord vous permet de cr\u00e9er et de personnaliser un site Web unique qui repr\u00e9sente vraiment votre marque. Le th\u00e8me est convivial, garantissant que votre portefeuille atteint un public plus large. De plus, il est compatible avec divers plugins, vous offrant des possibilit\u00e9s illimit\u00e9es pour am\u00e9liorer la fonctionnalit\u00e9 de votre site. Avec le th\u00e8me WordPress Anchord, vous pouvez g\u00e9rer sans effort votre entreprise, attirer des clients potentiels et vous d\u00e9marquer sur le march\u00e9 concurrentiel. Sa conception r\u00e9active garantit que votre site est parfait sur tous les appareils. Si vous cherchez un moyen fiable et efficace de pr\u00e9senter votre portefeuille ou d&rsquo;ex\u00e9cuter votre agence de cr\u00e9ation en ligne, le portefeuille d&rsquo;agence de cr\u00e9ation Anchord et le th\u00e8me Freelancer WordPress sont votre choix ultime.<\/p>\n","protected":false},"featured_media":143135,"comment_status":"open","ping_status":"open","template":"","meta":[],"product_brand":[2433],"product_cat":[1242,1212,1213],"product_tag":[1366],"class_list":{"0":"post-115655","1":"product","2":"type-product","3":"status-publish","4":"has-post-thumbnail","6":"product_brand-themeforest","7":"product_cat-creatif","8":"product_cat-themes","9":"product_cat-wordpress-themes","10":"product_tag-themeforest","11":"member-discount","12":"discount-restricted","14":"first","15":"instock","16":"sale","17":"downloadable","18":"virtual","19":"sold-individually","20":"purchasable","21":"product-type-simple"},"_links":{"self":[{"href":"https:\/\/gpl-love.com\/fr\/wp-json\/wp\/v2\/product\/115655","targetHints":{"allow":["GET"]}}],"collection":[{"href":"https:\/\/gpl-love.com\/fr\/wp-json\/wp\/v2\/product"}],"about":[{"href":"https:\/\/gpl-love.com\/fr\/wp-json\/wp\/v2\/types\/product"}],"replies":[{"embeddable":true,"href":"https:\/\/gpl-love.com\/fr\/wp-json\/wp\/v2\/comments?post=115655"}],"wp:featuredmedia":[{"embeddable":true,"href":"https:\/\/gpl-love.com\/fr\/wp-json\/wp\/v2\/media\/143135"}],"wp:attachment":[{"href":"https:\/\/gpl-love.com\/fr\/wp-json\/wp\/v2\/media?parent=115655"}],"wp:term":[{"taxonomy":"product_brand","embeddable":true,"href":"https:\/\/gpl-love.com\/fr\/wp-json\/wp\/v2\/product_brand?post=115655"},{"taxonomy":"product_cat","embeddable":true,"href":"https:\/\/gpl-love.com\/fr\/wp-json\/wp\/v2\/product_cat?post=115655"},{"taxonomy":"product_tag","embeddable":true,"href":"https:\/\/gpl-love.com\/fr\/wp-json\/wp\/v2\/product_tag?post=115655"}],"curies":[{"name":"wp","href":"https:\/\/api.w.org\/{rel}","templated":true}]}}