{"id":115653,"date":"2026-04-18T00:00:00","date_gmt":"2026-04-17T22:00:00","guid":{"rendered":"http:\/\/gpl-love.com\/fr\/produit\/fontpress-wordpress-font-manager\/"},"modified":"2026-04-19T00:30:27","modified_gmt":"2026-04-18T22:30:27","slug":"fontpress-wordpress-font-manager","status":"publish","type":"product","link":"https:\/\/gpl-love.com\/fr\/produit\/fontpress-wordpress-font-manager\/","title":{"rendered":"FontPress WordPress Font Manager 3.4.8"},"content":{"rendered":"<h3>FontPress WordPress Font Manager Traits<\/h3>\n<p>Fontpress WordPress Font Manager est un outil incroyablement robuste et riche en fonctionnalit\u00e9s qui permet aux utilisateurs de g\u00e9rer sans effort et efficacement les polices dans leurs sites Web WordPress. Gr\u00e2ce \u00e0 l&rsquo;utilisation de Fontpress, les individus ont la capacit\u00e9 d&rsquo;adapter la typographie de leurs sites Web sans couture et sans effort en tirant parti d&rsquo;une vaste vari\u00e9t\u00e9 de polices et de styles de police. Ce plugin impressionnant offre aux utilisateurs la possibilit\u00e9 de t\u00e9l\u00e9charger et d&rsquo;incorporer sans effort des polices personnalis\u00e9es, des combinaisons de polices captivantes et harmonieuses artisanales, ainsi que des polices habilement \u00e0 des \u00e9l\u00e9ments sp\u00e9cifiques dispers\u00e9s sur leurs sites Web. L&rsquo;interface intuitive et conviviale que Fontpress fournit des lignes de rationalisation du processus de gestion des polices, permettant aux utilisateurs de naviguer sans effort et de g\u00e9rer efficacement leurs polices. De plus, l&rsquo;int\u00e9gration transparente avec les th\u00e8mes WordPress am\u00e9liore encore l&rsquo;exp\u00e9rience utilisateur. Fontpress s&rsquo;av\u00e8re \u00eatre un atout inestimable pour les concepteurs, les d\u00e9veloppeurs et les blogueurs, car il offre une myriade d&rsquo;opportunit\u00e9s pour am\u00e9liorer l&rsquo;attrait visuel et la lisibilit\u00e9 de leurs sites Web respectifs.<\/p>\n<ul>\n<li>G\u00e9rez sans effort les polices sur votre site WordPress avec Fontpress<\/li>\n<li>Facile \u00e0 installer et \u00e0 utiliser, aucune comp\u00e9tence de codage requise<\/li>\n<li>Choisissez parmi une large gamme de polices Google ou t\u00e9l\u00e9chargez vos propres polices personnalis\u00e9es<\/li>\n<li>Attribuez des polices personnalis\u00e9es \u00e0 diff\u00e9rentes zones de votre site Web, y compris les titres, le texte du corps et les widgets<\/li>\n<li>Aper\u00e7u des polices avant de les appliquer sur votre site pour assurer la correspondance parfaite<\/li>\n<li>Changez facilement les tailles et les poids<\/li>\n<li>Cr\u00e9ez des paires de polices et enregistrez-les pour une utilisation future<\/li>\n<li>Am\u00e9liorer la conception globale et la lisibilit\u00e9 de votre site Web avec une typographie professionnelle<\/li>\n<li>Mises \u00e0 jour r\u00e9guli\u00e8res et support client d\u00e9di\u00e9 de l&rsquo;\u00e9quipe Fontpress.<\/li>\n<\/ul>\n","protected":false},"excerpt":{"rendered":"<p>FontPress, le gestionnaire de polices pour WordPress, est un outil incroyablement puissant et intuitif offrant une multitude de fonctionnalit\u00e9s pour g\u00e9rer et manipuler facilement les polices de votre site WordPress. Gr\u00e2ce \u00e0 FontPress, vous pouvez modifier et ajuster ais\u00e9ment le type, la taille et la couleur des polices, non seulement du texte, mais aussi des titres et autres \u00e9l\u00e9ments de votre site web, sans aucune connaissance pr\u00e9alable en programmation. De plus, la vaste collection de polices int\u00e9gr\u00e9e \u00e0 ce plugin vous permet de donner \u00e0 votre site une apparence et une ambiance uniques et distinctives. FontPress vous offre \u00e9galement la possibilit\u00e9 d&rsquo;importer et d&rsquo;int\u00e9grer facilement vos propres polices personnalis\u00e9es, renfor\u00e7ant ainsi la personnalisation de l&rsquo;ensemble de votre site web. Cet outil pr\u00e9cieux et indispensable constitue un m\u00e9canisme simple et efficace pour g\u00e9rer et personnaliser les polices de votre site web, am\u00e9liorant ainsi consid\u00e9rablement son esth\u00e9tique et sa lisibilit\u00e9.<\/p>\n","protected":false},"featured_media":143891,"comment_status":"open","ping_status":"closed","template":"","meta":[],"product_brand":[2435],"product_cat":[1189,1181,1186],"product_tag":[1231],"class_list":{"0":"post-115653","1":"product","2":"type-product","3":"status-publish","4":"has-post-thumbnail","6":"product_brand-codecanyon","7":"product_cat-personnalisation","8":"product_cat-plugins","9":"product_cat-wordpress-plugins","10":"product_tag-codecanyon","11":"member-discount","12":"discount-restricted","14":"first","15":"instock","16":"sale","17":"downloadable","18":"virtual","19":"sold-individually","20":"purchasable","21":"product-type-simple"},"_links":{"self":[{"href":"https:\/\/gpl-love.com\/fr\/wp-json\/wp\/v2\/product\/115653","targetHints":{"allow":["GET"]}}],"collection":[{"href":"https:\/\/gpl-love.com\/fr\/wp-json\/wp\/v2\/product"}],"about":[{"href":"https:\/\/gpl-love.com\/fr\/wp-json\/wp\/v2\/types\/product"}],"replies":[{"embeddable":true,"href":"https:\/\/gpl-love.com\/fr\/wp-json\/wp\/v2\/comments?post=115653"}],"wp:featuredmedia":[{"embeddable":true,"href":"https:\/\/gpl-love.com\/fr\/wp-json\/wp\/v2\/media\/143891"}],"wp:attachment":[{"href":"https:\/\/gpl-love.com\/fr\/wp-json\/wp\/v2\/media?parent=115653"}],"wp:term":[{"taxonomy":"product_brand","embeddable":true,"href":"https:\/\/gpl-love.com\/fr\/wp-json\/wp\/v2\/product_brand?post=115653"},{"taxonomy":"product_cat","embeddable":true,"href":"https:\/\/gpl-love.com\/fr\/wp-json\/wp\/v2\/product_cat?post=115653"},{"taxonomy":"product_tag","embeddable":true,"href":"https:\/\/gpl-love.com\/fr\/wp-json\/wp\/v2\/product_tag?post=115653"}],"curies":[{"name":"wp","href":"https:\/\/api.w.org\/{rel}","templated":true}]}}