{"id":115649,"date":"2023-09-28T00:00:00","date_gmt":"2023-09-27T22:00:00","guid":{"rendered":"http:\/\/gpl-love.com\/fr\/produit\/arena-products-store\/"},"modified":"2026-03-20T22:54:58","modified_gmt":"2026-03-20T21:54:58","slug":"arena-products-store","status":"publish","type":"product","link":"https:\/\/gpl-love.com\/fr\/produit\/arena-products-store\/","title":{"rendered":"Arena Products Store 3.1"},"content":{"rendered":"<h3>Arena Products Store Traits<\/h3>\n<p>Dans Arena Products Store, vous d\u00e9couvrirez un vaste assortiment de marchandises englobant diverses cat\u00e9gories telles que les v\u00eatements, les chaussures et les accessoires, tous r\u00e9pondant \u00e0 vos besoins sportifs et fitness. Cet \u00e9tablissement est fier de sa sp\u00e9cialisation dans le domaine de la natation, de la course, du v\u00e9lo, du triathlon et un \u00e9ventail d&rsquo;autres disciplines sportives. Les articles disponibles dans cet \u00e9tablissement sont m\u00e9ticuleusement fabriqu\u00e9s \u00e0 partir de mat\u00e9riaux de premier ordre, garantissant \u00e0 la fois des performances optimales et un confort in\u00e9gal\u00e9 pour le client exigeant. De plus, le magasin facilite une exp\u00e9rience d&rsquo;achat transparente gr\u00e2ce \u00e0 son interface conviviale, permettant une navigation sans effort et la fourniture de d\u00e9tails complets du produit. Ne cherchez pas plus loin que le magasin Arena Products pour rassasier votre ferveur pour les sports et la forme physique, car il englobe tout ce dont vous avez besoin \u00e0 la recherche de vos aspirations sportives.<\/p>\n<ul>\n<li>Grande vari\u00e9t\u00e9 de produits pour divers sports et activit\u00e9s<\/li>\n<li>Mat\u00e9riaux de haute qualit\u00e9 utilis\u00e9s dans tous les produits<\/li>\n<li>Prix \u200b\u200babordables<\/li>\n<li>Tailles disponibles pour tous les \u00e2ges et niveaux de comp\u00e9tence<\/li>\n<li>Processus de commande en ligne facile avec exp\u00e9dition rapide<\/li>\n<li>Options de personnalisation pour les commandes d&rsquo;\u00e9quipe<\/li>\n<li>Conseils d&rsquo;experts et support client du personnel comp\u00e9tent<\/li>\n<li>Garantie de satisfaction sur tous les produits<\/li>\n<\/ul>\n","protected":false},"excerpt":{"rendered":"<p>D\u00e9couvrez l&rsquo;exp\u00e9rience d&rsquo;achat ultime dans Arena Products Store! Nous offrons une large gamme de produits de haute qualit\u00e9 de haute qualit\u00e9 allant de l&rsquo;\u00e9quipement sportif aux appareils \u00e9lectrom\u00e9nagers. Nous sommes votre guichet unique pour tous vos besoins, offrant une valeur in\u00e9gal\u00e9e avec des prix comp\u00e9titifs et un service client exceptionnel. Dans Arena Products Store, nous comprenons l&rsquo;importance de la qualit\u00e9 et de la durabilit\u00e9. C&rsquo;est pourquoi nous cueillons nos produits, en nous assurant qu&rsquo;ils r\u00e9pondent aux normes les plus \u00e9lev\u00e9es. Explorez notre gamme de produits aujourd&rsquo;hui et profitez de notre service de livraison rapide! Nous nous engageons \u00e0 vous offrir une exp\u00e9rience de magasinage transparente et agr\u00e9able. Achetez avec nous et d\u00e9couvrez la vraie valeur des produits de qualit\u00e9 dans Arena Products Store.<\/p>\n","protected":false},"featured_media":143153,"comment_status":"open","ping_status":"open","template":"","meta":[],"product_brand":[2435],"product_cat":[1182,1223,1181],"product_tag":[1231],"class_list":{"0":"post-115649","1":"product","2":"type-product","3":"status-publish","4":"has-post-thumbnail","6":"product_brand-codecanyon","7":"product_cat-commerce-electronique-plugins","8":"product_cat-personnalisation-commerce-electronique-plugins","9":"product_cat-plugins","10":"product_tag-codecanyon","11":"member-discount","12":"discount-restricted","14":"first","15":"instock","16":"sale","17":"downloadable","18":"virtual","19":"sold-individually","20":"purchasable","21":"product-type-simple"},"_links":{"self":[{"href":"https:\/\/gpl-love.com\/fr\/wp-json\/wp\/v2\/product\/115649","targetHints":{"allow":["GET"]}}],"collection":[{"href":"https:\/\/gpl-love.com\/fr\/wp-json\/wp\/v2\/product"}],"about":[{"href":"https:\/\/gpl-love.com\/fr\/wp-json\/wp\/v2\/types\/product"}],"replies":[{"embeddable":true,"href":"https:\/\/gpl-love.com\/fr\/wp-json\/wp\/v2\/comments?post=115649"}],"wp:featuredmedia":[{"embeddable":true,"href":"https:\/\/gpl-love.com\/fr\/wp-json\/wp\/v2\/media\/143153"}],"wp:attachment":[{"href":"https:\/\/gpl-love.com\/fr\/wp-json\/wp\/v2\/media?parent=115649"}],"wp:term":[{"taxonomy":"product_brand","embeddable":true,"href":"https:\/\/gpl-love.com\/fr\/wp-json\/wp\/v2\/product_brand?post=115649"},{"taxonomy":"product_cat","embeddable":true,"href":"https:\/\/gpl-love.com\/fr\/wp-json\/wp\/v2\/product_cat?post=115649"},{"taxonomy":"product_tag","embeddable":true,"href":"https:\/\/gpl-love.com\/fr\/wp-json\/wp\/v2\/product_tag?post=115649"}],"curies":[{"name":"wp","href":"https:\/\/api.w.org\/{rel}","templated":true}]}}