{"id":115647,"date":"2024-11-03T00:00:00","date_gmt":"2024-11-02T23:00:00","guid":{"rendered":"http:\/\/gpl-love.com\/fr\/produit\/alico-insurance-wordpress\/"},"modified":"2026-03-20T22:54:17","modified_gmt":"2026-03-20T21:54:17","slug":"alico-insurance-wordpress","status":"publish","type":"product","link":"https:\/\/gpl-love.com\/fr\/produit\/alico-insurance-wordpress\/","title":{"rendered":"Alico Insurance WordPress 1.2.0"},"content":{"rendered":"<h3>Alico Insurance WordPress Traits<\/h3>\n<p>ALICO Insurance WordPress est un outil exceptionnellement robuste et formidable qui conf\u00e8re aux compagnies d&rsquo;assurance la possibilit\u00e9 de g\u00e9rer et de g\u00e9rer efficacement et de mani\u00e8re pratique leurs myriades de services sur leur site Web. Ce plugin exemplaire et in\u00e9gal\u00e9 a \u00e9t\u00e9 m\u00e9ticuleusement con\u00e7u et fa\u00e7onn\u00e9 dans l&rsquo;objectif expr\u00e8s de l&rsquo;acc\u00e9l\u00e9rer et de rationaliser le processus d&rsquo;assurance global pour une pl\u00e9thore d&rsquo;entreprises et de clients. En raison de son interface remarquablement conviviale et intuitivement navigable, on est capable de g\u00e9n\u00e9rer sans effort et de mani\u00e8re transparente des formulaires sur mesure et individualis\u00e9s, administrer et r\u00e9glementer adroitement les r\u00e9clamations, et s&rsquo;int\u00e9grer de mani\u00e8re transparente aux passerelles de paiement les plus populaires et les plus largement utilis\u00e9es. De plus, il est important de noter que WordPress d&rsquo;assurance ALICO profite \u00e9galement et \u00e9tend \u00e9galement une large gamme de mod\u00e8les et de th\u00e8mes qui sont non seulement facilement personnalisables mais peuvent \u00e9galement \u00eatre sp\u00e9cifiquement adapt\u00e9s et modifi\u00e9s pour incarner et encapsuler de mani\u00e8re impeccable l&rsquo;essence et l&rsquo;\u00e9thique distincts et uniques de votre Marque, ce qui en fait un v\u00e9ritable clinage pour organiser et cultiver une pr\u00e9sence en ligne professionnelle et coh\u00e9rente. C&rsquo;est un fait incontestable et incontestable que, que votre objectif principal et global soit d&rsquo;augmenter l&rsquo;engagement des clients ou de maximiser les conversions, ALICO Insurance WordPress, sans l&rsquo;ombre d&rsquo;un doute, est un outil indispensable et requis qu&rsquo;aucune compagnie d&rsquo;assurance discernante et judicieuse Peut se permettre de renoncer ou de n\u00e9gliger s&rsquo;ils sont vraiment et sinc\u00e8rement d\u00e9sireux de fortifier et de renforcer leur empreinte en ligne et leur pr\u00e9sence num\u00e9rique.<\/p>\n<ul>\n<li>Une solution d&rsquo;assurance compl\u00e8te pour les sites Web WordPress<\/li>\n<li>Int\u00e9gration facile avec votre configuration WordPress actuelle<\/li>\n<li>Offre une couverture pour un large \u00e9ventail d&rsquo;\u00e9v\u00e9nements et de risques, notamment la responsabilit\u00e9, les dommages mat\u00e9riels et les cyberattaques<\/li>\n<li>Offre des options de politique personnalisables pour r\u00e9pondre aux besoins uniques de votre entreprise<\/li>\n<li>Soutien 24\/7 d&rsquo;experts en assurance ALICO pour vous aider \u00e0 g\u00e9rer les r\u00e9clamations et \u00e0 r\u00e9soudre tout probl\u00e8me<\/li>\n<li>Interface simple et conviviale pour rendre la gestion de votre couverture d&rsquo;assurance rapide et efficace<\/li>\n<li>Plate-forme s\u00e9curis\u00e9e qui prot\u00e8ge vos informations personnelles et sensibles<\/li>\n<li>Prix \u200b\u200babordables qui le rend accessible aux entreprises de toutes tailles et budgets<\/li>\n<li>Vous aide \u00e0 vous conformer aux exigences l\u00e9gales et aux r\u00e9glementations de l&rsquo;industrie<\/li>\n<li>Minimise les risques financiers associ\u00e9s \u00e0 des \u00e9v\u00e9nements inattendus ou \u00e0 des r\u00e9clamations juridiques<\/li>\n<li>Offre la tranquillit\u00e9 d&rsquo;esprit pour vous et vos clients, sachant que vous \u00eates correctement assur\u00e9.<\/li>\n<\/ul>\n","protected":false},"excerpt":{"rendered":"<p>Pr\u00e9sentation de WordPress d&rsquo;assurance ALICO, une plate-forme robuste et fiable con\u00e7ue pour tous vos besoins d&rsquo;assurance. Notre configuration WordPress offre une exp\u00e9rience utilisateur transparente, vous permettant de naviguer facilement dans divers r\u00e9gimes et polices d&rsquo;assurance. La plate-forme d&rsquo;ALICO se caract\u00e9rise par sa flexibilit\u00e9, adapt\u00e9e pour r\u00e9pondre aux exigences de toute compagnie d&rsquo;assurance. Nous comprenons le paysage en constante \u00e9volution de l&rsquo;industrie de l&rsquo;assurance, et notre plate-forme s&rsquo;efforce de rester en t\u00eate, offrant des fonctionnalit\u00e9s qui s&rsquo;adressent \u00e0 des mod\u00e8les d&rsquo;assurance modernes et traditionnels. Notre configuration WordPress est conviviale, n\u00e9cessitant des connaissances techniques minimales, ce qui en fait un outil accessible pour tout le monde. ALICO Insurance WordPress est la cl\u00e9 pour rationaliser vos op\u00e9rations d&rsquo;assurance, fournir une solution unique pour g\u00e9rer les polices, g\u00e9rer les r\u00e9clamations et s&rsquo;engager avec les clients. D\u00e9couvrez l&rsquo;avantage ALICO aujourd&rsquo;hui et r\u00e9volutionnez votre processus d&rsquo;assurance.<\/p>\n","protected":false},"featured_media":143107,"comment_status":"open","ping_status":"open","template":"","meta":[],"product_brand":[2433],"product_cat":[1516,1212,1213],"product_tag":[1366],"class_list":{"0":"post-115647","1":"product","2":"type-product","3":"status-publish","4":"has-post-thumbnail","6":"product_brand-themeforest","7":"product_cat-entreprise","8":"product_cat-themes","9":"product_cat-wordpress-themes","10":"product_tag-themeforest","11":"member-discount","12":"discount-restricted","14":"first","15":"instock","16":"sale","17":"downloadable","18":"virtual","19":"sold-individually","20":"purchasable","21":"product-type-simple"},"_links":{"self":[{"href":"https:\/\/gpl-love.com\/fr\/wp-json\/wp\/v2\/product\/115647","targetHints":{"allow":["GET"]}}],"collection":[{"href":"https:\/\/gpl-love.com\/fr\/wp-json\/wp\/v2\/product"}],"about":[{"href":"https:\/\/gpl-love.com\/fr\/wp-json\/wp\/v2\/types\/product"}],"replies":[{"embeddable":true,"href":"https:\/\/gpl-love.com\/fr\/wp-json\/wp\/v2\/comments?post=115647"}],"wp:featuredmedia":[{"embeddable":true,"href":"https:\/\/gpl-love.com\/fr\/wp-json\/wp\/v2\/media\/143107"}],"wp:attachment":[{"href":"https:\/\/gpl-love.com\/fr\/wp-json\/wp\/v2\/media?parent=115647"}],"wp:term":[{"taxonomy":"product_brand","embeddable":true,"href":"https:\/\/gpl-love.com\/fr\/wp-json\/wp\/v2\/product_brand?post=115647"},{"taxonomy":"product_cat","embeddable":true,"href":"https:\/\/gpl-love.com\/fr\/wp-json\/wp\/v2\/product_cat?post=115647"},{"taxonomy":"product_tag","embeddable":true,"href":"https:\/\/gpl-love.com\/fr\/wp-json\/wp\/v2\/product_tag?post=115647"}],"curies":[{"name":"wp","href":"https:\/\/api.w.org\/{rel}","templated":true}]}}