{"id":115645,"date":"2025-06-19T00:00:00","date_gmt":"2025-06-18T22:00:00","guid":{"rendered":"http:\/\/gpl-love.com\/fr\/produit\/league-table-wordpress-plugin\/"},"modified":"2026-03-20T23:21:53","modified_gmt":"2026-03-20T22:21:53","slug":"league-table-wordpress-plugin","status":"publish","type":"product","link":"https:\/\/gpl-love.com\/fr\/produit\/league-table-wordpress-plugin\/","title":{"rendered":"League Table WordPress Plugin 2.25"},"content":{"rendered":"<h3>League Table WordPress Plugin Traits<\/h3>\n<p>Le plugin WordPress de la Ligue Table, un outil extr\u00eamement puissant m\u00e9ticuleusement con\u00e7u pour aider les individus \u00e0 pr\u00e9senter des tables de ligue dynamiques et adaptables sur leurs sites Web respectifs, est \u00e0 l&rsquo;avant-garde de l&rsquo;innovation technologique. Ce plugin r\u00e9volutionnaire poss\u00e8de une interface conviviale qui permet aux utilisateurs de fabriquer et d&rsquo;administrer sans effort des tables pour une vaste gamme d&rsquo;\u00e9v\u00e9nements sportifs et de tournois. Offrant une pl\u00e9thore de fonctionnalit\u00e9s remarquables, notamment, mais sans s&rsquo;y limiter, les options de tri et de filtrage, les colonnes personnalisables et la capacit\u00e9 d&rsquo;accentuer les r\u00e9alisations exceptionnelles des \u00e9quipes ou des joueurs les plus performants, ce plugin s&rsquo;av\u00e8re \u00eatre un atout indispensable. En outre, le plugin garantit l&rsquo;exp\u00e9rience de visualisation optimale sur n&rsquo;importe quel appareil gr\u00e2ce \u00e0 sa conception r\u00e9active, tandis que son aide in\u00e9branlable et sa documentation compl\u00e8te facilitent les utilisateurs dans l&rsquo;\u00e9tablissement et la personnalisation transparentes de leurs tableaux. Peu importe que l&rsquo;on soit le fer de lance d&rsquo;une ligue sportive ou que vous aspirez simplement \u00e0 pr\u00e9senter le classement le plus r\u00e9cent sur son site Web, le plugin WordPress de la ligue WordPress se pr\u00e9sente sans \u00e9quivoque comme la solution par excellence pour toutes les exigences de votre table de ligue.<\/p>\n<ul>\n<li>Fournit une table de ligue d&rsquo;apparence professionnelle pour votre site WordPress<\/li>\n<li>Vous permet d&rsquo;afficher facilement le classement des \u00e9quipes, de faire correspondre les r\u00e9sultats et d&rsquo;autres informations pertinentes<\/li>\n<li>Comprend des options personnalisables pour les couleurs, les polices et le dimensionnement<\/li>\n<li>Peut \u00eatre utilis\u00e9 pour une vari\u00e9t\u00e9 de ligues et de comp\u00e9titions<\/li>\n<li>Conception sensible au mobile pour une visualisation optimale sur n&rsquo;importe quel appareil<\/li>\n<li>Met \u00e0 jour automatiquement le tableau de la ligue en fonction des donn\u00e9es entr\u00e9es<\/li>\n<li>Comprend un raccourci pour une insertion facile dans n&rsquo;importe quel message ou page<\/li>\n<li>Permet d&rsquo;afficher plusieurs tables de ligue sur un seul site<\/li>\n<li>Compatible avec la plupart des th\u00e8mes et plugins WordPress<\/li>\n<li>Fournit un support client et des mises \u00e0 jour r\u00e9guli\u00e8res pour assurer la compatibilit\u00e9 avec les nouvelles versions WordPress.<\/li>\n<\/ul>\n","protected":false},"excerpt":{"rendered":"<p>Si vous \u00eates le propri\u00e9taire d&rsquo;un site Web sportif et que vous recherchez un moyen par lequel pr\u00e9senter votre classement de ligue de mani\u00e8re ordonn\u00e9e et polie, alors le plugin WordPress de la ligue est une n\u00e9cessit\u00e9 absolue pour vous. B\u00e9n\u00e9ficiant d&rsquo;un large \u00e9ventail d&rsquo;options de personnalisation, ce plugin vous offre la possibilit\u00e9 de pr\u00e9senter sans effort des logos d&rsquo;\u00e9quipe, des statistiques et des r\u00e9sultats de correspondance, le tout dans un format \u00e0 la fois adaptable et compatible avec les appareils mobiles. En utilisant des mises \u00e0 jour automatiques et en vous int\u00e9grant de mani\u00e8re transparente avec votre site WordPress, vous pourrez \u00e9conomiser \u00e0 la fois sur le temps et l&rsquo;effort. De plus, votre public sera captiv\u00e9 par un moyen interactif et captivant par lequel il peut rester \u00e0 jour avec ses \u00e9quipes bien-aim\u00e9es en temps r\u00e9el. N&rsquo;h\u00e9sitez plus; Obtenez le plugin WordPress Table de la Ligue d\u00e8s aujourd&rsquo;hui et vous assisterai \u00e0 une progression frappante de la qualit\u00e9 de votre site Web sportif.<\/p>\n","protected":false},"featured_media":144336,"comment_status":"open","ping_status":"open","template":"","meta":[],"product_brand":[2435],"product_cat":[1189,1181,1186],"product_tag":[1231],"class_list":{"0":"post-115645","1":"product","2":"type-product","3":"status-publish","4":"has-post-thumbnail","6":"product_brand-codecanyon","7":"product_cat-personnalisation","8":"product_cat-plugins","9":"product_cat-wordpress-plugins","10":"product_tag-codecanyon","11":"member-discount","12":"discount-restricted","14":"first","15":"instock","16":"sale","17":"downloadable","18":"virtual","19":"sold-individually","20":"purchasable","21":"product-type-simple"},"_links":{"self":[{"href":"https:\/\/gpl-love.com\/fr\/wp-json\/wp\/v2\/product\/115645","targetHints":{"allow":["GET"]}}],"collection":[{"href":"https:\/\/gpl-love.com\/fr\/wp-json\/wp\/v2\/product"}],"about":[{"href":"https:\/\/gpl-love.com\/fr\/wp-json\/wp\/v2\/types\/product"}],"replies":[{"embeddable":true,"href":"https:\/\/gpl-love.com\/fr\/wp-json\/wp\/v2\/comments?post=115645"}],"wp:featuredmedia":[{"embeddable":true,"href":"https:\/\/gpl-love.com\/fr\/wp-json\/wp\/v2\/media\/144336"}],"wp:attachment":[{"href":"https:\/\/gpl-love.com\/fr\/wp-json\/wp\/v2\/media?parent=115645"}],"wp:term":[{"taxonomy":"product_brand","embeddable":true,"href":"https:\/\/gpl-love.com\/fr\/wp-json\/wp\/v2\/product_brand?post=115645"},{"taxonomy":"product_cat","embeddable":true,"href":"https:\/\/gpl-love.com\/fr\/wp-json\/wp\/v2\/product_cat?post=115645"},{"taxonomy":"product_tag","embeddable":true,"href":"https:\/\/gpl-love.com\/fr\/wp-json\/wp\/v2\/product_tag?post=115645"}],"curies":[{"name":"wp","href":"https:\/\/api.w.org\/{rel}","templated":true}]}}