{"id":115643,"date":"2021-06-01T00:00:00","date_gmt":"2021-05-31T22:00:00","guid":{"rendered":"http:\/\/gpl-love.com\/fr\/produit\/builderpress-construction-et-architecture-wordpress-theme\/"},"modified":"2026-03-20T22:57:40","modified_gmt":"2026-03-20T21:57:40","slug":"builderpress-construction-et-architecture-wordpress-theme","status":"publish","type":"product","link":"https:\/\/gpl-love.com\/fr\/produit\/builderpress-construction-et-architecture-wordpress-theme\/","title":{"rendered":"BuilderPress Construction et Architecture WordPress Theme 1.2.4"},"content":{"rendered":"<h3>BuilderPress Construction et Architecture WordPress Theme Traits<\/h3>\n<p>Builderpress Construction and Architecture WordPress Le th\u00e8me est un th\u00e8me incroyablement robuste et tr\u00e8s polyvalent con\u00e7u avec les industries de la construction et de l&rsquo;architecture. B\u00e9n\u00e9ficiant d&rsquo;un design \u00e9l\u00e9gant et contemporain, Builderpress pr\u00e9sente sans effort un \u00e9ventail \u00e9tendu d&rsquo;attributs et d&rsquo;outils personnalisables qui sont sp\u00e9cifiquement adapt\u00e9s \u00e0 vous aider dans la cr\u00e9ation d&rsquo;un site Web exquis et hautement fonctionnel. Offrant une abondance de mod\u00e8les et de dispositions pr\u00e9-con\u00e7us, ainsi qu&rsquo;une pl\u00e9thore d&rsquo;options de personnalisation avanc\u00e9es, ce th\u00e8me remarquable poss\u00e8de tous les \u00e9l\u00e9ments n\u00e9cessaires pour pr\u00e9senter efficacement votre entreprise et ses services dans le domaine en ligne. De plus, Builderpress pr\u00e9sente son adaptabilit\u00e9 en incorporant une conception r\u00e9active et une interface conviviale, ce qui en fait la quintessence d&rsquo;une solution parfaite pour \u00e9tablir une pr\u00e9sence en ligne professionnelle et percutante pour vos efforts de construction et d&rsquo;architecture.<\/p>\n<ul>\n<li>Conception r\u00e9active et personnalisable<\/li>\n<li>Construit avec le cadre HTML5, CSS3 et Bootstrap<\/li>\n<li>Compatibilit\u00e9 entre les navigateurs<\/li>\n<li>Int\u00e9gration WooCommerce<\/li>\n<li>6 mises en page d&rsquo;accueil pr\u00e9-faites<\/li>\n<li>Faire glisser et d\u00e9poser le constructeur de page<\/li>\n<li>R\u00e9volution du curseur et curseur de couche inclus<\/li>\n<li>Importateur de d\u00e9monstration en un clic<\/li>\n<li>Panneau d&rsquo;options de th\u00e8me avanc\u00e9<\/li>\n<li>Sch\u00e9mas de couleurs illimit\u00e9s<\/li>\n<li>Traduction pr\u00eate<\/li>\n<li>Support RTL<\/li>\n<li>Int\u00e9gration Google Fonts<\/li>\n<li>Documentation et soutien approfondis<\/li>\n<\/ul>\n","protected":false},"excerpt":{"rendered":"<p>Pour tous vos besoins commerciaux de construction et d&rsquo;architecture, ne cherchez pas plus loin que le th\u00e8me WordPress de construction et d&rsquo;architecture de Builderpress. Ce th\u00e8me con\u00e7u par experte est parfait pour les entreprises de construction, les constructeurs, les architectes et toute entreprise de l&rsquo;industrie de la construction. Avec ses fonctionnalit\u00e9s avanc\u00e9es et sa conception personnalisable, vous pouvez cr\u00e9er un site Web professionnel et attrayant qui pr\u00e9sente efficacement votre entreprise.<\/p>\n<p>BuilDerpress est un th\u00e8me WordPress qui poss\u00e8de une conception r\u00e9active &#8211; ce qui rend votre site Web accessible et visuellement agr\u00e9able sur n&rsquo;importe quel appareil. Il prend \u00e9galement en charge une vari\u00e9t\u00e9 de plugins, y compris WooCommerce, pour des transactions en ligne faciles. Ce th\u00e8me est construit en pensant au r\u00e9f\u00e9rencement, garantissant que votre entreprise se classe en haut des r\u00e9sultats des moteurs de recherche.<\/p>\n<p>Le th\u00e8me Builderpress comprend plusieurs options de mise en page, vous pouvez donc personnaliser votre site Web pour correspondre parfaitement \u00e0 votre identit\u00e9 de marque. Il est \u00e9galement livr\u00e9 avec un constructeur de pages glisser-d\u00e9poser, ce qui facilite les d\u00e9butants de concevoir leur propre site Web.<\/p>\n<p>Avec Builderpress Construction and Architecture WordPress Th\u00e8me, vous pouvez pr\u00e9senter vos projets et services de mani\u00e8re \u00e9l\u00e9gante et professionnelle. Ce n&rsquo;est pas seulement<\/p>\n","protected":false},"featured_media":143333,"comment_status":"open","ping_status":"open","template":"","meta":[],"product_brand":[2433],"product_cat":[1242,1212,1213],"product_tag":[1366],"class_list":{"0":"post-115643","1":"product","2":"type-product","3":"status-publish","4":"has-post-thumbnail","6":"product_brand-themeforest","7":"product_cat-creatif","8":"product_cat-themes","9":"product_cat-wordpress-themes","10":"product_tag-themeforest","11":"member-discount","12":"discount-restricted","14":"first","15":"instock","16":"sale","17":"downloadable","18":"virtual","19":"sold-individually","20":"purchasable","21":"product-type-simple"},"_links":{"self":[{"href":"https:\/\/gpl-love.com\/fr\/wp-json\/wp\/v2\/product\/115643","targetHints":{"allow":["GET"]}}],"collection":[{"href":"https:\/\/gpl-love.com\/fr\/wp-json\/wp\/v2\/product"}],"about":[{"href":"https:\/\/gpl-love.com\/fr\/wp-json\/wp\/v2\/types\/product"}],"replies":[{"embeddable":true,"href":"https:\/\/gpl-love.com\/fr\/wp-json\/wp\/v2\/comments?post=115643"}],"wp:featuredmedia":[{"embeddable":true,"href":"https:\/\/gpl-love.com\/fr\/wp-json\/wp\/v2\/media\/143333"}],"wp:attachment":[{"href":"https:\/\/gpl-love.com\/fr\/wp-json\/wp\/v2\/media?parent=115643"}],"wp:term":[{"taxonomy":"product_brand","embeddable":true,"href":"https:\/\/gpl-love.com\/fr\/wp-json\/wp\/v2\/product_brand?post=115643"},{"taxonomy":"product_cat","embeddable":true,"href":"https:\/\/gpl-love.com\/fr\/wp-json\/wp\/v2\/product_cat?post=115643"},{"taxonomy":"product_tag","embeddable":true,"href":"https:\/\/gpl-love.com\/fr\/wp-json\/wp\/v2\/product_tag?post=115643"}],"curies":[{"name":"wp","href":"https:\/\/api.w.org\/{rel}","templated":true}]}}