{"id":115641,"date":"2021-06-01T00:00:00","date_gmt":"2021-05-31T22:00:00","guid":{"rendered":"http:\/\/gpl-love.com\/fr\/produit\/navian-multi-purpose-responsive-wordpress-theme\/"},"modified":"2026-04-10T18:33:31","modified_gmt":"2026-04-10T16:33:31","slug":"navian-multi-purpose-responsive-wordpress-theme","status":"publish","type":"product","link":"https:\/\/gpl-love.com\/fr\/produit\/navian-multi-purpose-responsive-wordpress-theme\/","title":{"rendered":"Navian Multi Purpose Responsive WordPress Theme 1.2.9"},"content":{"rendered":"<h3>Navian Multi Purpose Responsive WordPress Theme Traits<\/h3>\n<p>Le th\u00e8me WordPress r\u00e9actif \u00e0 plusieurs usage Navian poss\u00e8de un \u00e9ventail impressionnant de fonctionnalit\u00e9s, ce qui en fait un choix id\u00e9al pour les personnes \u00e0 la recherche d&rsquo;un th\u00e8me tr\u00e8s adaptable et personnalis\u00e9 pour leur site Web. Notamment, sa conception r\u00e9active garantit que votre site Web conservera son apparence visuellement attrayante sur une multitude d&rsquo;appareils, que ce soit un ordinateur de bureau traditionnel, une tablette \u00e9l\u00e9gante ou un smartphone pratique. De plus, la vaste gamme d&rsquo;offres du th\u00e8me comprend un r\u00e9pertoire impressionnant de plus de 30 d\u00e9mos pr\u00e9-construites, permettant une personnalisation transparente. Avec un stup\u00e9fiant plus de 400 options personnalisables \u00e0 votre disposition, l&rsquo;adapter vraiment votre site Web \u00e0 vos sp\u00e9cifications uniques n&rsquo;a jamais \u00e9t\u00e9 aussi facile. De plus, l&rsquo;inclusion d&rsquo;un puissant constructeur de pages dans le cadre du th\u00e8me permet m\u00eame aux cr\u00e9ateurs de sites Web les plus novices de construire sans effort des pages personnalis\u00e9es qui d\u00e9gagent le professionnalisme et la sophistication. Pour am\u00e9liorer davantage l&rsquo;attrait visuel de votre site Web, Navian fusionne de mani\u00e8re transparente avec une myriade de plugins premium, y compris l&rsquo;illustre r\u00e9volution du curseur et les plugins de compositeurs visuels, vous permettant de cr\u00e9er un contenu visuellement \u00e9tonnant qui captive votre public. Avec son design \u00e9l\u00e9gant et \u00e9pur\u00e9, le th\u00e8me offre une flexibilit\u00e9 in\u00e9gal\u00e9e en ce qui concerne les options de mise en page, garantissant que votre site Web d\u00e9gage une esth\u00e9tique moderne et rationalis\u00e9e. Enfin, les outils de personnalisation intuitifs de Navian agissent comme un phare d&rsquo;accessibilit\u00e9, ce qui en fait un choix id\u00e9al pour les individus de tous niveaux. En somme, Navian appara\u00eet comme le choix ultime pour ceux qui cherchent \u00e0 construire un site Web professionnel et contemporain qui s&rsquo;aligne parfaitement sur leur vision unique.<\/p>\n<ul>\n<li>Conception enti\u00e8rement r\u00e9active qui s&rsquo;adapte \u00e0 tout appareil ou taille d&rsquo;\u00e9cran<\/li>\n<li>Options de couleurs illimit\u00e9es et typographie personnalisable<\/li>\n<li>Plusieurs dispositions de page d&rsquo;accueil au choix<\/li>\n<li>Importation de d\u00e9monstration en un clic pour configurer rapidement votre site Web avec des mod\u00e8les pr\u00e9fabriqu\u00e9s<\/li>\n<li>Options de t\u00eate et de pied de page personnalisables<\/li>\n<li>Compatibilit\u00e9 WooCommerce pour une int\u00e9gration de boutique en ligne facile<\/li>\n<li>SEO optimis\u00e9 pour un meilleur classement des moteurs de recherche<\/li>\n<li>Int\u00e9gration int\u00e9gr\u00e9e des m\u00e9dias sociaux<\/li>\n<li>Vitesse de chargement rapide pour une meilleure exp\u00e9rience utilisateur<\/li>\n<li>Plusieurs formats de publication pour pr\u00e9senter votre contenu de diff\u00e9rentes mani\u00e8res<\/li>\n<li>Compatible avec les plugins WordPress populaires pour des fonctionnalit\u00e9s ajout\u00e9es<\/li>\n<\/ul>\n","protected":false},"excerpt":{"rendered":"<p>Navian, un th\u00e8me WordPress polyvalent tr\u00e8s polyvalent et fonctionnel, poss\u00e8de une gamme impressionnante d&rsquo;options de personnalisation con\u00e7ues pour vous permettre de cr\u00e9er un site Web vraiment remarquable. Avec un fort accent sur la r\u00e9activit\u00e9, Navian s&rsquo;adapte de mani\u00e8re transparente \u00e0 toutes sortes d&rsquo;appareils, que ce soit un moniteur de bureau tentaculaire, une tablette \u00e9l\u00e9gante ou un smartphone pratique. De plus, ce th\u00e8me comprend une multitude de dispositions de page d&rsquo;accueil pr\u00e9-con\u00e7ues, chacune d\u00e9gageant un charme unique, ainsi qu&rsquo;un portefeuille visuellement magnifique pour pr\u00e9senter vos chefs-d&rsquo;\u0153uvre. De plus, le constructeur de pages de glisser-d\u00e9poser intuitif fourni avec Navian facilite rapidement et la cr\u00e9ation sans effort de pages sur mesure adapt\u00e9es \u00e0 vos sp\u00e9cifications exactes. La fonctionnalit\u00e9 avanc\u00e9e est une caract\u00e9ristique de ce th\u00e8me, permettant une int\u00e9gration transparente avec des plugins populaires tels que WooCommerce, WPML et Contact Form 7, faisant ainsi de Navian un choix optimal pour tout site Web que vous aspirez \u00e0 \u00e9tablir.<\/p>\n","protected":false},"featured_media":144715,"comment_status":"open","ping_status":"open","template":"","meta":[],"product_brand":[2433],"product_cat":[1214,1212,1213],"product_tag":[1366],"class_list":{"0":"post-115641","1":"product","2":"type-product","3":"status-publish","4":"has-post-thumbnail","6":"product_brand-themeforest","7":"product_cat-polyvalent","8":"product_cat-themes","9":"product_cat-wordpress-themes","10":"product_tag-themeforest","11":"member-discount","12":"discount-restricted","14":"first","15":"instock","16":"sale","17":"downloadable","18":"virtual","19":"sold-individually","20":"purchasable","21":"product-type-simple"},"_links":{"self":[{"href":"https:\/\/gpl-love.com\/fr\/wp-json\/wp\/v2\/product\/115641","targetHints":{"allow":["GET"]}}],"collection":[{"href":"https:\/\/gpl-love.com\/fr\/wp-json\/wp\/v2\/product"}],"about":[{"href":"https:\/\/gpl-love.com\/fr\/wp-json\/wp\/v2\/types\/product"}],"replies":[{"embeddable":true,"href":"https:\/\/gpl-love.com\/fr\/wp-json\/wp\/v2\/comments?post=115641"}],"wp:featuredmedia":[{"embeddable":true,"href":"https:\/\/gpl-love.com\/fr\/wp-json\/wp\/v2\/media\/144715"}],"wp:attachment":[{"href":"https:\/\/gpl-love.com\/fr\/wp-json\/wp\/v2\/media?parent=115641"}],"wp:term":[{"taxonomy":"product_brand","embeddable":true,"href":"https:\/\/gpl-love.com\/fr\/wp-json\/wp\/v2\/product_brand?post=115641"},{"taxonomy":"product_cat","embeddable":true,"href":"https:\/\/gpl-love.com\/fr\/wp-json\/wp\/v2\/product_cat?post=115641"},{"taxonomy":"product_tag","embeddable":true,"href":"https:\/\/gpl-love.com\/fr\/wp-json\/wp\/v2\/product_tag?post=115641"}],"curies":[{"name":"wp","href":"https:\/\/api.w.org\/{rel}","templated":true}]}}