{"id":115639,"date":"2025-06-14T00:00:00","date_gmt":"2025-06-13T22:00:00","guid":{"rendered":"http:\/\/gpl-love.com\/fr\/produit\/sns-vicky-cosmetic-woocommerce-wordpress-theme\/"},"modified":"2026-04-10T18:40:02","modified_gmt":"2026-04-10T16:40:02","slug":"sns-vicky-cosmetic-woocommerce-wordpress-theme","status":"publish","type":"product","link":"https:\/\/gpl-love.com\/fr\/produit\/sns-vicky-cosmetic-woocommerce-wordpress-theme\/","title":{"rendered":"SNS Vicky Cosmetic WooCommerce WordPress Theme 3.8"},"content":{"rendered":"<h3>SNS Vicky Cosmetic WooCommerce WordPress Theme Traits<\/h3>\n<p>Le th\u00e8me WordPress SNS Vicky Cosmetic WooCommerce, avec son design et sa r\u00e9activit\u00e9 \u00e9tonnants, pr\u00e9sente une solution id\u00e9ale pour les magasins cosm\u00e9tiques cherchant \u00e0 \u00e9tablir une forte pr\u00e9sence en ligne. Offrant une pl\u00e9thore d&rsquo;options de personnalisation, ce th\u00e8me facilite la couture sans effort pour s&rsquo;aligner sur votre identit\u00e9 de marque tout en pr\u00e9sentant captivant votre gamme de produits. De plus, le th\u00e8me s&rsquo;int\u00e8gre parfaitement \u00e0 WooCommerce, rationalisant l&rsquo;\u00e9tablissement et l&rsquo;administration de votre vitrine virtuelle. Que votre attention r\u00e9side dans la vente de maquillage, de marchandises de soins de la peau ou d&rsquo;accessoires de beaut\u00e9, le th\u00e8me WordPress SNS Vicky Cosmetic WooCommerce appara\u00eet comme une s\u00e9lection exceptionnelle, permettant aux entreprises cosm\u00e9tiques d&rsquo;am\u00e9liorer leurs flux de revenus num\u00e9riques.<\/p>\n<ul>\n<li>Un th\u00e8me WordPress WooCommerce enti\u00e8rement r\u00e9actif sp\u00e9cialement con\u00e7u pour les sites Web cosm\u00e9tiques et de beaut\u00e9<\/li>\n<li>Livr\u00e9 avec une interface conviviale et personnalisable qui vous permet d&rsquo;ajuster la conception en fonction de vos besoins<\/li>\n<li>Comprend un curseur de page d&rsquo;accueil, un carrousel produit et une section de banni\u00e8re, ce qui facilite la pr\u00e9sentation de vos produits et promotions<\/li>\n<li>Propose une option de vue rapide de produit, afin que vos clients puissent facilement parcourir et acheter des produits<\/li>\n<li>A un formulaire d&rsquo;abonnement \u00e0 newsletter int\u00e9gr\u00e9, vous permettant de d\u00e9velopper votre liste de diffusion et de convertir plus de ventes<\/li>\n<li>Prend en charge plusieurs passerelles de paiement, notamment PayPal et Stripe, en rendant la caisse transparente pour vos clients<\/li>\n<li>Comprend l&rsquo;int\u00e9gration des m\u00e9dias sociaux, afin que vous puissiez facilement vous connecter avec vos clients et afficher vos derniers messages et mises \u00e0 jour<\/li>\n<li>A une fonction de comparaison de produits, permettant \u00e0 vos clients de comparer diff\u00e9rents produits et de prendre une d\u00e9cision d&rsquo;achat \u00e9clair\u00e9e<\/li>\n<li>Offre une fonctionnalit\u00e9 de recherche puissante, permettant \u00e0 vos clients de rechercher des produits en fonction de diff\u00e9rents crit\u00e8res<\/li>\n<li>Comprend une documentation d\u00e9taill\u00e9e et un support client 24\/7, en vous assurant que vous disposez de toutes les ressources dont vous avez besoin pour d\u00e9marrer et r\u00e9ussir.<\/li>\n<\/ul>\n","protected":false},"excerpt":{"rendered":"<p>Le th\u00e8me WordPress SNS Vicky Cosmetic WooCommerce poss\u00e8de un design visuellement attrayant et esth\u00e9tique, et il est sp\u00e9cifiquement con\u00e7u pour r\u00e9pondre aux besoins des personnes op\u00e9rant au sein de l&rsquo;industrie cosm\u00e9tique. Ce th\u00e8me, avec sa disposition \u00e9l\u00e9gante et contemporaine, garantit que vos produits cosm\u00e9tiques rayonnent et captiveront l&rsquo;attention de vos clients potentiels. Son \u00e9ventail complet de fonctionnalit\u00e9s essentielles, comme un catalogue de produits navigables sans effort, une vaste s\u00e9lection de m\u00e9thodes de paiement et une capacit\u00e9 de recherche avanc\u00e9e, garantit que votre site Web de commerce \u00e9lectronique prosp\u00e8re et s&rsquo;\u00e9panouira. En outre, ce th\u00e8me offre une abondance d&rsquo;options de personnalisation, facilitant l&rsquo;adaptation et la personnalisation sans effort du th\u00e8me pour s&rsquo;aligner de mani\u00e8re transparente avec vos exigences distinctes et uniques. Pour tout effort de marque cosm\u00e9tique pour \u00e9tablir une boutique en ligne visuellement frappante et accessible sans effort, ce th\u00e8me est sans \u00e9quivoque indispensable et tr\u00e8s avantageux.<\/p>\n","protected":false},"featured_media":145281,"comment_status":"open","ping_status":"open","template":"","meta":[],"product_brand":[2433],"product_cat":[1238,1444,1212],"product_tag":[1366],"class_list":{"0":"post-115639","1":"product","2":"type-product","3":"status-publish","4":"has-post-thumbnail","6":"product_brand-themeforest","7":"product_cat-commerce-electronique-themes","8":"product_cat-creatif-commerce-electronique-themes","9":"product_cat-themes","10":"product_tag-themeforest","11":"member-discount","12":"discount-restricted","14":"first","15":"instock","16":"sale","17":"downloadable","18":"virtual","19":"sold-individually","20":"purchasable","21":"product-type-simple"},"_links":{"self":[{"href":"https:\/\/gpl-love.com\/fr\/wp-json\/wp\/v2\/product\/115639","targetHints":{"allow":["GET"]}}],"collection":[{"href":"https:\/\/gpl-love.com\/fr\/wp-json\/wp\/v2\/product"}],"about":[{"href":"https:\/\/gpl-love.com\/fr\/wp-json\/wp\/v2\/types\/product"}],"replies":[{"embeddable":true,"href":"https:\/\/gpl-love.com\/fr\/wp-json\/wp\/v2\/comments?post=115639"}],"wp:featuredmedia":[{"embeddable":true,"href":"https:\/\/gpl-love.com\/fr\/wp-json\/wp\/v2\/media\/145281"}],"wp:attachment":[{"href":"https:\/\/gpl-love.com\/fr\/wp-json\/wp\/v2\/media?parent=115639"}],"wp:term":[{"taxonomy":"product_brand","embeddable":true,"href":"https:\/\/gpl-love.com\/fr\/wp-json\/wp\/v2\/product_brand?post=115639"},{"taxonomy":"product_cat","embeddable":true,"href":"https:\/\/gpl-love.com\/fr\/wp-json\/wp\/v2\/product_cat?post=115639"},{"taxonomy":"product_tag","embeddable":true,"href":"https:\/\/gpl-love.com\/fr\/wp-json\/wp\/v2\/product_tag?post=115639"}],"curies":[{"name":"wp","href":"https:\/\/api.w.org\/{rel}","templated":true}]}}