{"id":115637,"date":"2026-03-25T00:00:00","date_gmt":"2026-03-24T23:00:00","guid":{"rendered":"http:\/\/gpl-love.com\/fr\/produit\/woocommerce-usps-shipping-method\/"},"modified":"2026-03-30T18:30:49","modified_gmt":"2026-03-30T16:30:49","slug":"woocommerce-usps-shipping-method","status":"publish","type":"product","link":"https:\/\/gpl-love.com\/fr\/produit\/woocommerce-usps-shipping-method\/","title":{"rendered":"WooCommerce USPS Shipping Method 5.5.3"},"content":{"rendered":"<h3>WooCommerce USPS Shipping Method Traits<\/h3>\n<p>La m\u00e9thode d&rsquo;exp\u00e9dition WooCommerce USPS est une solution d&rsquo;exp\u00e9dition extr\u00eamement robuste qui s&rsquo;adresse aux magasins en ligne tirant parti de la plate-forme WooCommerce. Ce plugin impeccable int\u00e8gre de mani\u00e8re transparente au service postal des \u00c9tats-Unis (USPS), permettant ainsi la fourniture de tarifs d&rsquo;exp\u00e9dition tr\u00e8s pr\u00e9cis \u00e0 vos clients pr\u00e9cieux, en plus d&rsquo;offrir une gamme d&rsquo;options de suivi et de confirmation de livraison. De plus, ce plugin est con\u00e7u pour accueillir sans effort plusieurs alternatives d&rsquo;exp\u00e9dition, vous offrant ainsi la possibilit\u00e9 de pr\u00e9senter \u00e0 vos clients une s\u00e9lection diversifi\u00e9e de vitesses d&rsquo;exp\u00e9dition et de prix correspondants. En incorporant la m\u00e9thode d&rsquo;exp\u00e9dition WooCommerce USPS dans vos op\u00e9rations, vous pouvez rationaliser de mani\u00e8re transparente votre processus d&rsquo;exp\u00e9dition, att\u00e9nuant ainsi consid\u00e9rablement la probabilit\u00e9 d&rsquo;erreurs, tout en garantissant une exp\u00e9rience client am\u00e9lior\u00e9e. De plus, l&rsquo;installation et la configuration de ce plugin sont un jeu d&rsquo;enfant, vous pouvez donc commencer \u00e0 profiter de ses nombreux avantages.<\/p>\n<ul>\n<li>Int\u00e9gration facile avec WooCommerce<\/li>\n<li>Tarifs d&rsquo;exp\u00e9dition pr\u00e9cis bas\u00e9s sur les prix USPS et les dimensions du forfait<\/li>\n<li>Options d&rsquo;exp\u00e9dition flexibles, y compris le courrier prioritaire, le courrier de premi\u00e8re classe et le courrier m\u00e9diatique<\/li>\n<li>Informations de suivi en temps r\u00e9el pour les clients<\/li>\n<li>Impression d&rsquo;\u00e9tiquette sans couture et suivi des paquets<\/li>\n<li>Capacit\u00e9 \u00e0 exp\u00e9dier \u00e0 l&rsquo;international avec une g\u00e9n\u00e9ration de formulaires coutumes faciles<\/li>\n<li>Prise en charge des packages multiples pour les commandes avec plusieurs \u00e9l\u00e9ments<\/li>\n<li>R\u00e9glage des taux automatiques pour la tarification du poids dimensionnel<\/li>\n<li>Capacit\u00e9 \u00e0 activer ou \u00e0 d\u00e9sactiver les services USPS sp\u00e9cifiques<\/li>\n<li>Mises \u00e0 jour et support r\u00e9guliers des d\u00e9veloppeurs de plugins.<\/li>\n<\/ul>\n","protected":false},"excerpt":{"rendered":"<p>La m\u00e9thode d&rsquo;exp\u00e9dition WooCommerce USPS sert d&rsquo;outil tr\u00e8s efficace et efficiente que les entreprises peuvent utiliser afin d&rsquo;am\u00e9liorer et d&rsquo;optimiser leur processus d&rsquo;exp\u00e9dition. Ce plugin remarquable poss\u00e8de la possibilit\u00e9 de fournir aux utilisateurs des tarifs d&rsquo;exp\u00e9dition en temps r\u00e9el et des informations de suivi, obtenues directement \u00e0 partir du service postal des \u00c9tats-Unis (USPS), garantissant ainsi la plus grande pr\u00e9cision et la rapidit\u00e9 dans le rendu des frais d&rsquo;exp\u00e9dition \u00e0 votre client\u00e8le estim\u00e9e. En vous int\u00e9grant de mani\u00e8re transparente \u00e0 votre boutique WooCommerce, cette ressource inestimable vous permet de proposer une gamme diversifi\u00e9e d&rsquo;options et de tarifs d&rsquo;exp\u00e9dition, m\u00e9ticuleusement sur mesure pour r\u00e9pondre aux exigences uniques de vos clients. Embrassez l&rsquo;immense potentiel de la m\u00e9thode d&rsquo;exp\u00e9dition WooCommerce USPS et ressentez des \u00e9conomies sans pr\u00e9c\u00e9dent dans le temps et les ressources financi\u00e8res.<\/p>\n","protected":false},"featured_media":146061,"comment_status":"open","ping_status":"open","template":"","meta":[],"product_brand":[2440],"product_cat":[1182,1223,1181],"product_tag":[1398],"class_list":{"0":"post-115637","1":"product","2":"type-product","3":"status-publish","4":"has-post-thumbnail","6":"product_brand-woocommerce","7":"product_cat-commerce-electronique-plugins","8":"product_cat-personnalisation-commerce-electronique-plugins","9":"product_cat-plugins","10":"product_tag-woocommerce","11":"member-discount","12":"discount-restricted","14":"first","15":"instock","16":"sale","17":"downloadable","18":"virtual","19":"sold-individually","20":"purchasable","21":"product-type-simple"},"_links":{"self":[{"href":"https:\/\/gpl-love.com\/fr\/wp-json\/wp\/v2\/product\/115637","targetHints":{"allow":["GET"]}}],"collection":[{"href":"https:\/\/gpl-love.com\/fr\/wp-json\/wp\/v2\/product"}],"about":[{"href":"https:\/\/gpl-love.com\/fr\/wp-json\/wp\/v2\/types\/product"}],"replies":[{"embeddable":true,"href":"https:\/\/gpl-love.com\/fr\/wp-json\/wp\/v2\/comments?post=115637"}],"wp:featuredmedia":[{"embeddable":true,"href":"https:\/\/gpl-love.com\/fr\/wp-json\/wp\/v2\/media\/146061"}],"wp:attachment":[{"href":"https:\/\/gpl-love.com\/fr\/wp-json\/wp\/v2\/media?parent=115637"}],"wp:term":[{"taxonomy":"product_brand","embeddable":true,"href":"https:\/\/gpl-love.com\/fr\/wp-json\/wp\/v2\/product_brand?post=115637"},{"taxonomy":"product_cat","embeddable":true,"href":"https:\/\/gpl-love.com\/fr\/wp-json\/wp\/v2\/product_cat?post=115637"},{"taxonomy":"product_tag","embeddable":true,"href":"https:\/\/gpl-love.com\/fr\/wp-json\/wp\/v2\/product_tag?post=115637"}],"curies":[{"name":"wp","href":"https:\/\/api.w.org\/{rel}","templated":true}]}}