{"id":115633,"date":"2025-12-25T00:00:00","date_gmt":"2025-12-24T23:00:00","guid":{"rendered":"http:\/\/gpl-love.com\/fr\/produit\/woocommerce-elavon-converge-payment-gateway\/"},"modified":"2026-03-20T23:45:31","modified_gmt":"2026-03-20T22:45:31","slug":"woocommerce-elavon-converge-payment-gateway","status":"publish","type":"product","link":"https:\/\/gpl-love.com\/fr\/produit\/woocommerce-elavon-converge-payment-gateway\/","title":{"rendered":"WooCommerce Elavon Converge Payment Gateway 2.14.7"},"content":{"rendered":"<h3>WooCommerce Elavon Converge Payment Gateway Traits<\/h3>\n<p>La passerelle de paiement WooCommerce Elavon Converge poss\u00e8de une fiabilit\u00e9 exceptionnelle et des mesures de s\u00e9curit\u00e9 de premier ordre, ce qui en fait une solution de traitement de paiement id\u00e9ale sp\u00e9cialement adapt\u00e9e aux utilisateurs de WooCommerce. Cette passerelle permet aux marchands en ligne d&rsquo;accepter sans effort les paiements de carte de cr\u00e9dit et de d\u00e9bit de clients couvrant le globe. Son interface conviviale rationalise le processus de paiement, att\u00e9nuant effectivement les probl\u00e8mes d&rsquo;abandon de CART. En tant qu&rsquo;avantage suppl\u00e9mentaire, la passerelle WooCommerce Elavon Converge Payment s&rsquo;int\u00e8gre de mani\u00e8re transparente \u00e0 un \u00e9ventail diversifi\u00e9 de m\u00e9thodes de paiement, englobant Apple Pay et Google Pay, permettant ainsi aux commer\u00e7ants de pr\u00e9senter leurs pr\u00e9cieux clients avec une gamme compl\u00e8te d&rsquo;alternatives de paiement. En outre, cette plate-forme est fortifi\u00e9e avec des m\u00e9canismes de pr\u00e9vention de la fraude robustes et des fonctionnalit\u00e9s de s\u00e9curit\u00e9 de pointe, garantissant que toutes les transactions sont effectu\u00e9es de mani\u00e8re s\u00e9curis\u00e9e et s\u00fbre. En somme, la passerelle de paiement WooCommerce Elavon Converge est une option exceptionnelle pour les utilisateurs de WooCommerce \u00e0 la recherche d&rsquo;une solution de traitement de paiement fiable, flexible et imprenable.<\/p>\n<ul>\n<li>Acceptez en toute s\u00e9curit\u00e9 les paiements de carte de cr\u00e9dit et de d\u00e9bit directement sur votre boutique WooCommerce<\/li>\n<li>Int\u00e9grez de mani\u00e8re transparente votre boutique en ligne avec la passerelle de paiement Elavon Converge<\/li>\n<li>Comprend des mesures de d\u00e9tection de fraude et de pr\u00e9vention pour prot\u00e9ger votre magasin contre la fraude en ligne<\/li>\n<li>Facile \u00e0 configurer et \u00e0 configurer avec une interface conviviale<\/li>\n<li>Fournit des rapports de transaction d\u00e9taill\u00e9s et des mises \u00e0 jour d&rsquo;\u00e9tat de paiement en temps r\u00e9el<\/li>\n<li>Prend en charge les paiements et abonnements r\u00e9currents<\/li>\n<li>R\u00e9pond aux normes de l&rsquo;industrie pour la conformit\u00e9 PCI et la s\u00e9curit\u00e9 des donn\u00e9es<\/li>\n<li>Offre un support client 24\/7 pour aider \u00e0 tout probl\u00e8me ou questions li\u00e9es aux paiements<\/li>\n<li>Compatible avec la plupart des principaux types de cartes de cr\u00e9dit et de d\u00e9bit, notamment Visa, MasterCard, American Express et Discover.<\/li>\n<\/ul>\n","protected":false},"excerpt":{"rendered":"<p>La passerelle de paiement WooCommerce Elavon Converge est une solution de traitement des paiements exceptionnellement efficace et efficace m\u00e9ticuleusement con\u00e7ue pour faciliter l&rsquo;acceptation sans effort et la gestion efficace des paiements des clients pour les entreprises en ligne. B\u00e9n\u00e9ficiant d&rsquo;une interface remarquablement intuitive et conviviale associ\u00e9e \u00e0 une gamme de fonctionnalit\u00e9s de s\u00e9curit\u00e9 robustes, cette passerelle offre sans faillite une exp\u00e9rience de paiement transparente et fiable qui r\u00e9pond de mani\u00e8re transparente aux besoins et aux d\u00e9sirs des commer\u00e7ants et des clients. Que vous visiez ambitieusement \u00e0 amplifier la port\u00e9e et la port\u00e9e de votre entreprise ou que vous vous efforcons simplement d&rsquo;affiner et d&rsquo;am\u00e9liorer votre processus de paiement, la passerelle de paiement Elavon Converge WooCommerce est sans \u00e9quivoque comme un choix in\u00e9gal\u00e9 et pr\u00e9\u00e9minent pour tout vendeur en ligne exigeant.<\/p>\n","protected":false},"featured_media":145875,"comment_status":"open","ping_status":"open","template":"","meta":[],"product_brand":[2440],"product_cat":[1182,1401,1181],"product_tag":[1398],"class_list":{"0":"post-115633","1":"product","2":"type-product","3":"status-publish","4":"has-post-thumbnail","6":"product_brand-woocommerce","7":"product_cat-commerce-electronique-plugins","8":"product_cat-paiement-commerce-electronique-plugins","9":"product_cat-plugins","10":"product_tag-woocommerce","11":"member-discount","12":"discount-restricted","14":"first","15":"instock","16":"sale","17":"downloadable","18":"virtual","19":"sold-individually","20":"purchasable","21":"product-type-simple"},"_links":{"self":[{"href":"https:\/\/gpl-love.com\/fr\/wp-json\/wp\/v2\/product\/115633","targetHints":{"allow":["GET"]}}],"collection":[{"href":"https:\/\/gpl-love.com\/fr\/wp-json\/wp\/v2\/product"}],"about":[{"href":"https:\/\/gpl-love.com\/fr\/wp-json\/wp\/v2\/types\/product"}],"replies":[{"embeddable":true,"href":"https:\/\/gpl-love.com\/fr\/wp-json\/wp\/v2\/comments?post=115633"}],"wp:featuredmedia":[{"embeddable":true,"href":"https:\/\/gpl-love.com\/fr\/wp-json\/wp\/v2\/media\/145875"}],"wp:attachment":[{"href":"https:\/\/gpl-love.com\/fr\/wp-json\/wp\/v2\/media?parent=115633"}],"wp:term":[{"taxonomy":"product_brand","embeddable":true,"href":"https:\/\/gpl-love.com\/fr\/wp-json\/wp\/v2\/product_brand?post=115633"},{"taxonomy":"product_cat","embeddable":true,"href":"https:\/\/gpl-love.com\/fr\/wp-json\/wp\/v2\/product_cat?post=115633"},{"taxonomy":"product_tag","embeddable":true,"href":"https:\/\/gpl-love.com\/fr\/wp-json\/wp\/v2\/product_tag?post=115633"}],"curies":[{"name":"wp","href":"https:\/\/api.w.org\/{rel}","templated":true}]}}