{"id":115631,"date":"2021-02-09T00:00:00","date_gmt":"2021-02-08T23:00:00","guid":{"rendered":"http:\/\/gpl-love.com\/fr\/produit\/mythemeshop-top-wordpress-theme\/"},"modified":"2026-04-10T18:33:20","modified_gmt":"2026-04-10T16:33:20","slug":"mythemeshop-top-wordpress-theme","status":"publish","type":"product","link":"https:\/\/gpl-love.com\/fr\/produit\/mythemeshop-top-wordpress-theme\/","title":{"rendered":"MyThemeShop Top WordPress Theme 1.2.1"},"content":{"rendered":"<h3>MyThemeShop Top WordPress Theme Traits<\/h3>\n<p>Le th\u00e8me WordPress MyTheShop Top poss\u00e8de un \u00e9ventail de qualit\u00e9s exceptionnelles qui augmenteront certainement l&rsquo;attrait esth\u00e9tique et le professionnalisme de votre site Web. Ce th\u00e8me WordPress premium offre une pl\u00e9thore de fonctionnalit\u00e9s personnalisables, vous permettant d&rsquo;impr\u00e9gner votre site Web avec une touche unique et personnalis\u00e9e. De plus, sa conception r\u00e9active garantit que votre site Web d\u00e9gagera de l&rsquo;excellence sur tous les appareils, que ce soit des ordinateurs de bureau, des tablettes ou des smartphones. De plus, il convient de noter que ce th\u00e8me a \u00e9t\u00e9 m\u00e9ticuleusement con\u00e7u pour \u00eatre adapt\u00e9 au r\u00e9f\u00e9rencement, garantissant que votre site Web attire l&rsquo;attention qu&rsquo;elle m\u00e9rite des moteurs de recherche. Que vous soyez blogueur, entrepreneur ou entit\u00e9 commerciale, le th\u00e8me WordPress de MyTheMeshop est le choix id\u00e9al pour les personnes \u00e0 la recherche d&rsquo;un th\u00e8me WordPress convivial, visuellement captivant et robuste.<\/p>\n<ul>\n<li>Design moderne de haute qualit\u00e9 pour votre site Web WordPress<\/li>\n<li>Enti\u00e8rement r\u00e9actif et convivial pour une exp\u00e9rience utilisateur sans couture<\/li>\n<li>Options de personnalisation faciles pour un contr\u00f4le ultime sur l&rsquo;aspect et la sensation de votre site<\/li>\n<li>Caract\u00e9ristiques d&rsquo;optimisation int\u00e9gr\u00e9es pour une vitesse d&rsquo;am\u00e9lioration du site et un classement SEO<\/li>\n<li>Plusieurs dispositions et mod\u00e8les pr\u00e9-pr\u00e9par\u00e9s pour une installation et une personnalisation faciles<\/li>\n<li>Mises \u00e0 jour continue et soutien de l&rsquo;\u00e9quipe MyTheMeshop pour une fonctionnalit\u00e9 et une s\u00e9curit\u00e9 maximales<\/li>\n<li>Options de prix flexibles pour s&rsquo;adapter \u00e0 tout budget ou besoin<\/li>\n<li>Consid\u00e9r\u00e9 par des milliers d&rsquo;utilisateurs satisfaits et soutenu par une garantie de remboursement de 30 jours.<\/li>\n<\/ul>\n","protected":false},"excerpt":{"rendered":"<p>Le th\u00e8me WordPress de MyTheShop est un th\u00e8me extr\u00eamement contemporain et tr\u00e8s r\u00e9actif qui r\u00e9pond aux besoins des blogueurs, des entrepreneurs et des entreprises. B\u00e9n\u00e9ficiant d&rsquo;une interface utilisateur remarquablement intuitive, ce th\u00e8me offre une multitude de dispositions personnalisables et une vaste gamme de fonctionnalit\u00e9s qui vous permettent de fa\u00e7onner le site Web que vous avez toujours envisag\u00e9. Avec sa capacit\u00e9 inn\u00e9e pour l&rsquo;optimisation des moteurs de recherche et sa vitesse de chargement rapide, le th\u00e8me WordPress de MyTheShop garantit une exp\u00e9rience utilisateur immersive parfaitement immersive pour tous vos visiteurs estim\u00e9s. Que vous aspirez \u00e0 construire un blog, un portefeuille ou une boutique en ligne, ce th\u00e8me est la quintessence sans \u00e9quivoque d&rsquo;une s\u00e9lection id\u00e9ale pour pr\u00e9senter l&rsquo;essence de votre marque distinctive et de votre cr\u00e9ativit\u00e9 sans entraves.<\/p>\n","protected":false},"featured_media":144700,"comment_status":"open","ping_status":"open","template":"","meta":[],"product_brand":[2601],"product_cat":[1220,1212,1213],"product_tag":[1309],"class_list":{"0":"post-115631","1":"product","2":"type-product","3":"status-publish","4":"has-post-thumbnail","6":"product_brand-my-theme-shop","7":"product_cat-blog-magazine","8":"product_cat-themes","9":"product_cat-wordpress-themes","10":"product_tag-my-theme-shop","11":"member-discount","12":"discount-restricted","14":"first","15":"instock","16":"sale","17":"downloadable","18":"virtual","19":"sold-individually","20":"purchasable","21":"product-type-simple"},"_links":{"self":[{"href":"https:\/\/gpl-love.com\/fr\/wp-json\/wp\/v2\/product\/115631","targetHints":{"allow":["GET"]}}],"collection":[{"href":"https:\/\/gpl-love.com\/fr\/wp-json\/wp\/v2\/product"}],"about":[{"href":"https:\/\/gpl-love.com\/fr\/wp-json\/wp\/v2\/types\/product"}],"replies":[{"embeddable":true,"href":"https:\/\/gpl-love.com\/fr\/wp-json\/wp\/v2\/comments?post=115631"}],"wp:featuredmedia":[{"embeddable":true,"href":"https:\/\/gpl-love.com\/fr\/wp-json\/wp\/v2\/media\/144700"}],"wp:attachment":[{"href":"https:\/\/gpl-love.com\/fr\/wp-json\/wp\/v2\/media?parent=115631"}],"wp:term":[{"taxonomy":"product_brand","embeddable":true,"href":"https:\/\/gpl-love.com\/fr\/wp-json\/wp\/v2\/product_brand?post=115631"},{"taxonomy":"product_cat","embeddable":true,"href":"https:\/\/gpl-love.com\/fr\/wp-json\/wp\/v2\/product_cat?post=115631"},{"taxonomy":"product_tag","embeddable":true,"href":"https:\/\/gpl-love.com\/fr\/wp-json\/wp\/v2\/product_tag?post=115631"}],"curies":[{"name":"wp","href":"https:\/\/api.w.org\/{rel}","templated":true}]}}