{"id":115629,"date":"2021-10-12T00:00:00","date_gmt":"2021-10-11T22:00:00","guid":{"rendered":"http:\/\/gpl-love.com\/fr\/produit\/mythemeshop-schema-wordpress-theme\/"},"modified":"2026-03-20T23:27:14","modified_gmt":"2026-03-20T22:27:14","slug":"mythemeshop-schema-wordpress-theme","status":"publish","type":"product","link":"https:\/\/gpl-love.com\/fr\/produit\/mythemeshop-schema-wordpress-theme\/","title":{"rendered":"MyThemeShop Schema WordPress Theme 3.9.23"},"content":{"rendered":"<h3>MyThemeShop Schema WordPress Theme Traits<\/h3>\n<p>Le th\u00e8me WordPress du sch\u00e9ma MyTheMeshop est un th\u00e8me incroyablement robuste et adaptable qui r\u00e9pond aux exigences des sites Web \u00e0 la recherche d&rsquo;optimisation pour les moteurs de recherche. Il poss\u00e8de une capacit\u00e9 inh\u00e9rente \u00e0 s&rsquo;assurer que votre contenu atteint le nombre maximal d&rsquo;individus en pr\u00e9sentant une avenue transparente pour la cr\u00e9ation d&rsquo;extraits riches, un outil indispensable pour amplifier les classements des moteurs de recherche. De plus, ce th\u00e8me vous offre le luxe d&rsquo;une personnalisation compl\u00e8te, vous accordant l&rsquo;autonomie \u00e0 fa\u00e7onner un site Web non seulement distinctif mais aussi parfaitement adapt\u00e9 \u00e0 vos conditions sp\u00e9cifiques. B\u00e9n\u00e9ficiant d&rsquo;un design esth\u00e9tique et contemporain, d&rsquo;\u00e9l\u00e9ments typographiques exceptionnels et d&rsquo;une pl\u00e9thore d&rsquo;options personnalisables, du sch\u00e9ma de mytheshop est une s\u00e9lection exemplaire pour les personnes aspirant \u00e0 engendrer une pr\u00e9sence en ligne professionnelle et impactante. Que vous cr\u00e9iez un blog, une plate-forme de commerce \u00e9lectronique ou un site Web d&rsquo;entreprise, ce th\u00e8me incarne une solution compl\u00e8te qui est garantie pour ouvrir la voie \u00e0 votre triomphe.<\/p>\n<ul>\n<li>Conception propre et minimaliste pour les sites Web professionnels<\/li>\n<li>Enti\u00e8rement compatible avec tous les principaux navigateurs et appareils<\/li>\n<li>Optimisation de SEO int\u00e9gr\u00e9e pour les classements plus \u00e9lev\u00e9s dans les r\u00e9sultats du moteur de recherche<\/li>\n<li>Plusieurs dispositions pr\u00e9-con\u00e7ues pour la page d&rsquo;accueil et les pages int\u00e9rieures<\/li>\n<li>Personnalisable avec panneau d&rsquo;options de th\u00e8me facile \u00e0 utiliser<\/li>\n<li>Vitesse de chargement rapide pour am\u00e9liorer les performances du site Web<\/li>\n<li>Int\u00e9gration avec des plugins populaires comme WooCommerce et le formulaire de contact 7<\/li>\n<li>Traduction pr\u00eate avec la prise en charge de plusieurs langues<\/li>\n<li>\u00c9quipe de support d\u00e9di\u00e9e \u00e0 l&rsquo;aide et au d\u00e9pannage<\/li>\n<li>Mises \u00e0 jour r\u00e9guli\u00e8res et am\u00e9liorations pour les fonctionnalit\u00e9s et la s\u00e9curit\u00e9 continues<\/li>\n<\/ul>\n","protected":false},"excerpt":{"rendered":"<p>Le th\u00e8me WordPress du sch\u00e9ma MyTheMeshop est un th\u00e8me extr\u00eamement con\u00e7u et tr\u00e8s fonctionnel qui r\u00e9pond aux besoins des blogueurs et des entreprises avec une \u00e9l\u00e9gance in\u00e9gal\u00e9e. B\u00e9n\u00e9ficiant d&rsquo;une disposition vierge et contemporaine, ce th\u00e8me offre une exp\u00e9rience de navigation sans effort, facilitant les visiteurs en d\u00e9couvrant sans effort leur contenu souhait\u00e9. Notamment, ce th\u00e8me est m\u00e9ticuleusement optimis\u00e9 pour l&rsquo;optimisation des moteurs de recherche (SEO), garantissant une visibilit\u00e9 am\u00e9lior\u00e9e et une port\u00e9e plus large de votre contenu pr\u00e9cieux. De plus, ce th\u00e8me pr\u00e9sente une conception enti\u00e8rement r\u00e9active, garantissant une adaptabilit\u00e9 transparente sur divers appareils, tout en offrant une multitude d&rsquo;options de personnalisation, vous permettant de l&rsquo;adapter pr\u00e9cis\u00e9ment \u00e0 vos exigences uniques. Que vous aspirez \u00e0 initier un blog captivant ou que vous vous lancez dans une promotion commerciale ambitieuse, le th\u00e8me WordPress du sch\u00e9ma MyTheMeshop appara\u00eet comme le choix ultime, incarnant la polyvalence et l&rsquo;excellence.<\/p>\n","protected":false},"featured_media":144691,"comment_status":"open","ping_status":"open","template":"","meta":[],"product_brand":[2601],"product_cat":[1242,1212,1213],"product_tag":[1309],"class_list":{"0":"post-115629","1":"product","2":"type-product","3":"status-publish","4":"has-post-thumbnail","6":"product_brand-my-theme-shop","7":"product_cat-creatif","8":"product_cat-themes","9":"product_cat-wordpress-themes","10":"product_tag-my-theme-shop","11":"member-discount","12":"discount-restricted","14":"first","15":"instock","16":"sale","17":"downloadable","18":"virtual","19":"sold-individually","20":"purchasable","21":"product-type-simple"},"_links":{"self":[{"href":"https:\/\/gpl-love.com\/fr\/wp-json\/wp\/v2\/product\/115629","targetHints":{"allow":["GET"]}}],"collection":[{"href":"https:\/\/gpl-love.com\/fr\/wp-json\/wp\/v2\/product"}],"about":[{"href":"https:\/\/gpl-love.com\/fr\/wp-json\/wp\/v2\/types\/product"}],"replies":[{"embeddable":true,"href":"https:\/\/gpl-love.com\/fr\/wp-json\/wp\/v2\/comments?post=115629"}],"wp:featuredmedia":[{"embeddable":true,"href":"https:\/\/gpl-love.com\/fr\/wp-json\/wp\/v2\/media\/144691"}],"wp:attachment":[{"href":"https:\/\/gpl-love.com\/fr\/wp-json\/wp\/v2\/media?parent=115629"}],"wp:term":[{"taxonomy":"product_brand","embeddable":true,"href":"https:\/\/gpl-love.com\/fr\/wp-json\/wp\/v2\/product_brand?post=115629"},{"taxonomy":"product_cat","embeddable":true,"href":"https:\/\/gpl-love.com\/fr\/wp-json\/wp\/v2\/product_cat?post=115629"},{"taxonomy":"product_tag","embeddable":true,"href":"https:\/\/gpl-love.com\/fr\/wp-json\/wp\/v2\/product_tag?post=115629"}],"curies":[{"name":"wp","href":"https:\/\/api.w.org\/{rel}","templated":true}]}}