{"id":115627,"date":"2021-05-30T00:00:00","date_gmt":"2021-05-29T22:00:00","guid":{"rendered":"http:\/\/gpl-love.com\/fr\/produit\/mythemeshop-justfit-wordpress-theme\/"},"modified":"2026-04-10T18:32:57","modified_gmt":"2026-04-10T16:32:57","slug":"mythemeshop-justfit-wordpress-theme","status":"publish","type":"product","link":"https:\/\/gpl-love.com\/fr\/produit\/mythemeshop-justfit-wordpress-theme\/","title":{"rendered":"MyThemeShop JustFit WordPress Theme 2.2.5"},"content":{"rendered":"<h3>MyThemeShop JustFit WordPress Theme Traits<\/h3>\n<p>Si vous \u00eates un passionn\u00e9 de gymnase ou de fitness \u00e0 la recherche d&rsquo;un site Web exceptionnel, ne cherchez pas plus loin que le th\u00e8me WordPress JustFit de MyTheShop. Respoldit\u00e9 avec son design \u00e9l\u00e9gant et moderne, JustFit fournit un \u00e9ventail de fonctionnalit\u00e9s qui facilitent la personnalisation facile et la cr\u00e9ation d&rsquo;un site d&rsquo;aspect exceptionnellement professionnel. Avec son panneau d&rsquo;options de th\u00e8me puissant, ses dispositions de pages flexibles et sa myriade de widgets personnalis\u00e9s pour pr\u00e9senter votre contenu, ce th\u00e8me ne laisse aucune pierre non retourn\u00e9e. De plus, JustFit poss\u00e8de une r\u00e9activit\u00e9 compl\u00e8te, ce qui signifie que votre site Web sera tout aussi magnifique sur tous les appareils. De plus, JustFit s&rsquo;int\u00e8gre de mani\u00e8re transparente \u00e0 des plugins populaires tels que WooCommerce, Contact Form 7 et divers autres outils tiers convoit\u00e9s. Avec tous ces attributs remarquables, le th\u00e8me WordPress JustFit de MyTheShop englobe vraiment tout ce qui est essentiel pour fabriquer un site Web de fitness de premier ordre, garanti de laisser vos visiteurs en admiration.<\/p>\n<ul>\n<li>Design propre et moderne en mettant l&rsquo;accent sur la forme physique et la sant\u00e9<\/li>\n<li>Disposition enti\u00e8rement r\u00e9active qui a fi\u00e8re allure sur n&rsquo;importe quel appareil<\/li>\n<li>Plusieurs dispositions de page d&rsquo;accueil au choix<\/li>\n<li>Compatible avec les constructeurs de pages populaires comme Elementor et Beaver Builder<\/li>\n<li>Int\u00e9gr\u00e9 aux plugins de fitness et de sant\u00e9 populaires, tels que le tracker de poids et le tracker de r\u00e9gime<\/li>\n<li>Panneau d&rsquo;options avanc\u00e9 pour une personnalisation facile des couleurs, des polices et des dispositions<\/li>\n<li>SEO optimis\u00e9 pour un meilleur classement des moteurs de recherche<\/li>\n<li>Rapide et fiable avec du code optimis\u00e9 et une majoration propre<\/li>\n<li>Importation de d\u00e9monstration en un clic pour commencer rapidement avec des mod\u00e8les pr\u00e9d\u00e9finis<\/li>\n<li>\u00c9quipe d&rsquo;assistance d\u00e9di\u00e9e \u00e0 aider avec tout probl\u00e8me ou questions<\/li>\n<\/ul>\n","protected":false},"excerpt":{"rendered":"<p>Le th\u00e8me WordPress JustFit de MyTheMeshop r\u00e9pond aux besoins des blogueurs, des amateurs de fitness et des coachs de sant\u00e9 qui appr\u00e9cient une combinaison transparente de fonctionnalit\u00e9, de style et de facilit\u00e9 d&rsquo;utilisation. Son design \u00e9l\u00e9gant, sa disposition personnalisable et sa r\u00e9activit\u00e9 mobile fonctionnent harmonieusement pour vous permettre d&rsquo;\u00e9tablir une pr\u00e9sence virtuelle professionnelle et captivante qui met impeccablement votre contenu et vos services exceptionnels. B\u00e9n\u00e9ficiant d&rsquo;une pl\u00e9thore de fonctionnalit\u00e9s remarquables, comme un en-t\u00eate hautement personnalisable, des dispositions de page d&rsquo;accueil diverses et une large gamme de widgets personnalisables, JustFit offre une flexibilit\u00e9 et une polyvalence in\u00e9gal\u00e9es. De plus, son cadre est m\u00e9ticuleusement con\u00e7u pour la visibilit\u00e9 optimale du moteur de recherche, garantissant que votre pr\u00e9sence en ligne attire l&rsquo;attention et la reconnaissance qu&rsquo;elle m\u00e9rite \u00e0 juste titre. Pour am\u00e9liorer encore votre exp\u00e9rience, JustFit est soutenu par une \u00e9quipe d\u00e9di\u00e9e et comp\u00e9tente qui est toujours pr\u00eate \u00e0 vous fournir une assistance exceptionnelle. Si vos aspirations tournent autour d&rsquo;atteindre vos objectifs de forme physique et de sant\u00e9 gr\u00e2ce \u00e0 un th\u00e8me WordPress exceptionnel, ne cherchez pas plus loin, JustFit est sans aucun doute la quintessence d&rsquo;un choix id\u00e9al.<\/p>\n","protected":false},"featured_media":144667,"comment_status":"open","ping_status":"open","template":"","meta":[],"product_brand":[2601],"product_cat":[1242,1212,1213],"product_tag":[1309],"class_list":{"0":"post-115627","1":"product","2":"type-product","3":"status-publish","4":"has-post-thumbnail","6":"product_brand-my-theme-shop","7":"product_cat-creatif","8":"product_cat-themes","9":"product_cat-wordpress-themes","10":"product_tag-my-theme-shop","11":"member-discount","12":"discount-restricted","14":"first","15":"instock","16":"sale","17":"downloadable","18":"virtual","19":"sold-individually","20":"purchasable","21":"product-type-simple"},"_links":{"self":[{"href":"https:\/\/gpl-love.com\/fr\/wp-json\/wp\/v2\/product\/115627","targetHints":{"allow":["GET"]}}],"collection":[{"href":"https:\/\/gpl-love.com\/fr\/wp-json\/wp\/v2\/product"}],"about":[{"href":"https:\/\/gpl-love.com\/fr\/wp-json\/wp\/v2\/types\/product"}],"replies":[{"embeddable":true,"href":"https:\/\/gpl-love.com\/fr\/wp-json\/wp\/v2\/comments?post=115627"}],"wp:featuredmedia":[{"embeddable":true,"href":"https:\/\/gpl-love.com\/fr\/wp-json\/wp\/v2\/media\/144667"}],"wp:attachment":[{"href":"https:\/\/gpl-love.com\/fr\/wp-json\/wp\/v2\/media?parent=115627"}],"wp:term":[{"taxonomy":"product_brand","embeddable":true,"href":"https:\/\/gpl-love.com\/fr\/wp-json\/wp\/v2\/product_brand?post=115627"},{"taxonomy":"product_cat","embeddable":true,"href":"https:\/\/gpl-love.com\/fr\/wp-json\/wp\/v2\/product_cat?post=115627"},{"taxonomy":"product_tag","embeddable":true,"href":"https:\/\/gpl-love.com\/fr\/wp-json\/wp\/v2\/product_tag?post=115627"}],"curies":[{"name":"wp","href":"https:\/\/api.w.org\/{rel}","templated":true}]}}