{"id":115625,"date":"2021-06-20T00:00:00","date_gmt":"2021-06-19T22:00:00","guid":{"rendered":"http:\/\/gpl-love.com\/fr\/produit\/mythemeshop-corporate-wordpress-theme\/"},"modified":"2026-04-10T18:32:47","modified_gmt":"2026-04-10T16:32:47","slug":"mythemeshop-corporate-wordpress-theme","status":"publish","type":"product","link":"https:\/\/gpl-love.com\/fr\/produit\/mythemeshop-corporate-wordpress-theme\/","title":{"rendered":"MyThemeShop Corporate WordPress Theme 1.4.6"},"content":{"rendered":"<h3>MyThemeShop Corporate WordPress Theme Traits<\/h3>\n<p>Le th\u00e8me WordPress d&rsquo;entreprise MyTheShop est un th\u00e8me extr\u00eamement personnalisable et extr\u00eamement professionnel qui est absolument parfait pour les entreprises et les sites Web d&rsquo;entreprise. Il pr\u00e9sente sans effort un design extr\u00eamement \u00e9l\u00e9gant et ind\u00e9niablement moderne qui poss\u00e8de un \u00e9ventail d&rsquo;options de disposition diverses et une pl\u00e9thore de widgets personnalis\u00e9s int\u00e9gr\u00e9s. De plus, ce th\u00e8me est merveilleusement r\u00e9actif et merveilleusement optimis\u00e9 pour la vitesse, garantissant ainsi que votre site Web fonctionnera parfaitement sur tous les appareils imaginables. En outre, avec ses options de personnalisation incroyablement conviviales et sa documentation extr\u00eamement compl\u00e8te, MyTheMeshop Corporate \u00e9merge sans \u00e9quivoque comme le choix par excellence pour les entreprises de toutes tailles qui aspirent \u00e0 \u00e9laborer une pr\u00e9sence en ligne profond\u00e9ment professionnelle et irr\u00e9sistiblement captivante.<\/p>\n<ul>\n<li>Design professionnel et moderne adapt\u00e9 aux sites Web d&rsquo;entreprise<\/li>\n<li>Disposition enti\u00e8rement r\u00e9active qui s&rsquo;adapte \u00e0 n&rsquo;importe quelle taille d&rsquo;\u00e9cran<\/li>\n<li>Plusieurs options de disposition de page d&rsquo;accueil pour la personnalisation<\/li>\n<li>Panneau d&rsquo;options de th\u00e8me facile \u00e0 utiliser pour une personnalisation rapide<\/li>\n<li>Widgets personnalis\u00e9s et shortcodes pour des fonctionnalit\u00e9s suppl\u00e9mentaires<\/li>\n<li>SEO optimis\u00e9 pour un meilleur classement des moteurs de recherche<\/li>\n<li>Compatible avec des plugins populaires tels que WooCommerce et Contact Form 7<\/li>\n<li>Traduction pr\u00eate pour le public international<\/li>\n<li>Vitesses de chargement rapide pour une excellente exp\u00e9rience utilisateur<\/li>\n<li>\u00c9quipe de support d\u00e9di\u00e9e et documentation approfondie incluse.<\/li>\n<\/ul>\n","protected":false},"excerpt":{"rendered":"<p>En ce qui concerne les entreprises \u00e0 la recherche d&rsquo;une pr\u00e9sence en ligne sophistiqu\u00e9e, le th\u00e8me WordPress d&rsquo;entreprise de MyTheShop appara\u00eet comme la r\u00e9ponse ultime. Encloppant un design impeccablement \u00e9l\u00e9gant et contemporain, ce th\u00e8me pr\u00e9sente une gamme expansive d&rsquo;options de personnalisation, vous permettant de fa\u00e7onner de mani\u00e8re complets votre site Web pour vous aligner sur votre identit\u00e9 de marque unique. De plus, ce th\u00e8me int\u00e8gre de mani\u00e8re transparente une multitude de fonctionnalit\u00e9s indispensables, notamment une conception r\u00e9active, une optimisation d&rsquo;optimisation du moteur de recherche (SEO) et des codes de short int\u00e9gr\u00e9s. De plus, avec la fourniture d&rsquo;un support in\u00e9branlable et de mises \u00e0 jour coh\u00e9rentes, MyTheMeshop garantit que votre site Web restera perp\u00e9tuellement \u00e0 jour et fonctionnera de mani\u00e8re transparente.<\/p>\n","protected":false},"featured_media":144654,"comment_status":"open","ping_status":"open","template":"","meta":[],"product_brand":[2601],"product_cat":[1516,1212,1213],"product_tag":[1309],"class_list":{"0":"post-115625","1":"product","2":"type-product","3":"status-publish","4":"has-post-thumbnail","6":"product_brand-my-theme-shop","7":"product_cat-entreprise","8":"product_cat-themes","9":"product_cat-wordpress-themes","10":"product_tag-my-theme-shop","11":"member-discount","12":"discount-restricted","14":"first","15":"instock","16":"sale","17":"downloadable","18":"virtual","19":"sold-individually","20":"purchasable","21":"product-type-simple"},"_links":{"self":[{"href":"https:\/\/gpl-love.com\/fr\/wp-json\/wp\/v2\/product\/115625","targetHints":{"allow":["GET"]}}],"collection":[{"href":"https:\/\/gpl-love.com\/fr\/wp-json\/wp\/v2\/product"}],"about":[{"href":"https:\/\/gpl-love.com\/fr\/wp-json\/wp\/v2\/types\/product"}],"replies":[{"embeddable":true,"href":"https:\/\/gpl-love.com\/fr\/wp-json\/wp\/v2\/comments?post=115625"}],"wp:featuredmedia":[{"embeddable":true,"href":"https:\/\/gpl-love.com\/fr\/wp-json\/wp\/v2\/media\/144654"}],"wp:attachment":[{"href":"https:\/\/gpl-love.com\/fr\/wp-json\/wp\/v2\/media?parent=115625"}],"wp:term":[{"taxonomy":"product_brand","embeddable":true,"href":"https:\/\/gpl-love.com\/fr\/wp-json\/wp\/v2\/product_brand?post=115625"},{"taxonomy":"product_cat","embeddable":true,"href":"https:\/\/gpl-love.com\/fr\/wp-json\/wp\/v2\/product_cat?post=115625"},{"taxonomy":"product_tag","embeddable":true,"href":"https:\/\/gpl-love.com\/fr\/wp-json\/wp\/v2\/product_tag?post=115625"}],"curies":[{"name":"wp","href":"https:\/\/api.w.org\/{rel}","templated":true}]}}