{"id":115623,"date":"2021-02-09T00:00:00","date_gmt":"2021-02-08T23:00:00","guid":{"rendered":"http:\/\/gpl-love.com\/fr\/produit\/mythemeshop-cool-wordpress-theme\/"},"modified":"2026-04-10T18:32:46","modified_gmt":"2026-04-10T16:32:46","slug":"mythemeshop-cool-wordpress-theme","status":"publish","type":"product","link":"https:\/\/gpl-love.com\/fr\/produit\/mythemeshop-cool-wordpress-theme\/","title":{"rendered":"MyThemeShop Cool WordPress Theme 1.1.5"},"content":{"rendered":"<h3>MyThemeShop Cool WordPress Theme Traits<\/h3>\n<p>Le th\u00e8me WordPress mythemeshop cool, avec sa pl\u00e9thore de widgets personnalisables et de mod\u00e8les de page, est une solution id\u00e9ale pour les personnes cherchant \u00e0 construire un site Web visuellement captivant et remarquablement fonctionnel. Non seulement ce th\u00e8me poss\u00e8de un large \u00e9ventail de fonctionnalit\u00e9s, mais il offre \u00e9galement des options de personnalisation faciles, permettant aux utilisateurs de personnaliser leurs sites sans effort. De plus, la r\u00e9activit\u00e9 compl\u00e8te du th\u00e8me garantit que votre site Web appara\u00eetra splendide sur tout appareil \u00e0 partir de laquelle il est accessible. En plus de cela, le th\u00e8me WordPress cool mytheShop est m\u00e9ticuleusement optimis\u00e9 pour la rapidit\u00e9 et le r\u00e9f\u00e9rencement, facilitant les temps de chargement rapides et les classements \u00e9lev\u00e9s dans les r\u00e9sultats du moteur de recherche. Que vous soyez un blogueur, un propri\u00e9taire d&rsquo;entreprise ou simplement quelqu&rsquo;un qui d\u00e9sire organiser un site Web exquis, soyez assur\u00e9 que le th\u00e8me WordPress mythemeshop cool fournit tous les outils et ressources n\u00e9cessaires pour vous lancer dans votre parcours en ligne.<\/p>\n<ul>\n<li>Un design \u00e9l\u00e9gant et moderne enti\u00e8rement personnalisable<\/li>\n<li>Mobile amical avec une disposition r\u00e9active<\/li>\n<li>Optimis\u00e9 pour les temps de chargement rapide<\/li>\n<li>Optimisation de SEO int\u00e9gr\u00e9e<\/li>\n<li>Plusieurs sch\u00e9mas de couleurs au choix<\/li>\n<li>Compatibilit\u00e9 avec les plugins WordPress populaires<\/li>\n<li>Widgets personnalis\u00e9s int\u00e9gr\u00e9s<\/li>\n<li>Facile \u00e0 utiliser et \u00e0 personnaliser via le panneau d&rsquo;options intuitifs<\/li>\n<li>Documentation et soutien compl\u00e8tes<\/li>\n<li>Mises \u00e0 jour r\u00e9guli\u00e8res et am\u00e9liorations<\/li>\n<li>Prix \u200b\u200babordables avec une option d&rsquo;achat unique<\/li>\n<\/ul>\n","protected":false},"excerpt":{"rendered":"<p>MytheMeshop Cool, un th\u00e8me WordPress premium, pr\u00e9sente un design exquis et contemporain, le rendant id\u00e9al pour divers genres de sites Web. Il englobe un large \u00e9ventail de fonctionnalit\u00e9s personnalisables, telles qu&rsquo;une palette de couleurs illimit\u00e9e, une s\u00e9lection de polices, un syst\u00e8me d&rsquo;examen int\u00e9gr\u00e9 et des capacit\u00e9s de gestion des annonces. Ce th\u00e8me se targue de sa r\u00e9activit\u00e9 compl\u00e8te, garantissant un attrait visuel impeccable sur tous les appareils. De plus, il int\u00e8gre un constructeur de page d&rsquo;accueil de glisser-d\u00e9poser et de tomber, permettant une cr\u00e9ation sans effort de dispositions distinctives. Avec ses fonctionnalit\u00e9s remarquables et son interface conviviale, MytheMeshop Cool appara\u00eet comme le choix ultime pour ceux qui cherchent \u00e0 cr\u00e9er un site Web extraordinaire WordPress.<\/p>\n","protected":false},"featured_media":144653,"comment_status":"open","ping_status":"open","template":"","meta":[],"product_brand":[2601],"product_cat":[1242,1212,1213],"product_tag":[1309],"class_list":{"0":"post-115623","1":"product","2":"type-product","3":"status-publish","4":"has-post-thumbnail","6":"product_brand-my-theme-shop","7":"product_cat-creatif","8":"product_cat-themes","9":"product_cat-wordpress-themes","10":"product_tag-my-theme-shop","11":"member-discount","12":"discount-restricted","14":"first","15":"instock","16":"sale","17":"downloadable","18":"virtual","19":"sold-individually","20":"purchasable","21":"product-type-simple"},"_links":{"self":[{"href":"https:\/\/gpl-love.com\/fr\/wp-json\/wp\/v2\/product\/115623","targetHints":{"allow":["GET"]}}],"collection":[{"href":"https:\/\/gpl-love.com\/fr\/wp-json\/wp\/v2\/product"}],"about":[{"href":"https:\/\/gpl-love.com\/fr\/wp-json\/wp\/v2\/types\/product"}],"replies":[{"embeddable":true,"href":"https:\/\/gpl-love.com\/fr\/wp-json\/wp\/v2\/comments?post=115623"}],"wp:featuredmedia":[{"embeddable":true,"href":"https:\/\/gpl-love.com\/fr\/wp-json\/wp\/v2\/media\/144653"}],"wp:attachment":[{"href":"https:\/\/gpl-love.com\/fr\/wp-json\/wp\/v2\/media?parent=115623"}],"wp:term":[{"taxonomy":"product_brand","embeddable":true,"href":"https:\/\/gpl-love.com\/fr\/wp-json\/wp\/v2\/product_brand?post=115623"},{"taxonomy":"product_cat","embeddable":true,"href":"https:\/\/gpl-love.com\/fr\/wp-json\/wp\/v2\/product_cat?post=115623"},{"taxonomy":"product_tag","embeddable":true,"href":"https:\/\/gpl-love.com\/fr\/wp-json\/wp\/v2\/product_tag?post=115623"}],"curies":[{"name":"wp","href":"https:\/\/api.w.org\/{rel}","templated":true}]}}